{"id":27848,"date":"2024-02-05T17:56:31","date_gmt":"2024-02-05T16:56:31","guid":{"rendered":"https:\/\/tbr.dental\/mecanizado-chairside-index-one\/"},"modified":"2025-02-10T20:51:10","modified_gmt":"2025-02-10T19:51:10","slug":"mecanizado-chairside-index-one","status":"publish","type":"page","link":"https:\/\/tbr.dental\/es\/mecanizado-chairside-index-one\/","title":{"rendered":"Mecanizado Chairside Index One"},"content":{"rendered":"\t\t<div data-elementor-type=\"wp-page\" data-elementor-id=\"27848\" class=\"elementor elementor-27848 elementor-1093\" data-elementor-settings=\"{&quot;ha_cmc_init_switcher&quot;:&quot;no&quot;}\" data-elementor-post-type=\"page\">\n\t\t\t\t\t\t<section class=\"elementor-section elementor-top-section elementor-element elementor-element-0de161e elementor-section-height-min-height elementor-section-boxed elementor-section-height-default elementor-section-items-middle\" data-id=\"0de161e\" data-element_type=\"section\" data-settings=\"{&quot;jet_parallax_layout_list&quot;:[],&quot;background_background&quot;:&quot;classic&quot;,&quot;_ha_eqh_enable&quot;:false}\">\n\t\t\t\t\t\t<div class=\"elementor-container elementor-column-gap-default\">\n\t\t\t\t\t<div class=\"elementor-column elementor-col-100 elementor-top-column elementor-element elementor-element-5258ff1\" data-id=\"5258ff1\" data-element_type=\"column\">\n\t\t\t<div class=\"elementor-widget-wrap elementor-element-populated\">\n\t\t\t\t\t\t<section class=\"elementor-section elementor-inner-section elementor-element elementor-element-1399269 elementor-section-boxed elementor-section-height-default elementor-section-height-default\" data-id=\"1399269\" data-element_type=\"section\" data-settings=\"{&quot;jet_parallax_layout_list&quot;:[],&quot;_ha_eqh_enable&quot;:false}\">\n\t\t\t\t\t\t<div class=\"elementor-container elementor-column-gap-default\">\n\t\t\t\t\t<div class=\"elementor-column elementor-col-100 elementor-inner-column elementor-element elementor-element-024b8c8\" data-id=\"024b8c8\" data-element_type=\"column\">\n\t\t\t<div class=\"elementor-widget-wrap elementor-element-populated\">\n\t\t\t\t\t\t<div class=\"elementor-element elementor-element-de68e75 elementor-widget elementor-widget-jet-animated-text\" data-id=\"de68e75\" data-element_type=\"widget\" data-settings=\"{&quot;ekit_we_effect_on&quot;:&quot;none&quot;}\" data-widget_type=\"jet-animated-text.default\">\n\t\t\t\t<div class=\"elementor-widget-container\">\n\t\t\t\t\t<div class=\"elementor-jet-animated-text jet-elements\">\n<div class=\"jet-animated-text jet-animated-text--effect-fx6\" data-settings='{&quot;effect&quot;:&quot;fx6&quot;,&quot;delay&quot;:3000}'>\n\t<div class=\"jet-animated-text__before-text\">\n\t<span>Index<\/span>&nbsp;<\/div>\n\t<div class=\"jet-animated-text__animated-text\">\n<div class=\"jet-animated-text__animated-text-item active visible\" dir=\"ltr\">\n\t<span>O<\/span><span>n<\/span><span>e<\/span><\/div>\n<\/div>\t<\/div><\/div>\t\t\t\t<\/div>\n\t\t\t\t<\/div>\n\t\t\t\t<div class=\"elementor-element elementor-element-a23b33e elementor-widget elementor-widget-heading\" data-id=\"a23b33e\" data-element_type=\"widget\" data-settings=\"{&quot;ekit_we_effect_on&quot;:&quot;none&quot;}\" data-widget_type=\"heading.default\">\n\t\t\t\t<div class=\"elementor-widget-container\">\n\t\t\t\t\t<h3 class=\"elementor-heading-title elementor-size-default\">La soluci\u00f3n sencilla e inteligente para el sill\u00f3n<\/h3>\t\t\t\t<\/div>\n\t\t\t\t<\/div>\n\t\t\t\t\t<\/div>\n\t\t<\/div>\n\t\t\t\t\t<\/div>\n\t\t<\/section>\n\t\t\t\t\t<\/div>\n\t\t<\/div>\n\t\t\t\t\t<\/div>\n\t\t<\/section>\n\t\t\t\t<section class=\"elementor-section elementor-top-section elementor-element elementor-element-3f3cf90 elementor-section-boxed elementor-section-height-default elementor-section-height-default\" data-id=\"3f3cf90\" data-element_type=\"section\" data-settings=\"{&quot;jet_parallax_layout_list&quot;:[],&quot;_ha_eqh_enable&quot;:false}\">\n\t\t\t\t\t\t<div class=\"elementor-container elementor-column-gap-default\">\n\t\t\t\t\t<div class=\"elementor-column elementor-col-100 elementor-top-column elementor-element elementor-element-76dcccb\" data-id=\"76dcccb\" data-element_type=\"column\">\n\t\t\t<div class=\"elementor-widget-wrap elementor-element-populated\">\n\t\t\t\t\t\t<section class=\"elementor-section elementor-inner-section elementor-element elementor-element-f3369b7 elementor-section-boxed elementor-section-height-default elementor-section-height-default\" data-id=\"f3369b7\" data-element_type=\"section\" data-settings=\"{&quot;jet_parallax_layout_list&quot;:[],&quot;_ha_eqh_enable&quot;:false}\">\n\t\t\t\t\t\t<div class=\"elementor-container elementor-column-gap-extended\">\n\t\t\t\t\t<div class=\"elementor-column elementor-col-50 elementor-inner-column elementor-element elementor-element-765967e\" data-id=\"765967e\" data-element_type=\"column\">\n\t\t\t<div class=\"elementor-widget-wrap elementor-element-populated\">\n\t\t\t\t\t\t<div class=\"elementor-element elementor-element-928ee42 elementor-widget elementor-widget-text-editor\" data-id=\"928ee42\" data-element_type=\"widget\" data-settings=\"{&quot;ekit_we_effect_on&quot;:&quot;none&quot;}\" data-widget_type=\"text-editor.default\">\n\t\t\t\t<div class=\"elementor-widget-container\">\n\t\t\t\t\t\t\t\t\t<p>El centro de mecanizado Index One es ideal para procesar todos los bloques CAD\/CAM del mercado actual, hasta un tama\u00f1o m\u00e1ximo de bloque de 65 mm x 40 mm x 20 mm. La construcci\u00f3n de aluminio fundido de alta calidad de la m\u00e1quina garantiza una gran estabilidad. El manejo de la m\u00e1quina es intuitivo gracias a la gran pantalla t\u00e1ctil y a su PC integrado de alto rendimiento; no se requiere ning\u00fan sistema inform\u00e1tico adicional. El soporte de bloque triple y las 6 posiciones de herramienta garantizan un mecanizado r\u00e1pido, seguro y rentable con resultados de m\u00e1xima calidad.<\/p>\n\t\t\t\t\t\t\t\t<\/div>\n\t\t\t\t<\/div>\n\t\t\t\t<div class=\"elementor-element elementor-element-a797e84 elementor-widget elementor-widget-ha-creative-button happy-addon ha-creative-button\" data-id=\"a797e84\" data-element_type=\"widget\" data-settings=\"{&quot;ekit_we_effect_on&quot;:&quot;none&quot;}\" data-widget_type=\"ha-creative-button.default\">\n\t\t\t\t<div class=\"elementor-widget-container\">\n\t\t\t\t\t\t\t<div data-magnetic=\"no\" class=\"ha-creative-btn-wrap\">\n\t\t\t<a class=\"ha-creative-btn ha-stl--estilo ha-eft--dissolve\" href=\"#elementor-action%3Aaction%3Dpopup%3Aopen%26settings%3DeyJpZCI6IjE2OTM0IiwidG9nZ2xlIjpmYWxzZX0%3D\" rel=\"nofollow\">Descubrir<\/a>\n\t\t<\/div>\t\t\t\t<\/div>\n\t\t\t\t<\/div>\n\t\t\t\t\t<\/div>\n\t\t<\/div>\n\t\t\t\t<div class=\"elementor-column elementor-col-50 elementor-inner-column elementor-element elementor-element-e3c6e40\" data-id=\"e3c6e40\" data-element_type=\"column\">\n\t\t\t<div class=\"elementor-widget-wrap elementor-element-populated\">\n\t\t\t\t\t\t<div class=\"elementor-element elementor-element-84b8b96 elementor-widget elementor-widget-image\" data-id=\"84b8b96\" data-element_type=\"widget\" data-settings=\"{&quot;ekit_we_effect_on&quot;:&quot;none&quot;}\" data-widget_type=\"image.default\">\n\t\t\t\t<div class=\"elementor-widget-container\">\n\t\t\t\t\t\t\t\t\t\t\t\t\t\t\t<img fetchpriority=\"high\" decoding=\"async\" width=\"912\" height=\"1024\" src=\"https:\/\/tbr.dental\/wp-content\/uploads\/2022\/06\/TBRDental_Index-One-912x1024.png\" class=\"attachment-large size-large wp-image-5695\" alt=\"\" srcset=\"https:\/\/tbr.dental\/wp-content\/uploads\/2022\/06\/TBRDental_Index-One-912x1024.png 912w, https:\/\/tbr.dental\/wp-content\/uploads\/2022\/06\/TBRDental_Index-One-600x674.png 600w, https:\/\/tbr.dental\/wp-content\/uploads\/2022\/06\/TBRDental_Index-One-267x300.png 267w, https:\/\/tbr.dental\/wp-content\/uploads\/2022\/06\/TBRDental_Index-One-134x150.png 134w, https:\/\/tbr.dental\/wp-content\/uploads\/2022\/06\/TBRDental_Index-One-768x862.png 768w, https:\/\/tbr.dental\/wp-content\/uploads\/2022\/06\/TBRDental_Index-One-5x5.png 5w, https:\/\/tbr.dental\/wp-content\/uploads\/2022\/06\/TBRDental_Index-One.png 1363w\" sizes=\"(max-width: 912px) 100vw, 912px\" \/>\t\t\t\t\t\t\t\t\t\t\t\t\t\t\t<\/div>\n\t\t\t\t<\/div>\n\t\t\t\t\t<\/div>\n\t\t<\/div>\n\t\t\t\t\t<\/div>\n\t\t<\/section>\n\t\t\t\t\t<\/div>\n\t\t<\/div>\n\t\t\t\t\t<\/div>\n\t\t<\/section>\n\t\t\t\t<section class=\"elementor-section elementor-top-section elementor-element elementor-element-9ebd919 elementor-section-height-min-height elementor-section-boxed elementor-section-height-default elementor-section-items-middle\" data-id=\"9ebd919\" data-element_type=\"section\" data-settings=\"{&quot;jet_parallax_layout_list&quot;:[],&quot;background_background&quot;:&quot;classic&quot;,&quot;_ha_eqh_enable&quot;:false}\">\n\t\t\t\t\t\t<div class=\"elementor-container elementor-column-gap-default\">\n\t\t\t\t\t<div class=\"elementor-column elementor-col-100 elementor-top-column elementor-element elementor-element-5117fd4\" data-id=\"5117fd4\" data-element_type=\"column\">\n\t\t\t<div class=\"elementor-widget-wrap elementor-element-populated\">\n\t\t\t\t\t\t<section class=\"elementor-section elementor-inner-section elementor-element elementor-element-350147f elementor-section-boxed elementor-section-height-default elementor-section-height-default\" data-id=\"350147f\" data-element_type=\"section\" data-settings=\"{&quot;jet_parallax_layout_list&quot;:[],&quot;_ha_eqh_enable&quot;:false}\">\n\t\t\t\t\t\t<div class=\"elementor-container elementor-column-gap-default\">\n\t\t\t\t\t<div class=\"elementor-column elementor-col-100 elementor-inner-column elementor-element elementor-element-662d880\" data-id=\"662d880\" data-element_type=\"column\">\n\t\t\t<div class=\"elementor-widget-wrap elementor-element-populated\">\n\t\t\t\t\t\t<div class=\"elementor-element elementor-element-8175a7f elementor-widget elementor-widget-heading\" data-id=\"8175a7f\" data-element_type=\"widget\" data-settings=\"{&quot;ekit_we_effect_on&quot;:&quot;none&quot;}\" data-widget_type=\"heading.default\">\n\t\t\t\t<div class=\"elementor-widget-container\">\n\t\t\t\t\t<h3 class=\"elementor-heading-title elementor-size-default\">Index One : El centro de mecanizado todo en uno<\/h3>\t\t\t\t<\/div>\n\t\t\t\t<\/div>\n\t\t\t\t\t<\/div>\n\t\t<\/div>\n\t\t\t\t\t<\/div>\n\t\t<\/section>\n\t\t\t\t\t<\/div>\n\t\t<\/div>\n\t\t\t\t\t<\/div>\n\t\t<\/section>\n\t\t\t\t<section class=\"elementor-section elementor-top-section elementor-element elementor-element-aabe7e0 elementor-section-boxed elementor-section-height-default elementor-section-height-default\" data-id=\"aabe7e0\" data-element_type=\"section\" data-settings=\"{&quot;jet_parallax_layout_list&quot;:[],&quot;_ha_eqh_enable&quot;:false}\">\n\t\t\t\t\t\t<div class=\"elementor-container elementor-column-gap-default\">\n\t\t\t\t\t<div class=\"elementor-column elementor-col-100 elementor-top-column elementor-element elementor-element-f8b2d10\" data-id=\"f8b2d10\" data-element_type=\"column\">\n\t\t\t<div class=\"elementor-widget-wrap elementor-element-populated\">\n\t\t\t\t\t\t<section class=\"elementor-section elementor-inner-section elementor-element elementor-element-2ef51ef elementor-section-boxed elementor-section-height-default elementor-section-height-default\" data-id=\"2ef51ef\" data-element_type=\"section\" data-settings=\"{&quot;jet_parallax_layout_list&quot;:[],&quot;_ha_eqh_enable&quot;:false}\">\n\t\t\t\t\t\t<div class=\"elementor-container elementor-column-gap-extended\">\n\t\t\t\t\t<div class=\"elementor-column elementor-col-50 elementor-inner-column elementor-element elementor-element-97672a6\" data-id=\"97672a6\" data-element_type=\"column\">\n\t\t\t<div class=\"elementor-widget-wrap elementor-element-populated\">\n\t\t\t\t\t\t<div class=\"elementor-element elementor-element-321ba60 elementor-icon-list--layout-traditional elementor-list-item-link-full_width elementor-widget elementor-widget-icon-list\" data-id=\"321ba60\" data-element_type=\"widget\" data-settings=\"{&quot;ekit_we_effect_on&quot;:&quot;none&quot;}\" data-widget_type=\"icon-list.default\">\n\t\t\t\t<div class=\"elementor-widget-container\">\n\t\t\t\t\t\t\t<ul class=\"elementor-icon-list-items\">\n\t\t\t\t\t\t\t<li class=\"elementor-icon-list-item\">\n\t\t\t\t\t\t\t\t\t\t\t<span class=\"elementor-icon-list-icon\">\n\t\t\t\t\t\t\t<i aria-hidden=\"true\" class=\"fas fa-check\"><\/i>\t\t\t\t\t\t<\/span>\n\t\t\t\t\t\t\t\t\t\t<span class=\"elementor-icon-list-text\">Nuevo tipo de chasis monobloque cerrado de fundici\u00f3n<\/span>\n\t\t\t\t\t\t\t\t\t<\/li>\n\t\t\t\t\t\t\t\t<li class=\"elementor-icon-list-item\">\n\t\t\t\t\t\t\t\t\t\t\t<span class=\"elementor-icon-list-icon\">\n\t\t\t\t\t\t\t<i aria-hidden=\"true\" class=\"fas fa-check\"><\/i>\t\t\t\t\t\t<\/span>\n\t\t\t\t\t\t\t\t\t\t<span class=\"elementor-icon-list-text\">Funcionamiento autom\u00e1tico sin necesidad de suministro externo de aire comprimido<\/span>\n\t\t\t\t\t\t\t\t\t<\/li>\n\t\t\t\t\t\t\t\t<li class=\"elementor-icon-list-item\">\n\t\t\t\t\t\t\t\t\t\t\t<span class=\"elementor-icon-list-icon\">\n\t\t\t\t\t\t\t<i aria-hidden=\"true\" class=\"fas fa-check\"><\/i>\t\t\t\t\t\t<\/span>\n\t\t\t\t\t\t\t\t\t\t<span class=\"elementor-icon-list-text\">Optimizado para un flujo de trabajo CAD\/CAM integrado, tiempos de mecanizado muy r\u00e1pidos<\/span>\n\t\t\t\t\t\t\t\t\t<\/li>\n\t\t\t\t\t\t\t\t<li class=\"elementor-icon-list-item\">\n\t\t\t\t\t\t\t\t\t\t\t<span class=\"elementor-icon-list-icon\">\n\t\t\t\t\t\t\t<i aria-hidden=\"true\" class=\"fas fa-check\"><\/i>\t\t\t\t\t\t<\/span>\n\t\t\t\t\t\t\t\t\t\t<span class=\"elementor-icon-list-text\">Relaci\u00f3n calidad-precio excepcional<\/span>\n\t\t\t\t\t\t\t\t\t<\/li>\n\t\t\t\t\t\t\t\t<li class=\"elementor-icon-list-item\">\n\t\t\t\t\t\t\t\t\t\t\t<span class=\"elementor-icon-list-icon\">\n\t\t\t\t\t\t\t<i aria-hidden=\"true\" class=\"fas fa-check\"><\/i>\t\t\t\t\t\t<\/span>\n\t\t\t\t\t\t\t\t\t\t<span class=\"elementor-icon-list-text\">Ocupa poco espacio<\/span>\n\t\t\t\t\t\t\t\t\t<\/li>\n\t\t\t\t\t\t\t\t<li class=\"elementor-icon-list-item\">\n\t\t\t\t\t\t\t\t\t\t\t<span class=\"elementor-icon-list-icon\">\n\t\t\t\t\t\t\t<i aria-hidden=\"true\" class=\"fas fa-check\"><\/i>\t\t\t\t\t\t<\/span>\n\t\t\t\t\t\t\t\t\t\t<span class=\"elementor-icon-list-text\">Alta precisi\u00f3n gracias a la compensaci\u00f3n de temperatura integrada<\/span>\n\t\t\t\t\t\t\t\t\t<\/li>\n\t\t\t\t\t\t\t\t<li class=\"elementor-icon-list-item\">\n\t\t\t\t\t\t\t\t\t\t\t<span class=\"elementor-icon-list-icon\">\n\t\t\t\t\t\t\t<i aria-hidden=\"true\" class=\"fas fa-check\"><\/i>\t\t\t\t\t\t<\/span>\n\t\t\t\t\t\t\t\t\t\t<span class=\"elementor-icon-list-text\">Mecanizado de todos los materiales de bloque actuales<\/span>\n\t\t\t\t\t\t\t\t\t<\/li>\n\t\t\t\t\t\t\t\t<li class=\"elementor-icon-list-item\">\n\t\t\t\t\t\t\t\t\t\t\t<span class=\"elementor-icon-list-icon\">\n\t\t\t\t\t\t\t<i aria-hidden=\"true\" class=\"fas fa-check\"><\/i>\t\t\t\t\t\t<\/span>\n\t\t\t\t\t\t\t\t\t\t<span class=\"elementor-icon-list-text\">Soporte multiadaptador para hasta 3 bloques, bloque m\u00e1ximo 65 x 40 x 20 mm (con soporte en L opcional)<\/span>\n\t\t\t\t\t\t\t\t\t<\/li>\n\t\t\t\t\t\t<\/ul>\n\t\t\t\t\t\t<\/div>\n\t\t\t\t<\/div>\n\t\t\t\t<div class=\"elementor-element elementor-element-8a4a13e elementor-widget elementor-widget-ha-creative-button happy-addon ha-creative-button\" data-id=\"8a4a13e\" data-element_type=\"widget\" data-settings=\"{&quot;ekit_we_effect_on&quot;:&quot;none&quot;}\" data-widget_type=\"ha-creative-button.default\">\n\t\t\t\t<div class=\"elementor-widget-container\">\n\t\t\t\t\t\t\t<div data-magnetic=\"no\" class=\"ha-creative-btn-wrap\">\n\t\t\t<a class=\"ha-creative-btn ha-stl--estilo ha-eft--dissolve\" href=\"#elementor-action%3Aaction%3Dpopup%3Aopen%26settings%3DeyJpZCI6IjE2OTM0IiwidG9nZ2xlIjpmYWxzZX0%3D\" rel=\"nofollow\">Descubrir<\/a>\n\t\t<\/div>\t\t\t\t<\/div>\n\t\t\t\t<\/div>\n\t\t\t\t\t<\/div>\n\t\t<\/div>\n\t\t\t\t<div class=\"elementor-column elementor-col-50 elementor-inner-column elementor-element elementor-element-a389d2e\" data-id=\"a389d2e\" data-element_type=\"column\">\n\t\t\t<div class=\"elementor-widget-wrap elementor-element-populated\">\n\t\t\t\t\t\t<div class=\"elementor-element elementor-element-05b97f1 elementor-widget elementor-widget-image\" data-id=\"05b97f1\" data-element_type=\"widget\" data-settings=\"{&quot;ekit_we_effect_on&quot;:&quot;none&quot;}\" data-widget_type=\"image.default\">\n\t\t\t\t<div class=\"elementor-widget-container\">\n\t\t\t\t\t\t\t\t\t\t\t\t\t\t\t<img decoding=\"async\" width=\"782\" height=\"709\" src=\"https:\/\/tbr.dental\/wp-content\/uploads\/2022\/06\/TBRDental_IndexOne-Interieur.jpeg\" class=\"attachment-large size-large wp-image-5697\" alt=\"\" srcset=\"https:\/\/tbr.dental\/wp-content\/uploads\/2022\/06\/TBRDental_IndexOne-Interieur.jpeg 782w, https:\/\/tbr.dental\/wp-content\/uploads\/2022\/06\/TBRDental_IndexOne-Interieur-600x544.jpeg 600w, https:\/\/tbr.dental\/wp-content\/uploads\/2022\/06\/TBRDental_IndexOne-Interieur-300x272.jpeg 300w, https:\/\/tbr.dental\/wp-content\/uploads\/2022\/06\/TBRDental_IndexOne-Interieur-150x136.jpeg 150w, https:\/\/tbr.dental\/wp-content\/uploads\/2022\/06\/TBRDental_IndexOne-Interieur-768x696.jpeg 768w, https:\/\/tbr.dental\/wp-content\/uploads\/2022\/06\/TBRDental_IndexOne-Interieur-5x5.jpeg 5w\" sizes=\"(max-width: 782px) 100vw, 782px\" \/>\t\t\t\t\t\t\t\t\t\t\t\t\t\t\t<\/div>\n\t\t\t\t<\/div>\n\t\t\t\t\t<\/div>\n\t\t<\/div>\n\t\t\t\t\t<\/div>\n\t\t<\/section>\n\t\t\t\t\t<\/div>\n\t\t<\/div>\n\t\t\t\t\t<\/div>\n\t\t<\/section>\n\t\t\t\t<\/div>\n\t\t","protected":false},"excerpt":{"rendered":"<p>Index&nbsp; One La soluci\u00f3n sencilla e inteligente para el sill\u00f3n El centro de mecanizado Index One es ideal para procesar todos los bloques CAD\/CAM del mercado actual, hasta un tama\u00f1o m\u00e1ximo de bloque de 65 mm x 40 mm x 20 mm. La construcci\u00f3n de aluminio fundido de alta calidad de la m\u00e1quina garantiza una [&hellip;]<\/p>\n","protected":false},"author":1,"featured_media":0,"parent":0,"menu_order":0,"comment_status":"closed","ping_status":"closed","template":"elementor_header_footer","meta":{"_acf_changed":false,"footnotes":""},"class_list":["post-27848","page","type-page","status-publish","hentry"],"acf":[],"yoast_head":"<!-- This site is optimized with the Yoast SEO plugin v26.5 - https:\/\/yoast.com\/wordpress\/plugins\/seo\/ -->\n<title>Mecanizado Chairside Index One - TBR Dental<\/title>\n<meta name=\"description\" content=\"El centro de mecanizado Index One es ideal para procesar todos los bloques CAD\/CAM del mercado actual, hasta un tama\u00f1o m\u00e1ximo de bloque de 65 mm x 40 mm x 20 mm\" \/>\n<meta name=\"robots\" content=\"index, follow, max-snippet:-1, max-image-preview:large, max-video-preview:-1\" \/>\n<link rel=\"canonical\" href=\"https:\/\/tbr.dental\/es\/mecanizado-chairside-index-one\/\" \/>\n<meta property=\"og:locale\" content=\"es_ES\" \/>\n<meta property=\"og:type\" content=\"article\" \/>\n<meta property=\"og:title\" content=\"Mecanizado Chairside Index One - TBR Dental\" \/>\n<meta property=\"og:description\" content=\"El centro de mecanizado Index One es ideal para procesar todos los bloques CAD\/CAM del mercado actual, hasta un tama\u00f1o m\u00e1ximo de bloque de 65 mm x 40 mm x 20 mm\" \/>\n<meta property=\"og:url\" content=\"https:\/\/tbr.dental\/es\/mecanizado-chairside-index-one\/\" \/>\n<meta property=\"og:site_name\" content=\"TBR Dental\" \/>\n<meta property=\"article:modified_time\" content=\"2025-02-10T19:51:10+00:00\" \/>\n<meta property=\"og:image\" content=\"http:\/\/tbr.dental\/wp-content\/uploads\/2022\/06\/TBRDental_Index-One-912x1024.png\" \/>\n<meta name=\"twitter:card\" content=\"summary_large_image\" \/>\n<meta name=\"twitter:label1\" content=\"Tiempo de lectura\" \/>\n\t<meta name=\"twitter:data1\" content=\"2 minutos\" \/>\n<script type=\"application\/ld+json\" class=\"yoast-schema-graph\">{\"@context\":\"https:\/\/schema.org\",\"@graph\":[{\"@type\":\"WebPage\",\"@id\":\"https:\/\/tbr.dental\/es\/mecanizado-chairside-index-one\/\",\"url\":\"https:\/\/tbr.dental\/es\/mecanizado-chairside-index-one\/\",\"name\":\"Mecanizado Chairside Index One - TBR Dental\",\"isPartOf\":{\"@id\":\"http:\/\/tbr.dental\/en\/#website\"},\"primaryImageOfPage\":{\"@id\":\"https:\/\/tbr.dental\/es\/mecanizado-chairside-index-one\/#primaryimage\"},\"image\":{\"@id\":\"https:\/\/tbr.dental\/es\/mecanizado-chairside-index-one\/#primaryimage\"},\"thumbnailUrl\":\"http:\/\/tbr.dental\/wp-content\/uploads\/2022\/06\/TBRDental_Index-One-912x1024.png\",\"datePublished\":\"2024-02-05T16:56:31+00:00\",\"dateModified\":\"2025-02-10T19:51:10+00:00\",\"description\":\"El centro de mecanizado Index One es ideal para procesar todos los bloques CAD\/CAM del mercado actual, hasta un tama\u00f1o m\u00e1ximo de bloque de 65 mm x 40 mm x 20 mm\",\"breadcrumb\":{\"@id\":\"https:\/\/tbr.dental\/es\/mecanizado-chairside-index-one\/#breadcrumb\"},\"inLanguage\":\"es\",\"potentialAction\":[{\"@type\":\"ReadAction\",\"target\":[\"https:\/\/tbr.dental\/es\/mecanizado-chairside-index-one\/\"]}]},{\"@type\":\"ImageObject\",\"inLanguage\":\"es\",\"@id\":\"https:\/\/tbr.dental\/es\/mecanizado-chairside-index-one\/#primaryimage\",\"url\":\"http:\/\/tbr.dental\/wp-content\/uploads\/2022\/06\/TBRDental_Index-One-912x1024.png\",\"contentUrl\":\"http:\/\/tbr.dental\/wp-content\/uploads\/2022\/06\/TBRDental_Index-One-912x1024.png\"},{\"@type\":\"BreadcrumbList\",\"@id\":\"https:\/\/tbr.dental\/es\/mecanizado-chairside-index-one\/#breadcrumb\",\"itemListElement\":[{\"@type\":\"ListItem\",\"position\":1,\"name\":\"Accueil\",\"item\":\"http:\/\/tbr.dental\/\"},{\"@type\":\"ListItem\",\"position\":2,\"name\":\"Mecanizado Chairside Index One\"}]},{\"@type\":\"WebSite\",\"@id\":\"http:\/\/tbr.dental\/en\/#website\",\"url\":\"http:\/\/tbr.dental\/en\/\",\"name\":\"TBR Dental\",\"description\":\"\",\"publisher\":{\"@id\":\"http:\/\/tbr.dental\/en\/#organization\"},\"potentialAction\":[{\"@type\":\"SearchAction\",\"target\":{\"@type\":\"EntryPoint\",\"urlTemplate\":\"http:\/\/tbr.dental\/en\/?s={search_term_string}\"},\"query-input\":{\"@type\":\"PropertyValueSpecification\",\"valueRequired\":true,\"valueName\":\"search_term_string\"}}],\"inLanguage\":\"es\"},{\"@type\":\"Organization\",\"@id\":\"http:\/\/tbr.dental\/en\/#organization\",\"name\":\"TBR Dental\",\"url\":\"http:\/\/tbr.dental\/en\/\",\"logo\":{\"@type\":\"ImageObject\",\"inLanguage\":\"es\",\"@id\":\"http:\/\/tbr.dental\/en\/#\/schema\/logo\/image\/\",\"url\":\"https:\/\/tbr.dental\/wp-content\/uploads\/2023\/01\/Logo-TBR-2018-black.png\",\"contentUrl\":\"https:\/\/tbr.dental\/wp-content\/uploads\/2023\/01\/Logo-TBR-2018-black.png\",\"width\":2107,\"height\":457,\"caption\":\"TBR Dental\"},\"image\":{\"@id\":\"http:\/\/tbr.dental\/en\/#\/schema\/logo\/image\/\"}}]}<\/script>\n<!-- \/ Yoast SEO plugin. -->","yoast_head_json":{"title":"Mecanizado Chairside Index One - TBR Dental","description":"El centro de mecanizado Index One es ideal para procesar todos los bloques CAD\/CAM del mercado actual, hasta un tama\u00f1o m\u00e1ximo de bloque de 65 mm x 40 mm x 20 mm","robots":{"index":"index","follow":"follow","max-snippet":"max-snippet:-1","max-image-preview":"max-image-preview:large","max-video-preview":"max-video-preview:-1"},"canonical":"https:\/\/tbr.dental\/es\/mecanizado-chairside-index-one\/","og_locale":"es_ES","og_type":"article","og_title":"Mecanizado Chairside Index One - TBR Dental","og_description":"El centro de mecanizado Index One es ideal para procesar todos los bloques CAD\/CAM del mercado actual, hasta un tama\u00f1o m\u00e1ximo de bloque de 65 mm x 40 mm x 20 mm","og_url":"https:\/\/tbr.dental\/es\/mecanizado-chairside-index-one\/","og_site_name":"TBR Dental","article_modified_time":"2025-02-10T19:51:10+00:00","og_image":[{"url":"http:\/\/tbr.dental\/wp-content\/uploads\/2022\/06\/TBRDental_Index-One-912x1024.png","type":"","width":"","height":""}],"twitter_card":"summary_large_image","twitter_misc":{"Tiempo de lectura":"2 minutos"},"schema":{"@context":"https:\/\/schema.org","@graph":[{"@type":"WebPage","@id":"https:\/\/tbr.dental\/es\/mecanizado-chairside-index-one\/","url":"https:\/\/tbr.dental\/es\/mecanizado-chairside-index-one\/","name":"Mecanizado Chairside Index One - TBR Dental","isPartOf":{"@id":"http:\/\/tbr.dental\/en\/#website"},"primaryImageOfPage":{"@id":"https:\/\/tbr.dental\/es\/mecanizado-chairside-index-one\/#primaryimage"},"image":{"@id":"https:\/\/tbr.dental\/es\/mecanizado-chairside-index-one\/#primaryimage"},"thumbnailUrl":"http:\/\/tbr.dental\/wp-content\/uploads\/2022\/06\/TBRDental_Index-One-912x1024.png","datePublished":"2024-02-05T16:56:31+00:00","dateModified":"2025-02-10T19:51:10+00:00","description":"El centro de mecanizado Index One es ideal para procesar todos los bloques CAD\/CAM del mercado actual, hasta un tama\u00f1o m\u00e1ximo de bloque de 65 mm x 40 mm x 20 mm","breadcrumb":{"@id":"https:\/\/tbr.dental\/es\/mecanizado-chairside-index-one\/#breadcrumb"},"inLanguage":"es","potentialAction":[{"@type":"ReadAction","target":["https:\/\/tbr.dental\/es\/mecanizado-chairside-index-one\/"]}]},{"@type":"ImageObject","inLanguage":"es","@id":"https:\/\/tbr.dental\/es\/mecanizado-chairside-index-one\/#primaryimage","url":"http:\/\/tbr.dental\/wp-content\/uploads\/2022\/06\/TBRDental_Index-One-912x1024.png","contentUrl":"http:\/\/tbr.dental\/wp-content\/uploads\/2022\/06\/TBRDental_Index-One-912x1024.png"},{"@type":"BreadcrumbList","@id":"https:\/\/tbr.dental\/es\/mecanizado-chairside-index-one\/#breadcrumb","itemListElement":[{"@type":"ListItem","position":1,"name":"Accueil","item":"http:\/\/tbr.dental\/"},{"@type":"ListItem","position":2,"name":"Mecanizado Chairside Index One"}]},{"@type":"WebSite","@id":"http:\/\/tbr.dental\/en\/#website","url":"http:\/\/tbr.dental\/en\/","name":"TBR Dental","description":"","publisher":{"@id":"http:\/\/tbr.dental\/en\/#organization"},"potentialAction":[{"@type":"SearchAction","target":{"@type":"EntryPoint","urlTemplate":"http:\/\/tbr.dental\/en\/?s={search_term_string}"},"query-input":{"@type":"PropertyValueSpecification","valueRequired":true,"valueName":"search_term_string"}}],"inLanguage":"es"},{"@type":"Organization","@id":"http:\/\/tbr.dental\/en\/#organization","name":"TBR Dental","url":"http:\/\/tbr.dental\/en\/","logo":{"@type":"ImageObject","inLanguage":"es","@id":"http:\/\/tbr.dental\/en\/#\/schema\/logo\/image\/","url":"https:\/\/tbr.dental\/wp-content\/uploads\/2023\/01\/Logo-TBR-2018-black.png","contentUrl":"https:\/\/tbr.dental\/wp-content\/uploads\/2023\/01\/Logo-TBR-2018-black.png","width":2107,"height":457,"caption":"TBR Dental"},"image":{"@id":"http:\/\/tbr.dental\/en\/#\/schema\/logo\/image\/"}}]}},"_links":{"self":[{"href":"https:\/\/tbr.dental\/es\/wp-json\/wp\/v2\/pages\/27848","targetHints":{"allow":["GET"]}}],"collection":[{"href":"https:\/\/tbr.dental\/es\/wp-json\/wp\/v2\/pages"}],"about":[{"href":"https:\/\/tbr.dental\/es\/wp-json\/wp\/v2\/types\/page"}],"author":[{"embeddable":true,"href":"https:\/\/tbr.dental\/es\/wp-json\/wp\/v2\/users\/1"}],"replies":[{"embeddable":true,"href":"https:\/\/tbr.dental\/es\/wp-json\/wp\/v2\/comments?post=27848"}],"version-history":[{"count":0,"href":"https:\/\/tbr.dental\/es\/wp-json\/wp\/v2\/pages\/27848\/revisions"}],"wp:attachment":[{"href":"https:\/\/tbr.dental\/es\/wp-json\/wp\/v2\/media?parent=27848"}],"curies":[{"name":"wp","href":"https:\/\/api.w.org\/{rel}","templated":true}]}}