{"id":27846,"date":"2024-02-05T17:00:15","date_gmt":"2024-02-05T16:00:15","guid":{"rendered":"https:\/\/tbr.dental\/indice-discos-y-bloques-dentales\/"},"modified":"2025-02-10T20:50:44","modified_gmt":"2025-02-10T19:50:44","slug":"indice-discos-y-bloques-dentales","status":"publish","type":"page","link":"https:\/\/tbr.dental\/es\/indice-discos-y-bloques-dentales\/","title":{"rendered":"\u00cdndice Discos y bloques dentales"},"content":{"rendered":"\t\t<div data-elementor-type=\"wp-page\" data-elementor-id=\"27846\" class=\"elementor elementor-27846 elementor-1123\" data-elementor-settings=\"{&quot;ha_cmc_init_switcher&quot;:&quot;no&quot;}\" data-elementor-post-type=\"page\">\n\t\t\t\t\t\t<section class=\"elementor-section elementor-top-section elementor-element elementor-element-22319a2 elementor-section-height-min-height elementor-section-boxed elementor-section-height-default elementor-section-items-middle\" data-id=\"22319a2\" data-element_type=\"section\" data-settings=\"{&quot;jet_parallax_layout_list&quot;:[],&quot;background_background&quot;:&quot;classic&quot;,&quot;_ha_eqh_enable&quot;:false}\">\n\t\t\t\t\t\t<div class=\"elementor-container elementor-column-gap-default\">\n\t\t\t\t\t<div class=\"elementor-column elementor-col-100 elementor-top-column elementor-element elementor-element-d0e5538\" data-id=\"d0e5538\" data-element_type=\"column\">\n\t\t\t<div class=\"elementor-widget-wrap elementor-element-populated\">\n\t\t\t\t\t\t<section class=\"elementor-section elementor-inner-section elementor-element elementor-element-07fbcbe elementor-section-boxed elementor-section-height-default elementor-section-height-default\" data-id=\"07fbcbe\" data-element_type=\"section\" data-settings=\"{&quot;jet_parallax_layout_list&quot;:[],&quot;_ha_eqh_enable&quot;:false}\">\n\t\t\t\t\t\t<div class=\"elementor-container elementor-column-gap-default\">\n\t\t\t\t\t<div class=\"elementor-column elementor-col-100 elementor-inner-column elementor-element elementor-element-e92bca7\" data-id=\"e92bca7\" data-element_type=\"column\">\n\t\t\t<div class=\"elementor-widget-wrap elementor-element-populated\">\n\t\t\t\t\t\t<div class=\"elementor-element elementor-element-bcc394a elementor-widget elementor-widget-jet-animated-text\" data-id=\"bcc394a\" data-element_type=\"widget\" data-settings=\"{&quot;ekit_we_effect_on&quot;:&quot;none&quot;}\" data-widget_type=\"jet-animated-text.default\">\n\t\t\t\t<div class=\"elementor-widget-container\">\n\t\t\t\t\t<div class=\"elementor-jet-animated-text jet-elements\">\n<div class=\"jet-animated-text jet-animated-text--effect-fx6\" data-settings='{&quot;effect&quot;:&quot;fx6&quot;,&quot;delay&quot;:3000}'>\n\t<div class=\"jet-animated-text__before-text\">\n\t<span>\u00cdndice<\/span>&nbsp;<\/div>\n\t<div class=\"jet-animated-text__animated-text\">\n<div class=\"jet-animated-text__animated-text-item active visible\" dir=\"ltr\">\n\t<span>D<\/span><span>e<\/span><span>n<\/span><span>t<\/span><span>a<\/span><span>l<\/span><\/div>\n<\/div>\t<\/div><\/div>\t\t\t\t<\/div>\n\t\t\t\t<\/div>\n\t\t\t\t<div class=\"elementor-element elementor-element-394a7a6 elementor-widget elementor-widget-heading\" data-id=\"394a7a6\" data-element_type=\"widget\" data-settings=\"{&quot;ekit_we_effect_on&quot;:&quot;none&quot;}\" data-widget_type=\"heading.default\">\n\t\t\t\t<div class=\"elementor-widget-container\">\n\t\t\t\t\t<h3 class=\"elementor-heading-title elementor-size-default\">Discos y bloques de \u00f3xido de zirconio para soluciones CAD\/CAM<\/h3>\t\t\t\t<\/div>\n\t\t\t\t<\/div>\n\t\t\t\t\t<\/div>\n\t\t<\/div>\n\t\t\t\t\t<\/div>\n\t\t<\/section>\n\t\t\t\t\t<\/div>\n\t\t<\/div>\n\t\t\t\t\t<\/div>\n\t\t<\/section>\n\t\t\t\t<section class=\"elementor-section elementor-top-section elementor-element elementor-element-8d08546 elementor-section-boxed elementor-section-height-default elementor-section-height-default\" data-id=\"8d08546\" data-element_type=\"section\" data-settings=\"{&quot;jet_parallax_layout_list&quot;:[],&quot;_ha_eqh_enable&quot;:false}\">\n\t\t\t\t\t\t<div class=\"elementor-container elementor-column-gap-default\">\n\t\t\t\t\t<div class=\"elementor-column elementor-col-100 elementor-top-column elementor-element elementor-element-f71207f\" data-id=\"f71207f\" data-element_type=\"column\">\n\t\t\t<div class=\"elementor-widget-wrap elementor-element-populated\">\n\t\t\t\t\t\t<section class=\"elementor-section elementor-inner-section elementor-element elementor-element-336a429 elementor-section-boxed elementor-section-height-default elementor-section-height-default\" data-id=\"336a429\" data-element_type=\"section\" data-settings=\"{&quot;jet_parallax_layout_list&quot;:[],&quot;_ha_eqh_enable&quot;:false}\">\n\t\t\t\t\t\t<div class=\"elementor-container elementor-column-gap-extended\">\n\t\t\t\t\t<div class=\"elementor-column elementor-col-50 elementor-inner-column elementor-element elementor-element-ea1f1c5\" data-id=\"ea1f1c5\" data-element_type=\"column\">\n\t\t\t<div class=\"elementor-widget-wrap elementor-element-populated\">\n\t\t\t\t\t\t<div class=\"elementor-element elementor-element-66af557 elementor-widget elementor-widget-text-editor\" data-id=\"66af557\" data-element_type=\"widget\" data-settings=\"{&quot;ekit_we_effect_on&quot;:&quot;none&quot;}\" data-widget_type=\"text-editor.default\">\n\t\t\t\t<div class=\"elementor-widget-container\">\n\t\t\t\t\t\t\t\t\t<p>La gama Index ofrece una amplia variedad de suministros y peque\u00f1os equipos para todos los profesionales de la odontolog\u00eda: discos de zirconia multicapa, bloques de cer\u00e1mica h\u00edbrida, lingotes de disilicato de litio, etc. Encontrar\u00e1 todos los materiales que utiliza a diario para todas sus restauraciones est\u00e9ticas, adaptados a sus necesidades y de calidad certificada.<\/p>\n\t\t\t\t\t\t\t\t<\/div>\n\t\t\t\t<\/div>\n\t\t\t\t<div class=\"elementor-element elementor-element-91d2dd3 elementor-widget elementor-widget-ha-creative-button happy-addon ha-creative-button\" data-id=\"91d2dd3\" data-element_type=\"widget\" data-settings=\"{&quot;ekit_we_effect_on&quot;:&quot;none&quot;}\" data-widget_type=\"ha-creative-button.default\">\n\t\t\t\t<div class=\"elementor-widget-container\">\n\t\t\t\t\t\t\t<div data-magnetic=\"no\" class=\"ha-creative-btn-wrap\">\n\t\t\t<a class=\"ha-creative-btn ha-stl--estilo ha-eft--dissolve\" href=\"#elementor-action%3Aaction%3Dpopup%3Aopen%26settings%3DeyJpZCI6IjE2OTM0IiwidG9nZ2xlIjpmYWxzZX0%3D\" rel=\"nofollow\">Descubrir<\/a>\n\t\t<\/div>\t\t\t\t<\/div>\n\t\t\t\t<\/div>\n\t\t\t\t\t<\/div>\n\t\t<\/div>\n\t\t\t\t<div class=\"elementor-column elementor-col-50 elementor-inner-column elementor-element elementor-element-297d214\" data-id=\"297d214\" data-element_type=\"column\">\n\t\t\t<div class=\"elementor-widget-wrap elementor-element-populated\">\n\t\t\t\t\t\t<div class=\"elementor-element elementor-element-84b8b96 elementor-widget elementor-widget-image\" data-id=\"84b8b96\" data-element_type=\"widget\" data-settings=\"{&quot;ekit_we_effect_on&quot;:&quot;none&quot;}\" data-widget_type=\"image.default\">\n\t\t\t\t<div class=\"elementor-widget-container\">\n\t\t\t\t\t\t\t\t\t\t\t\t\t\t\t<img fetchpriority=\"high\" decoding=\"async\" width=\"800\" height=\"643\" src=\"https:\/\/tbr.dental\/wp-content\/uploads\/2022\/06\/TBRDental_ConsommablesIndexDental-1.png\" class=\"attachment-large size-large wp-image-5705\" alt=\"\" srcset=\"https:\/\/tbr.dental\/wp-content\/uploads\/2022\/06\/TBRDental_ConsommablesIndexDental-1.png 800w, https:\/\/tbr.dental\/wp-content\/uploads\/2022\/06\/TBRDental_ConsommablesIndexDental-1-600x482.png 600w, https:\/\/tbr.dental\/wp-content\/uploads\/2022\/06\/TBRDental_ConsommablesIndexDental-1-300x241.png 300w, https:\/\/tbr.dental\/wp-content\/uploads\/2022\/06\/TBRDental_ConsommablesIndexDental-1-150x121.png 150w, https:\/\/tbr.dental\/wp-content\/uploads\/2022\/06\/TBRDental_ConsommablesIndexDental-1-768x617.png 768w, https:\/\/tbr.dental\/wp-content\/uploads\/2022\/06\/TBRDental_ConsommablesIndexDental-1-5x5.png 5w\" sizes=\"(max-width: 800px) 100vw, 800px\" \/>\t\t\t\t\t\t\t\t\t\t\t\t\t\t\t<\/div>\n\t\t\t\t<\/div>\n\t\t\t\t\t<\/div>\n\t\t<\/div>\n\t\t\t\t\t<\/div>\n\t\t<\/section>\n\t\t\t\t\t<\/div>\n\t\t<\/div>\n\t\t\t\t\t<\/div>\n\t\t<\/section>\n\t\t\t\t<section class=\"elementor-section elementor-inner-section elementor-element elementor-element-557ecc5 elementor-section-boxed elementor-section-height-default elementor-section-height-default\" data-id=\"557ecc5\" data-element_type=\"section\" data-settings=\"{&quot;jet_parallax_layout_list&quot;:[],&quot;_ha_eqh_enable&quot;:false}\">\n\t\t\t\t\t\t<div class=\"elementor-container elementor-column-gap-default\">\n\t\t\t\t\t<div class=\"elementor-column elementor-col-100 elementor-inner-column elementor-element elementor-element-e2daa27 elementor-invisible\" data-id=\"e2daa27\" data-element_type=\"column\" data-settings=\"{&quot;animation&quot;:&quot;fadeInLeft&quot;}\">\n\t\t\t<div class=\"elementor-widget-wrap elementor-element-populated\">\n\t\t\t\t\t\t<div class=\"elementor-element elementor-element-7200778 elementor-widget elementor-widget-jet-horizontal-timeline\" data-id=\"7200778\" data-element_type=\"widget\" data-settings=\"{&quot;columns&quot;:4,&quot;columns_tablet&quot;:2,&quot;columns_mobile&quot;:1,&quot;ekit_we_effect_on&quot;:&quot;none&quot;}\" data-widget_type=\"jet-horizontal-timeline.default\">\n\t\t\t\t<div class=\"elementor-widget-container\">\n\t\t\t\t\t<div class=\"elementor-jet-horizontal-timeline jet-elements\">\n<div class=\"jet-hor-timeline jet-hor-timeline--layout-bottom jet-hor-timeline--align-center jet-hor-timeline--scroll-bar\">\n\t<div class=\"jet-hor-timeline-inner\">\n\t\t<div class=\"jet-hor-timeline-track\">\n\t\t\t<div class=\"jet-hor-timeline-list jet-hor-timeline-list--top\">\n<div class=\"jet-hor-timeline-item elementor-repeater-item-ed0e882\" data-item-id=\"ed0e882\">\n\t\t\t\t<\/div>\n\n<div class=\"jet-hor-timeline-item elementor-repeater-item-910f58a\" data-item-id=\"910f58a\">\n\t\t\t\t<\/div>\n\n<div class=\"jet-hor-timeline-item elementor-repeater-item-51771ca\" data-item-id=\"51771ca\">\n\t\t\t\t<\/div>\n\n<div class=\"jet-hor-timeline-item elementor-repeater-item-95b76f4\" data-item-id=\"95b76f4\">\n\t\t\t\t<\/div>\n<\/div>\t\t\t<div class=\"jet-hor-timeline-list jet-hor-timeline-list--middle\">\n\t<div class=\"jet-hor-timeline__line\"><\/div>\n\n<div class=\"jet-hor-timeline-item elementor-repeater-item-ed0e882\" data-item-id=\"ed0e882\">\n\t<div class=\"jet-hor-timeline-item__point\"><div class=\"jet-hor-timeline-item__point-content\"><span class=\"jet-elements-icon\"><i aria-hidden=\"true\" class=\"fas fa-circle\"><\/i><\/span><\/div><\/div><\/div>\n\n<div class=\"jet-hor-timeline-item elementor-repeater-item-910f58a\" data-item-id=\"910f58a\">\n\t<div class=\"jet-hor-timeline-item__point\"><div class=\"jet-hor-timeline-item__point-content\"><span class=\"jet-elements-icon\"><i aria-hidden=\"true\" class=\"fas fa-circle\"><\/i><\/span><\/div><\/div><\/div>\n\n<div class=\"jet-hor-timeline-item elementor-repeater-item-51771ca\" data-item-id=\"51771ca\">\n\t<div class=\"jet-hor-timeline-item__point\"><div class=\"jet-hor-timeline-item__point-content\"><span class=\"jet-elements-icon\"><i aria-hidden=\"true\" class=\"fas fa-circle\"><\/i><\/span><\/div><\/div><\/div>\n\n<div class=\"jet-hor-timeline-item elementor-repeater-item-95b76f4\" data-item-id=\"95b76f4\">\n\t<div class=\"jet-hor-timeline-item__point\"><div class=\"jet-hor-timeline-item__point-content\"><span class=\"jet-elements-icon\"><i aria-hidden=\"true\" class=\"fas fa-circle\"><\/i><\/span><\/div><\/div><\/div>\n<\/div>\t\t\t<div class=\"jet-hor-timeline-list jet-hor-timeline-list--bottom\">\n<div class=\"jet-hor-timeline-item elementor-repeater-item-ed0e882\" data-item-id=\"ed0e882\">\n\t\t\t\n<div class=\"jet-hor-timeline-item__card\">\n\t<div class=\"jet-hor-timeline-item__card-inner\">\n\t\t<h5 class=\"jet-hor-timeline-item__card-title\">Discos de circonio blanco<\/h5><div class=\"jet-hor-timeline-item__card-desc\"><i aria-hidden=\"true\" class=\"fas fa-check\"><\/i><\/i> Sus discos de circonio de calidad para restauraciones unitarias y m\u00faltiples.<\/div>\t<\/div>\n\t\t\t<div class=\"jet-hor-timeline-item__card-arrow\"><\/div>\n\t<\/div>\n\t<\/div>\n\n<div class=\"jet-hor-timeline-item elementor-repeater-item-910f58a\" data-item-id=\"910f58a\">\n\t\t\t\n<div class=\"jet-hor-timeline-item__card\">\n\t<div class=\"jet-hor-timeline-item__card-inner\">\n\t\t<h5 class=\"jet-hor-timeline-item__card-title\">Discos multicapa de \u00f3xido de circonio<\/h5><div class=\"jet-hor-timeline-item__card-desc\"><i aria-hidden=\"true\" class=\"fas fa-check\"><\/i><\/i> Sus discos de circonio de calidad para restauraciones unitarias y m\u00faltiples.<\/div>\t<\/div>\n\t\t\t<div class=\"jet-hor-timeline-item__card-arrow\"><\/div>\n\t<\/div>\n\t<\/div>\n\n<div class=\"jet-hor-timeline-item elementor-repeater-item-51771ca\" data-item-id=\"51771ca\">\n\t\t\t\n<div class=\"jet-hor-timeline-item__card\">\n\t<div class=\"jet-hor-timeline-item__card-inner\">\n\t\t<h5 class=\"jet-hor-timeline-item__card-title\">Discos de cera<\/h5><div class=\"jet-hor-timeline-item__card-desc\"><i aria-hidden=\"true\" class=\"fas fa-check\"><\/i><\/i> Sus discos de cera PREMIUM para crear sus cofias y puentes mediante fundici\u00f3n de metal o cer\u00e1mica prensada.<\/div>\t<\/div>\n\t\t\t<div class=\"jet-hor-timeline-item__card-arrow\"><\/div>\n\t<\/div>\n\t<\/div>\n\n<div class=\"jet-hor-timeline-item elementor-repeater-item-95b76f4\" data-item-id=\"95b76f4\">\n\t\t\t\n<div class=\"jet-hor-timeline-item__card\">\n\t<div class=\"jet-hor-timeline-item__card-inner\">\n\t\t<h5 class=\"jet-hor-timeline-item__card-title\">Lingotes<\/h5><div class=\"jet-hor-timeline-item__card-desc\"><i aria-hidden=\"true\" class=\"fas fa-check\"><\/i><\/i> Sus pernos para sus restauraciones de unidades Chairside.<\/div>\t<\/div>\n\t\t\t<div class=\"jet-hor-timeline-item__card-arrow\"><\/div>\n\t<\/div>\n\t<\/div>\n<\/div>\t\t<\/div>\n\t<\/div>\n\t<\/div><\/div>\t\t\t\t<\/div>\n\t\t\t\t<\/div>\n\t\t\t\t\t<\/div>\n\t\t<\/div>\n\t\t\t\t\t<\/div>\n\t\t<\/section>\n\t\t\t\t<\/div>\n\t\t","protected":false},"excerpt":{"rendered":"<p>\u00cdndice&nbsp; Dental Discos y bloques de \u00f3xido de zirconio para soluciones CAD\/CAM La gama Index ofrece una amplia variedad de suministros y peque\u00f1os equipos para todos los profesionales de la odontolog\u00eda: discos de zirconia multicapa, bloques de cer\u00e1mica h\u00edbrida, lingotes de disilicato de litio, etc. Encontrar\u00e1 todos los materiales que utiliza a diario para todas [&hellip;]<\/p>\n","protected":false},"author":1,"featured_media":0,"parent":0,"menu_order":0,"comment_status":"closed","ping_status":"closed","template":"elementor_header_footer","meta":{"_acf_changed":false,"footnotes":""},"class_list":["post-27846","page","type-page","status-publish","hentry"],"acf":[],"yoast_head":"<!-- This site is optimized with the Yoast SEO plugin v26.5 - https:\/\/yoast.com\/wordpress\/plugins\/seo\/ -->\n<title>\u00cdndice Discos y bloques dentales - TBR Dental<\/title>\n<meta name=\"description\" content=\"La gama Index ofrece una amplia variedad de suministros y peque\u00f1os equipos para todos los profesionales de la odontolog\u00eda\" \/>\n<meta name=\"robots\" content=\"index, follow, max-snippet:-1, max-image-preview:large, max-video-preview:-1\" \/>\n<link rel=\"canonical\" href=\"https:\/\/tbr.dental\/es\/indice-discos-y-bloques-dentales\/\" \/>\n<meta property=\"og:locale\" content=\"es_ES\" \/>\n<meta property=\"og:type\" content=\"article\" \/>\n<meta property=\"og:title\" content=\"\u00cdndice Discos y bloques dentales - TBR Dental\" \/>\n<meta property=\"og:description\" content=\"La gama Index ofrece una amplia variedad de suministros y peque\u00f1os equipos para todos los profesionales de la odontolog\u00eda\" \/>\n<meta property=\"og:url\" content=\"https:\/\/tbr.dental\/es\/indice-discos-y-bloques-dentales\/\" \/>\n<meta property=\"og:site_name\" content=\"TBR Dental\" \/>\n<meta property=\"article:modified_time\" content=\"2025-02-10T19:50:44+00:00\" \/>\n<meta property=\"og:image\" content=\"http:\/\/tbr.dental\/wp-content\/uploads\/2022\/06\/TBRDental_ConsommablesIndexDental-1.png\" \/>\n<meta name=\"twitter:card\" content=\"summary_large_image\" \/>\n<meta name=\"twitter:label1\" content=\"Tiempo de lectura\" \/>\n\t<meta name=\"twitter:data1\" content=\"1 minuto\" \/>\n<script type=\"application\/ld+json\" class=\"yoast-schema-graph\">{\"@context\":\"https:\/\/schema.org\",\"@graph\":[{\"@type\":\"WebPage\",\"@id\":\"https:\/\/tbr.dental\/es\/indice-discos-y-bloques-dentales\/\",\"url\":\"https:\/\/tbr.dental\/es\/indice-discos-y-bloques-dentales\/\",\"name\":\"\u00cdndice Discos y bloques dentales - TBR Dental\",\"isPartOf\":{\"@id\":\"http:\/\/tbr.dental\/en\/#website\"},\"primaryImageOfPage\":{\"@id\":\"https:\/\/tbr.dental\/es\/indice-discos-y-bloques-dentales\/#primaryimage\"},\"image\":{\"@id\":\"https:\/\/tbr.dental\/es\/indice-discos-y-bloques-dentales\/#primaryimage\"},\"thumbnailUrl\":\"http:\/\/tbr.dental\/wp-content\/uploads\/2022\/06\/TBRDental_ConsommablesIndexDental-1.png\",\"datePublished\":\"2024-02-05T16:00:15+00:00\",\"dateModified\":\"2025-02-10T19:50:44+00:00\",\"description\":\"La gama Index ofrece una amplia variedad de suministros y peque\u00f1os equipos para todos los profesionales de la odontolog\u00eda\",\"breadcrumb\":{\"@id\":\"https:\/\/tbr.dental\/es\/indice-discos-y-bloques-dentales\/#breadcrumb\"},\"inLanguage\":\"es\",\"potentialAction\":[{\"@type\":\"ReadAction\",\"target\":[\"https:\/\/tbr.dental\/es\/indice-discos-y-bloques-dentales\/\"]}]},{\"@type\":\"ImageObject\",\"inLanguage\":\"es\",\"@id\":\"https:\/\/tbr.dental\/es\/indice-discos-y-bloques-dentales\/#primaryimage\",\"url\":\"http:\/\/tbr.dental\/wp-content\/uploads\/2022\/06\/TBRDental_ConsommablesIndexDental-1.png\",\"contentUrl\":\"http:\/\/tbr.dental\/wp-content\/uploads\/2022\/06\/TBRDental_ConsommablesIndexDental-1.png\"},{\"@type\":\"BreadcrumbList\",\"@id\":\"https:\/\/tbr.dental\/es\/indice-discos-y-bloques-dentales\/#breadcrumb\",\"itemListElement\":[{\"@type\":\"ListItem\",\"position\":1,\"name\":\"Accueil\",\"item\":\"http:\/\/tbr.dental\/\"},{\"@type\":\"ListItem\",\"position\":2,\"name\":\"\u00cdndice Discos y bloques dentales\"}]},{\"@type\":\"WebSite\",\"@id\":\"http:\/\/tbr.dental\/en\/#website\",\"url\":\"http:\/\/tbr.dental\/en\/\",\"name\":\"TBR Dental\",\"description\":\"\",\"publisher\":{\"@id\":\"http:\/\/tbr.dental\/en\/#organization\"},\"potentialAction\":[{\"@type\":\"SearchAction\",\"target\":{\"@type\":\"EntryPoint\",\"urlTemplate\":\"http:\/\/tbr.dental\/en\/?s={search_term_string}\"},\"query-input\":{\"@type\":\"PropertyValueSpecification\",\"valueRequired\":true,\"valueName\":\"search_term_string\"}}],\"inLanguage\":\"es\"},{\"@type\":\"Organization\",\"@id\":\"http:\/\/tbr.dental\/en\/#organization\",\"name\":\"TBR Dental\",\"url\":\"http:\/\/tbr.dental\/en\/\",\"logo\":{\"@type\":\"ImageObject\",\"inLanguage\":\"es\",\"@id\":\"http:\/\/tbr.dental\/en\/#\/schema\/logo\/image\/\",\"url\":\"https:\/\/tbr.dental\/wp-content\/uploads\/2023\/01\/Logo-TBR-2018-black.png\",\"contentUrl\":\"https:\/\/tbr.dental\/wp-content\/uploads\/2023\/01\/Logo-TBR-2018-black.png\",\"width\":2107,\"height\":457,\"caption\":\"TBR Dental\"},\"image\":{\"@id\":\"http:\/\/tbr.dental\/en\/#\/schema\/logo\/image\/\"}}]}<\/script>\n<!-- \/ Yoast SEO plugin. -->","yoast_head_json":{"title":"\u00cdndice Discos y bloques dentales - TBR Dental","description":"La gama Index ofrece una amplia variedad de suministros y peque\u00f1os equipos para todos los profesionales de la odontolog\u00eda","robots":{"index":"index","follow":"follow","max-snippet":"max-snippet:-1","max-image-preview":"max-image-preview:large","max-video-preview":"max-video-preview:-1"},"canonical":"https:\/\/tbr.dental\/es\/indice-discos-y-bloques-dentales\/","og_locale":"es_ES","og_type":"article","og_title":"\u00cdndice Discos y bloques dentales - TBR Dental","og_description":"La gama Index ofrece una amplia variedad de suministros y peque\u00f1os equipos para todos los profesionales de la odontolog\u00eda","og_url":"https:\/\/tbr.dental\/es\/indice-discos-y-bloques-dentales\/","og_site_name":"TBR Dental","article_modified_time":"2025-02-10T19:50:44+00:00","og_image":[{"url":"http:\/\/tbr.dental\/wp-content\/uploads\/2022\/06\/TBRDental_ConsommablesIndexDental-1.png","type":"","width":"","height":""}],"twitter_card":"summary_large_image","twitter_misc":{"Tiempo de lectura":"1 minuto"},"schema":{"@context":"https:\/\/schema.org","@graph":[{"@type":"WebPage","@id":"https:\/\/tbr.dental\/es\/indice-discos-y-bloques-dentales\/","url":"https:\/\/tbr.dental\/es\/indice-discos-y-bloques-dentales\/","name":"\u00cdndice Discos y bloques dentales - TBR Dental","isPartOf":{"@id":"http:\/\/tbr.dental\/en\/#website"},"primaryImageOfPage":{"@id":"https:\/\/tbr.dental\/es\/indice-discos-y-bloques-dentales\/#primaryimage"},"image":{"@id":"https:\/\/tbr.dental\/es\/indice-discos-y-bloques-dentales\/#primaryimage"},"thumbnailUrl":"http:\/\/tbr.dental\/wp-content\/uploads\/2022\/06\/TBRDental_ConsommablesIndexDental-1.png","datePublished":"2024-02-05T16:00:15+00:00","dateModified":"2025-02-10T19:50:44+00:00","description":"La gama Index ofrece una amplia variedad de suministros y peque\u00f1os equipos para todos los profesionales de la odontolog\u00eda","breadcrumb":{"@id":"https:\/\/tbr.dental\/es\/indice-discos-y-bloques-dentales\/#breadcrumb"},"inLanguage":"es","potentialAction":[{"@type":"ReadAction","target":["https:\/\/tbr.dental\/es\/indice-discos-y-bloques-dentales\/"]}]},{"@type":"ImageObject","inLanguage":"es","@id":"https:\/\/tbr.dental\/es\/indice-discos-y-bloques-dentales\/#primaryimage","url":"http:\/\/tbr.dental\/wp-content\/uploads\/2022\/06\/TBRDental_ConsommablesIndexDental-1.png","contentUrl":"http:\/\/tbr.dental\/wp-content\/uploads\/2022\/06\/TBRDental_ConsommablesIndexDental-1.png"},{"@type":"BreadcrumbList","@id":"https:\/\/tbr.dental\/es\/indice-discos-y-bloques-dentales\/#breadcrumb","itemListElement":[{"@type":"ListItem","position":1,"name":"Accueil","item":"http:\/\/tbr.dental\/"},{"@type":"ListItem","position":2,"name":"\u00cdndice Discos y bloques dentales"}]},{"@type":"WebSite","@id":"http:\/\/tbr.dental\/en\/#website","url":"http:\/\/tbr.dental\/en\/","name":"TBR Dental","description":"","publisher":{"@id":"http:\/\/tbr.dental\/en\/#organization"},"potentialAction":[{"@type":"SearchAction","target":{"@type":"EntryPoint","urlTemplate":"http:\/\/tbr.dental\/en\/?s={search_term_string}"},"query-input":{"@type":"PropertyValueSpecification","valueRequired":true,"valueName":"search_term_string"}}],"inLanguage":"es"},{"@type":"Organization","@id":"http:\/\/tbr.dental\/en\/#organization","name":"TBR Dental","url":"http:\/\/tbr.dental\/en\/","logo":{"@type":"ImageObject","inLanguage":"es","@id":"http:\/\/tbr.dental\/en\/#\/schema\/logo\/image\/","url":"https:\/\/tbr.dental\/wp-content\/uploads\/2023\/01\/Logo-TBR-2018-black.png","contentUrl":"https:\/\/tbr.dental\/wp-content\/uploads\/2023\/01\/Logo-TBR-2018-black.png","width":2107,"height":457,"caption":"TBR Dental"},"image":{"@id":"http:\/\/tbr.dental\/en\/#\/schema\/logo\/image\/"}}]}},"_links":{"self":[{"href":"https:\/\/tbr.dental\/es\/wp-json\/wp\/v2\/pages\/27846","targetHints":{"allow":["GET"]}}],"collection":[{"href":"https:\/\/tbr.dental\/es\/wp-json\/wp\/v2\/pages"}],"about":[{"href":"https:\/\/tbr.dental\/es\/wp-json\/wp\/v2\/types\/page"}],"author":[{"embeddable":true,"href":"https:\/\/tbr.dental\/es\/wp-json\/wp\/v2\/users\/1"}],"replies":[{"embeddable":true,"href":"https:\/\/tbr.dental\/es\/wp-json\/wp\/v2\/comments?post=27846"}],"version-history":[{"count":0,"href":"https:\/\/tbr.dental\/es\/wp-json\/wp\/v2\/pages\/27846\/revisions"}],"wp:attachment":[{"href":"https:\/\/tbr.dental\/es\/wp-json\/wp\/v2\/media?parent=27846"}],"curies":[{"name":"wp","href":"https:\/\/api.w.org\/{rel}","templated":true}]}}