{"id":20559,"date":"2023-05-31T15:48:23","date_gmt":"2023-05-31T13:48:23","guid":{"rendered":"https:\/\/tbr.dental\/nuestros-articulos\/"},"modified":"2023-08-11T12:26:51","modified_gmt":"2023-08-11T10:26:51","slug":"nuestros-articulos","status":"publish","type":"page","link":"https:\/\/tbr.dental\/es\/nuestros-articulos\/","title":{"rendered":"Nuestros art\u00edculos"},"content":{"rendered":"\t\t<div data-elementor-type=\"wp-page\" data-elementor-id=\"20559\" class=\"elementor elementor-20559 elementor-18194\" data-elementor-settings=\"{&quot;ha_cmc_init_switcher&quot;:&quot;no&quot;}\" data-elementor-post-type=\"page\">\n\t\t\t\t\t\t<section class=\"elementor-section elementor-top-section elementor-element elementor-element-6f74534 elementor-section-boxed elementor-section-height-default elementor-section-height-default\" data-id=\"6f74534\" data-element_type=\"section\" data-settings=\"{&quot;jet_parallax_layout_list&quot;:[],&quot;_ha_eqh_enable&quot;:false}\">\n\t\t\t\t\t\t<div class=\"elementor-container elementor-column-gap-default\">\n\t\t\t\t\t<div class=\"elementor-column elementor-col-100 elementor-top-column elementor-element elementor-element-5720d07\" data-id=\"5720d07\" data-element_type=\"column\">\n\t\t\t<div class=\"elementor-widget-wrap elementor-element-populated\">\n\t\t\t\t\t\t<section class=\"elementor-section elementor-inner-section elementor-element elementor-element-dd45d87 elementor-section-boxed elementor-section-height-default elementor-section-height-default\" data-id=\"dd45d87\" data-element_type=\"section\" data-settings=\"{&quot;jet_parallax_layout_list&quot;:[],&quot;_ha_eqh_enable&quot;:false}\">\n\t\t\t\t\t\t<div class=\"elementor-container elementor-column-gap-extended\">\n\t\t\t\t\t<div class=\"elementor-column elementor-col-100 elementor-inner-column elementor-element elementor-element-be5472a\" data-id=\"be5472a\" data-element_type=\"column\">\n\t\t\t<div class=\"elementor-widget-wrap elementor-element-populated\">\n\t\t\t\t\t\t<div class=\"elementor-element elementor-element-6592e79 elementor-widget elementor-widget-spacer\" data-id=\"6592e79\" data-element_type=\"widget\" data-settings=\"{&quot;ekit_we_effect_on&quot;:&quot;none&quot;}\" data-widget_type=\"spacer.default\">\n\t\t\t\t<div class=\"elementor-widget-container\">\n\t\t\t\t\t\t\t<div class=\"elementor-spacer\">\n\t\t\t<div class=\"elementor-spacer-inner\"><\/div>\n\t\t<\/div>\n\t\t\t\t\t\t<\/div>\n\t\t\t\t<\/div>\n\t\t\t\t<div class=\"elementor-element elementor-element-1db9f0b elementor-widget elementor-widget-heading\" data-id=\"1db9f0b\" data-element_type=\"widget\" data-settings=\"{&quot;ekit_we_effect_on&quot;:&quot;none&quot;}\" data-widget_type=\"heading.default\">\n\t\t\t\t<div class=\"elementor-widget-container\">\n\t\t\t\t\t<h1 class=\"elementor-heading-title elementor-size-default\">Nuestros art\u00edculos<\/h1>\t\t\t\t<\/div>\n\t\t\t\t<\/div>\n\t\t\t\t<div class=\"elementor-element elementor-element-6b3077d elementor-widget elementor-widget-image\" data-id=\"6b3077d\" data-element_type=\"widget\" data-settings=\"{&quot;ekit_we_effect_on&quot;:&quot;none&quot;}\" data-widget_type=\"image.default\">\n\t\t\t\t<div class=\"elementor-widget-container\">\n\t\t\t\t\t\t\t\t\t\t\t\t\t\t\t<img decoding=\"async\" width=\"302\" height=\"80\" src=\"https:\/\/tbr.dental\/wp-content\/uploads\/2023\/08\/ligne-1.png\" class=\"attachment-large size-large wp-image-22342\" alt=\"\" srcset=\"https:\/\/tbr.dental\/wp-content\/uploads\/2023\/08\/ligne-1.png 302w, https:\/\/tbr.dental\/wp-content\/uploads\/2023\/08\/ligne-1-300x79.png 300w\" sizes=\"(max-width: 302px) 100vw, 302px\" \/>\t\t\t\t\t\t\t\t\t\t\t\t\t\t\t<\/div>\n\t\t\t\t<\/div>\n\t\t\t\t<div class=\"elementor-element elementor-element-ce36091 elementor-hidden-tablet elementor-hidden-mobile elementor-widget elementor-widget-ha-content-switcher happy-addon ha-content-switcher\" data-id=\"ce36091\" data-element_type=\"widget\" data-settings=\"{&quot;ekit_we_effect_on&quot;:&quot;none&quot;}\" data-widget_type=\"ha-content-switcher.default\">\n\t\t\t\t<div class=\"elementor-widget-container\">\n\t\t\t\t\t\t\t<div class=\"ha-content-switcher-wrapper ha-cs-design-button\" data-design-type=\"button\">\n\t\t\t<div class=\"ha-cs-switch-container\">\n\t\t\t\t<div class=\"ha-cs-switch-wrapper  desktop-horizontal horizontal mobile-vertical\">\n\t\t\t\t\t\t\t\t\t\t\t\t\t\t\t\t\t\t<button class=\"ha-cs-button active ha-cs-icon-left\" data-content-id=\"335490a\">\n\t\t\t\t\t\t\t\t\t\t\t\t\t\t\t\t<span>Todos<\/span>\n\t\t\t\t\t\t\t<\/button>\n\t\t\t\t\t\t\t\t\t\t\t\t\t\t\t\t<\/div>\n\t\t\t<\/div>\n\t\t\t<div class=\"ha-cs-content-container\">\n\t\t\t\t<div class=\"ha-cs-content-wrapper  desktop-horizontal horizontal mobile-vertical\">\n\t\t\t\t\t\t\t\t\t\t\t\t\t\t\t\t\t\t<div id=\"335490a\" class=\"ha-cs-content-section active\">\n\t\t\t\t\t\t\t\t\t\t\t\t\t\t\t<\/div>\n\t\t\t\t\t\t\t\t\t\t\t\t\t\t\t\t<\/div>\n\t\t\t<\/div>\n\t\t<\/div>\n\t\t\t\t\t\t<\/div>\n\t\t\t\t<\/div>\n\t\t\t\t\t<\/div>\n\t\t<\/div>\n\t\t\t\t\t<\/div>\n\t\t<\/section>\n\t\t\t\t\t<\/div>\n\t\t<\/div>\n\t\t\t\t\t<\/div>\n\t\t<\/section>\n\t\t\t\t<\/div>\n\t\t","protected":false},"excerpt":{"rendered":"<p>Nuestros art\u00edculos Todos Book of case reviews 2022 Download documentation ORAL &amp; Implantology- Clinical Performance of Titanium-Zirconia Tissue-level Implants in Patients with Wellcontrolled and Poorly-controlled Type 2 Diabetes &#8211; Drs. S. Marconcini , E.Giammarinaro, J.A. Correja , A. Maltagliati, F. Salvado, U. Covani Download documentation EDI 3 2022 &#8211; Immediate placement of titanium implants with [&hellip;]<\/p>\n","protected":false},"author":2,"featured_media":0,"parent":0,"menu_order":0,"comment_status":"closed","ping_status":"closed","template":"elementor_header_footer","meta":{"_acf_changed":false,"footnotes":""},"class_list":["post-20559","page","type-page","status-publish","hentry"],"acf":[],"yoast_head":"<!-- This site is optimized with the Yoast SEO plugin v26.5 - https:\/\/yoast.com\/wordpress\/plugins\/seo\/ -->\n<title>Nuestros art\u00edculos - TBR Dental<\/title>\n<meta name=\"description\" content=\"Centro de descargas para su documentaci\u00f3n digital : implantes, est\u00e9tica, digital, equipos, etc.\" \/>\n<meta name=\"robots\" content=\"index, follow, max-snippet:-1, max-image-preview:large, max-video-preview:-1\" \/>\n<link rel=\"canonical\" href=\"https:\/\/tbr.dental\/es\/nuestros-articulos\/\" \/>\n<meta property=\"og:locale\" content=\"es_ES\" \/>\n<meta property=\"og:type\" content=\"article\" \/>\n<meta property=\"og:title\" content=\"Nuestros art\u00edculos - TBR Dental\" \/>\n<meta property=\"og:description\" content=\"Centro de descargas para su documentaci\u00f3n digital : implantes, est\u00e9tica, digital, equipos, etc.\" \/>\n<meta property=\"og:url\" content=\"https:\/\/tbr.dental\/es\/nuestros-articulos\/\" \/>\n<meta property=\"og:site_name\" content=\"TBR Dental\" \/>\n<meta property=\"article:modified_time\" content=\"2023-08-11T10:26:51+00:00\" \/>\n<meta property=\"og:image\" content=\"https:\/\/tbr.dental\/wp-content\/uploads\/2023\/08\/ligne-1.png\" \/>\n<meta name=\"twitter:card\" content=\"summary_large_image\" \/>\n<meta name=\"twitter:label1\" content=\"Tiempo de lectura\" \/>\n\t<meta name=\"twitter:data1\" content=\"16 minutos\" \/>\n<script type=\"application\/ld+json\" class=\"yoast-schema-graph\">{\"@context\":\"https:\/\/schema.org\",\"@graph\":[{\"@type\":\"WebPage\",\"@id\":\"https:\/\/tbr.dental\/es\/nuestros-articulos\/\",\"url\":\"https:\/\/tbr.dental\/es\/nuestros-articulos\/\",\"name\":\"Nuestros art\u00edculos - TBR Dental\",\"isPartOf\":{\"@id\":\"http:\/\/tbr.dental\/en\/#website\"},\"primaryImageOfPage\":{\"@id\":\"https:\/\/tbr.dental\/es\/nuestros-articulos\/#primaryimage\"},\"image\":{\"@id\":\"https:\/\/tbr.dental\/es\/nuestros-articulos\/#primaryimage\"},\"thumbnailUrl\":\"https:\/\/tbr.dental\/wp-content\/uploads\/2023\/08\/ligne-1.png\",\"datePublished\":\"2023-05-31T13:48:23+00:00\",\"dateModified\":\"2023-08-11T10:26:51+00:00\",\"description\":\"Centro de descargas para su documentaci\u00f3n digital : implantes, est\u00e9tica, digital, equipos, etc.\",\"breadcrumb\":{\"@id\":\"https:\/\/tbr.dental\/es\/nuestros-articulos\/#breadcrumb\"},\"inLanguage\":\"es\",\"potentialAction\":[{\"@type\":\"ReadAction\",\"target\":[\"https:\/\/tbr.dental\/es\/nuestros-articulos\/\"]}]},{\"@type\":\"ImageObject\",\"inLanguage\":\"es\",\"@id\":\"https:\/\/tbr.dental\/es\/nuestros-articulos\/#primaryimage\",\"url\":\"https:\/\/tbr.dental\/wp-content\/uploads\/2023\/08\/ligne-1.png\",\"contentUrl\":\"https:\/\/tbr.dental\/wp-content\/uploads\/2023\/08\/ligne-1.png\"},{\"@type\":\"BreadcrumbList\",\"@id\":\"https:\/\/tbr.dental\/es\/nuestros-articulos\/#breadcrumb\",\"itemListElement\":[{\"@type\":\"ListItem\",\"position\":1,\"name\":\"Accueil\",\"item\":\"http:\/\/tbr.dental\/\"},{\"@type\":\"ListItem\",\"position\":2,\"name\":\"Nuestros art\u00edculos\"}]},{\"@type\":\"WebSite\",\"@id\":\"http:\/\/tbr.dental\/en\/#website\",\"url\":\"http:\/\/tbr.dental\/en\/\",\"name\":\"TBR Dental\",\"description\":\"\",\"publisher\":{\"@id\":\"http:\/\/tbr.dental\/en\/#organization\"},\"potentialAction\":[{\"@type\":\"SearchAction\",\"target\":{\"@type\":\"EntryPoint\",\"urlTemplate\":\"http:\/\/tbr.dental\/en\/?s={search_term_string}\"},\"query-input\":{\"@type\":\"PropertyValueSpecification\",\"valueRequired\":true,\"valueName\":\"search_term_string\"}}],\"inLanguage\":\"es\"},{\"@type\":\"Organization\",\"@id\":\"http:\/\/tbr.dental\/en\/#organization\",\"name\":\"TBR Dental\",\"url\":\"http:\/\/tbr.dental\/en\/\",\"logo\":{\"@type\":\"ImageObject\",\"inLanguage\":\"es\",\"@id\":\"http:\/\/tbr.dental\/en\/#\/schema\/logo\/image\/\",\"url\":\"https:\/\/tbr.dental\/wp-content\/uploads\/2023\/01\/Logo-TBR-2018-black.png\",\"contentUrl\":\"https:\/\/tbr.dental\/wp-content\/uploads\/2023\/01\/Logo-TBR-2018-black.png\",\"width\":2107,\"height\":457,\"caption\":\"TBR Dental\"},\"image\":{\"@id\":\"http:\/\/tbr.dental\/en\/#\/schema\/logo\/image\/\"}}]}<\/script>\n<!-- \/ Yoast SEO plugin. -->","yoast_head_json":{"title":"Nuestros art\u00edculos - TBR Dental","description":"Centro de descargas para su documentaci\u00f3n digital : implantes, est\u00e9tica, digital, equipos, etc.","robots":{"index":"index","follow":"follow","max-snippet":"max-snippet:-1","max-image-preview":"max-image-preview:large","max-video-preview":"max-video-preview:-1"},"canonical":"https:\/\/tbr.dental\/es\/nuestros-articulos\/","og_locale":"es_ES","og_type":"article","og_title":"Nuestros art\u00edculos - TBR Dental","og_description":"Centro de descargas para su documentaci\u00f3n digital : implantes, est\u00e9tica, digital, equipos, etc.","og_url":"https:\/\/tbr.dental\/es\/nuestros-articulos\/","og_site_name":"TBR Dental","article_modified_time":"2023-08-11T10:26:51+00:00","og_image":[{"url":"https:\/\/tbr.dental\/wp-content\/uploads\/2023\/08\/ligne-1.png","type":"","width":"","height":""}],"twitter_card":"summary_large_image","twitter_misc":{"Tiempo de lectura":"16 minutos"},"schema":{"@context":"https:\/\/schema.org","@graph":[{"@type":"WebPage","@id":"https:\/\/tbr.dental\/es\/nuestros-articulos\/","url":"https:\/\/tbr.dental\/es\/nuestros-articulos\/","name":"Nuestros art\u00edculos - TBR Dental","isPartOf":{"@id":"http:\/\/tbr.dental\/en\/#website"},"primaryImageOfPage":{"@id":"https:\/\/tbr.dental\/es\/nuestros-articulos\/#primaryimage"},"image":{"@id":"https:\/\/tbr.dental\/es\/nuestros-articulos\/#primaryimage"},"thumbnailUrl":"https:\/\/tbr.dental\/wp-content\/uploads\/2023\/08\/ligne-1.png","datePublished":"2023-05-31T13:48:23+00:00","dateModified":"2023-08-11T10:26:51+00:00","description":"Centro de descargas para su documentaci\u00f3n digital : implantes, est\u00e9tica, digital, equipos, etc.","breadcrumb":{"@id":"https:\/\/tbr.dental\/es\/nuestros-articulos\/#breadcrumb"},"inLanguage":"es","potentialAction":[{"@type":"ReadAction","target":["https:\/\/tbr.dental\/es\/nuestros-articulos\/"]}]},{"@type":"ImageObject","inLanguage":"es","@id":"https:\/\/tbr.dental\/es\/nuestros-articulos\/#primaryimage","url":"https:\/\/tbr.dental\/wp-content\/uploads\/2023\/08\/ligne-1.png","contentUrl":"https:\/\/tbr.dental\/wp-content\/uploads\/2023\/08\/ligne-1.png"},{"@type":"BreadcrumbList","@id":"https:\/\/tbr.dental\/es\/nuestros-articulos\/#breadcrumb","itemListElement":[{"@type":"ListItem","position":1,"name":"Accueil","item":"http:\/\/tbr.dental\/"},{"@type":"ListItem","position":2,"name":"Nuestros art\u00edculos"}]},{"@type":"WebSite","@id":"http:\/\/tbr.dental\/en\/#website","url":"http:\/\/tbr.dental\/en\/","name":"TBR Dental","description":"","publisher":{"@id":"http:\/\/tbr.dental\/en\/#organization"},"potentialAction":[{"@type":"SearchAction","target":{"@type":"EntryPoint","urlTemplate":"http:\/\/tbr.dental\/en\/?s={search_term_string}"},"query-input":{"@type":"PropertyValueSpecification","valueRequired":true,"valueName":"search_term_string"}}],"inLanguage":"es"},{"@type":"Organization","@id":"http:\/\/tbr.dental\/en\/#organization","name":"TBR Dental","url":"http:\/\/tbr.dental\/en\/","logo":{"@type":"ImageObject","inLanguage":"es","@id":"http:\/\/tbr.dental\/en\/#\/schema\/logo\/image\/","url":"https:\/\/tbr.dental\/wp-content\/uploads\/2023\/01\/Logo-TBR-2018-black.png","contentUrl":"https:\/\/tbr.dental\/wp-content\/uploads\/2023\/01\/Logo-TBR-2018-black.png","width":2107,"height":457,"caption":"TBR Dental"},"image":{"@id":"http:\/\/tbr.dental\/en\/#\/schema\/logo\/image\/"}}]}},"_links":{"self":[{"href":"https:\/\/tbr.dental\/es\/wp-json\/wp\/v2\/pages\/20559","targetHints":{"allow":["GET"]}}],"collection":[{"href":"https:\/\/tbr.dental\/es\/wp-json\/wp\/v2\/pages"}],"about":[{"href":"https:\/\/tbr.dental\/es\/wp-json\/wp\/v2\/types\/page"}],"author":[{"embeddable":true,"href":"https:\/\/tbr.dental\/es\/wp-json\/wp\/v2\/users\/2"}],"replies":[{"embeddable":true,"href":"https:\/\/tbr.dental\/es\/wp-json\/wp\/v2\/comments?post=20559"}],"version-history":[{"count":0,"href":"https:\/\/tbr.dental\/es\/wp-json\/wp\/v2\/pages\/20559\/revisions"}],"wp:attachment":[{"href":"https:\/\/tbr.dental\/es\/wp-json\/wp\/v2\/media?parent=20559"}],"curies":[{"name":"wp","href":"https:\/\/api.w.org\/{rel}","templated":true}]}}