{"id":19141,"date":"2023-03-08T14:32:28","date_gmt":"2023-03-08T13:32:28","guid":{"rendered":"https:\/\/tbr.dental\/bloques-de-disilicato-de-litio\/"},"modified":"2025-02-10T20:47:51","modified_gmt":"2025-02-10T19:47:51","slug":"bloques-de-disilicato-de-litio","status":"publish","type":"page","link":"https:\/\/tbr.dental\/es\/bloques-de-disilicato-de-litio\/","title":{"rendered":"Bloques de disilicato de litio"},"content":{"rendered":"\t\t<div data-elementor-type=\"wp-page\" data-elementor-id=\"19141\" class=\"elementor elementor-19141 elementor-18986\" data-elementor-settings=\"{&quot;ha_cmc_init_switcher&quot;:&quot;no&quot;}\" data-elementor-post-type=\"page\">\n\t\t\t\t\t\t<section class=\"elementor-section elementor-top-section elementor-element elementor-element-2f5e2aa elementor-section-height-min-height elementor-section-boxed elementor-section-height-default elementor-section-items-middle\" data-id=\"2f5e2aa\" data-element_type=\"section\" data-settings=\"{&quot;jet_parallax_layout_list&quot;:[],&quot;background_background&quot;:&quot;classic&quot;,&quot;_ha_eqh_enable&quot;:false}\">\n\t\t\t\t\t\t<div class=\"elementor-container elementor-column-gap-default\">\n\t\t\t\t\t<div class=\"elementor-column elementor-col-100 elementor-top-column elementor-element elementor-element-15a6d8f\" data-id=\"15a6d8f\" data-element_type=\"column\">\n\t\t\t<div class=\"elementor-widget-wrap elementor-element-populated\">\n\t\t\t\t\t\t<section class=\"elementor-section elementor-inner-section elementor-element elementor-element-538b18d elementor-section-boxed elementor-section-height-default elementor-section-height-default\" data-id=\"538b18d\" data-element_type=\"section\" data-settings=\"{&quot;jet_parallax_layout_list&quot;:[],&quot;_ha_eqh_enable&quot;:false}\">\n\t\t\t\t\t\t<div class=\"elementor-container elementor-column-gap-default\">\n\t\t\t\t\t<div class=\"elementor-column elementor-col-100 elementor-inner-column elementor-element elementor-element-97ed9da\" data-id=\"97ed9da\" data-element_type=\"column\">\n\t\t\t<div class=\"elementor-widget-wrap elementor-element-populated\">\n\t\t\t\t\t\t<div class=\"elementor-element elementor-element-e83cf2b elementor-widget elementor-widget-jet-animated-text\" data-id=\"e83cf2b\" data-element_type=\"widget\" data-settings=\"{&quot;ekit_we_effect_on&quot;:&quot;none&quot;}\" data-widget_type=\"jet-animated-text.default\">\n\t\t\t\t<div class=\"elementor-widget-container\">\n\t\t\t\t\t<div class=\"elementor-jet-animated-text jet-elements\">\n<div class=\"jet-animated-text jet-animated-text--effect-fx6\" data-settings='{&quot;effect&quot;:&quot;fx6&quot;,&quot;delay&quot;:3000}'>\n\t<div class=\"jet-animated-text__before-text\">\n\t<span>Index<\/span>&nbsp;<\/div>\n\t<div class=\"jet-animated-text__animated-text\">\n<div class=\"jet-animated-text__animated-text-item active visible\" dir=\"ltr\">\n\t<span>M<\/span><span>a<\/span><span>x<\/span><\/div>\n<\/div>\t<\/div><\/div>\t\t\t\t<\/div>\n\t\t\t\t<\/div>\n\t\t\t\t<div class=\"elementor-element elementor-element-e4ca773 elementor-widget elementor-widget-heading\" data-id=\"e4ca773\" data-element_type=\"widget\" data-settings=\"{&quot;ekit_we_effect_on&quot;:&quot;none&quot;}\" data-widget_type=\"heading.default\">\n\t\t\t\t<div class=\"elementor-widget-container\">\n\t\t\t\t\t<h3 class=\"elementor-heading-title elementor-size-default\">Bloques de disilicato de litio<\/h3>\t\t\t\t<\/div>\n\t\t\t\t<\/div>\n\t\t\t\t\t<\/div>\n\t\t<\/div>\n\t\t\t\t\t<\/div>\n\t\t<\/section>\n\t\t\t\t\t<\/div>\n\t\t<\/div>\n\t\t\t\t\t<\/div>\n\t\t<\/section>\n\t\t\t\t<section class=\"elementor-section elementor-top-section elementor-element elementor-element-9b3fb40 elementor-section-boxed elementor-section-height-default elementor-section-height-default\" data-id=\"9b3fb40\" data-element_type=\"section\" data-settings=\"{&quot;jet_parallax_layout_list&quot;:[],&quot;_ha_eqh_enable&quot;:false}\">\n\t\t\t\t\t\t<div class=\"elementor-container elementor-column-gap-default\">\n\t\t\t\t\t<div class=\"elementor-column elementor-col-100 elementor-top-column elementor-element elementor-element-b060a4a\" data-id=\"b060a4a\" data-element_type=\"column\">\n\t\t\t<div class=\"elementor-widget-wrap elementor-element-populated\">\n\t\t\t\t\t\t<section class=\"elementor-section elementor-inner-section elementor-element elementor-element-8334775 elementor-section-boxed elementor-section-height-default elementor-section-height-default\" data-id=\"8334775\" data-element_type=\"section\" data-settings=\"{&quot;jet_parallax_layout_list&quot;:[],&quot;_ha_eqh_enable&quot;:false}\">\n\t\t\t\t\t\t<div class=\"elementor-container elementor-column-gap-extended\">\n\t\t\t\t\t<div class=\"elementor-column elementor-col-50 elementor-inner-column elementor-element elementor-element-26ceec2\" data-id=\"26ceec2\" data-element_type=\"column\">\n\t\t\t<div class=\"elementor-widget-wrap elementor-element-populated\">\n\t\t\t\t\t\t<div class=\"elementor-element elementor-element-5079e3e elementor-hidden-desktop elementor-hidden-tablet elementor-widget elementor-widget-image\" data-id=\"5079e3e\" data-element_type=\"widget\" data-settings=\"{&quot;ekit_we_effect_on&quot;:&quot;none&quot;}\" data-widget_type=\"image.default\">\n\t\t\t\t<div class=\"elementor-widget-container\">\n\t\t\t\t\t\t\t\t\t\t\t\t\t\t\t<img fetchpriority=\"high\" decoding=\"async\" width=\"1024\" height=\"621\" src=\"https:\/\/tbr.dental\/wp-content\/uploads\/2024\/02\/Index-Max-2-1-1024x621-2.png\" class=\"attachment-large size-large wp-image-27449\" alt=\"\" srcset=\"https:\/\/tbr.dental\/wp-content\/uploads\/2024\/02\/Index-Max-2-1-1024x621-2.png 1024w, https:\/\/tbr.dental\/wp-content\/uploads\/2024\/02\/Index-Max-2-1-1024x621-2-300x182.png 300w, https:\/\/tbr.dental\/wp-content\/uploads\/2024\/02\/Index-Max-2-1-1024x621-2-768x466.png 768w\" sizes=\"(max-width: 1024px) 100vw, 1024px\" \/>\t\t\t\t\t\t\t\t\t\t\t\t\t\t\t<\/div>\n\t\t\t\t<\/div>\n\t\t\t\t<div class=\"elementor-element elementor-element-e01da72 elementor-widget elementor-widget-text-editor\" data-id=\"e01da72\" data-element_type=\"widget\" data-settings=\"{&quot;ekit_we_effect_on&quot;:&quot;none&quot;}\" data-widget_type=\"text-editor.default\">\n\t\t\t\t<div class=\"elementor-widget-container\">\n\t\t\t\t\t\t\t\t\t<div class=\"text f-18\"><div class=\"text f-18\"><div class=\"text f-18\"><p>Index Max es un bloque de vitrocer\u00e1mica de disilicato de litio con una est\u00e9tica estable y duradera y una gran precisi\u00f3n en los resultados.<\/p><p>Index Max ha mejorado la translucidez, durabilidad y resistencia para restauraciones anat\u00f3micas completas. Gracias al uso de nuevas tecnolog\u00edas y par\u00e1metros de procesamiento optimizados, Index Max ha evolucionado m\u00e1s all\u00e1 de las cer\u00e1micas de disilicato de litio disponibles.<\/p><p>Index Max puede utilizarse para restauraciones est\u00e9ticas de alta eficiencia como: inlays, onlays, coronas parciales, coronas anteriores, coronas posteriores, etc.<\/p><\/div><\/div><\/div>\t\t\t\t\t\t\t\t<\/div>\n\t\t\t\t<\/div>\n\t\t\t\t<div class=\"elementor-element elementor-element-c1c6b65 elementor-widget elementor-widget-ha-creative-button happy-addon ha-creative-button\" data-id=\"c1c6b65\" data-element_type=\"widget\" data-settings=\"{&quot;ekit_we_effect_on&quot;:&quot;none&quot;}\" data-widget_type=\"ha-creative-button.default\">\n\t\t\t\t<div class=\"elementor-widget-container\">\n\t\t\t\t\t\t\t<div data-magnetic=\"no\" class=\"ha-creative-btn-wrap\">\n\t\t\t<a class=\"ha-creative-btn ha-stl--estilo ha-eft--dissolve\" href=\"#elementor-action%3Aaction%3Dpopup%3Aopen%26settings%3DeyJpZCI6IjE2OTM0IiwidG9nZ2xlIjpmYWxzZX0%3D\" rel=\"nofollow\">Descubrir<\/a>\n\t\t<\/div>\t\t\t\t<\/div>\n\t\t\t\t<\/div>\n\t\t\t\t\t<\/div>\n\t\t<\/div>\n\t\t\t\t<div class=\"elementor-column elementor-col-50 elementor-inner-column elementor-element elementor-element-8b75674\" data-id=\"8b75674\" data-element_type=\"column\">\n\t\t\t<div class=\"elementor-widget-wrap elementor-element-populated\">\n\t\t\t\t\t\t<div class=\"elementor-element elementor-element-1b569cb elementor-hidden-mobile elementor-widget elementor-widget-image\" data-id=\"1b569cb\" data-element_type=\"widget\" data-settings=\"{&quot;ekit_we_effect_on&quot;:&quot;none&quot;}\" data-widget_type=\"image.default\">\n\t\t\t\t<div class=\"elementor-widget-container\">\n\t\t\t\t\t\t\t\t\t\t\t\t\t\t\t<img fetchpriority=\"high\" decoding=\"async\" width=\"1024\" height=\"621\" src=\"https:\/\/tbr.dental\/wp-content\/uploads\/2024\/02\/Index-Max-2-1-1024x621-2.png\" class=\"attachment-large size-large wp-image-27449\" alt=\"\" srcset=\"https:\/\/tbr.dental\/wp-content\/uploads\/2024\/02\/Index-Max-2-1-1024x621-2.png 1024w, https:\/\/tbr.dental\/wp-content\/uploads\/2024\/02\/Index-Max-2-1-1024x621-2-300x182.png 300w, https:\/\/tbr.dental\/wp-content\/uploads\/2024\/02\/Index-Max-2-1-1024x621-2-768x466.png 768w\" sizes=\"(max-width: 1024px) 100vw, 1024px\" \/>\t\t\t\t\t\t\t\t\t\t\t\t\t\t\t<\/div>\n\t\t\t\t<\/div>\n\t\t\t\t<div class=\"elementor-element elementor-element-baf1ec5 ha-column-alignment-center ha-column-icon-left ha-row-icon-top ha-column-alignment-center ha-row-alignment-center ha-data-table-responsive-scroll-yes elementor-widget__width-inherit ha-row-alignment-center ha-row-icon-right elementor-widget elementor-widget-ha-data-table happy-addon ha-data-table\" data-id=\"baf1ec5\" data-element_type=\"widget\" data-settings=\"{&quot;ekit_we_effect_on&quot;:&quot;none&quot;}\" data-widget_type=\"ha-data-table.default\">\n\t\t\t\t<div class=\"elementor-widget-container\">\n\t\t\t\t\t\n\t\t<table class=\"ha-table\">\n\t\t\t<thead class=\"ha-table__head\">\n\t\t\t\t<tr class=\"ha-table__head-column\">\n\t\t\t\t\t\t\t\t\t\t\t<th class=\"ha-table__head-column-cell elementor-repeater-item-0bee7c0\">\n\t\t\t\t\t\t\t<div class=\"ha-table__head-column-cell-wrap\">\n\t\t\t\t\t\t\t\t<div class=\"ha-table__head-column-cell-text\"><\/div>\n\t\t\t\t\t\t\t\t\t\n\t\t\t\t\t\t\t\t\t\t\t\t\t\t\t\t<\/div>\n\t\t\t\t\t\t<\/th>\n\t\t\t\t\t\t\t\t\t\t\t<th class=\"ha-table__head-column-cell elementor-repeater-item-69b991e\">\n\t\t\t\t\t\t\t<div class=\"ha-table__head-column-cell-wrap\">\n\t\t\t\t\t\t\t\t<div class=\"ha-table__head-column-cell-text\">HT<\/div>\n\t\t\t\t\t\t\t\t\t\n\t\t\t\t\t\t\t\t\t\t\t\t\t\t\t\t<\/div>\n\t\t\t\t\t\t<\/th>\n\t\t\t\t\t\t\t\t\t\t\t<th class=\"ha-table__head-column-cell elementor-repeater-item-eb04866\">\n\t\t\t\t\t\t\t<div class=\"ha-table__head-column-cell-wrap\">\n\t\t\t\t\t\t\t\t<div class=\"ha-table__head-column-cell-text\">LT<\/div>\n\t\t\t\t\t\t\t\t\t\n\t\t\t\t\t\t\t\t\t\t\t\t\t\t\t\t<\/div>\n\t\t\t\t\t\t<\/th>\n\t\t\t\t\t\t\t\t\t<\/tr>\n\t\t\t<\/thead>\n\n\t\t\t<tbody class=\"ha-table__body\">\n\t\t\t\t\t\t\t\t\t<tr class=\"ha-table__body-row\">\n\t\t\t\t\t\t\t\t\t\t\t\t\t\t<td class=\"ha-table__body-row-cell elementor-repeater-item-5d0e5ed\">\n\t\t\t\t\t\t\t\t\t<div class=\"ha-table__body-row-cell-wrap\">\n\t\t\t\t\t\t\t\t\t\t<div class=\"ha-table__body-row-cell-text\">\n\t\t\t\t\t\t\t\t\t\t\tTama\u00f1o\t\t\t\t\t\t\t\t\t\t<\/div>\n\n\t\t\t\t\t\t\t\t\t\t\n\t\t\t\t\t\t\t\t\t\t\t\t\t\t\t\t\t\t\t<\/div>\n\t\t\t\t\t\t\t\t<\/td>\n\t\t\t\t\t\t\t\t\t\t\t\t\t\t\t<td class=\"ha-table__body-row-cell elementor-repeater-item-7db9827\">\n\t\t\t\t\t\t\t\t\t<div class=\"ha-table__body-row-cell-wrap\">\n\t\t\t\t\t\t\t\t\t\t<div class=\"ha-table__body-row-cell-text\">\n\t\t\t\t\t\t\t\t\t\t\t18 15 13\t\t\t\t\t\t\t\t\t\t<\/div>\n\n\t\t\t\t\t\t\t\t\t\t\n\t\t\t\t\t\t\t\t\t\t\t\t\t\t\t\t\t\t\t<\/div>\n\t\t\t\t\t\t\t\t<\/td>\n\t\t\t\t\t\t\t\t\t\t\t\t\t\t\t<td class=\"ha-table__body-row-cell elementor-repeater-item-8f233bb\">\n\t\t\t\t\t\t\t\t\t<div class=\"ha-table__body-row-cell-wrap\">\n\t\t\t\t\t\t\t\t\t\t<div class=\"ha-table__body-row-cell-text\">\n\t\t\t\t\t\t\t\t\t\t\t18 15 13 \t\t\t\t\t\t\t\t\t\t<\/div>\n\n\t\t\t\t\t\t\t\t\t\t\n\t\t\t\t\t\t\t\t\t\t\t\t\t\t\t\t\t\t\t<\/div>\n\t\t\t\t\t\t\t\t<\/td>\n\t\t\t\t\t\t\t\t\t\t\t\t<\/tr>\n\t\t\t\t\t\t\t\t\t<tr class=\"ha-table__body-row\">\n\t\t\t\t\t\t\t\t\t\t\t<\/tr>\n\t\t\t\t\t\t\t\t\t<tr class=\"ha-table__body-row\">\n\t\t\t\t\t\t\t\t\t\t\t\t\t\t<td class=\"ha-table__body-row-cell elementor-repeater-item-ee238cc\">\n\t\t\t\t\t\t\t\t\t<div class=\"ha-table__body-row-cell-wrap\">\n\t\t\t\t\t\t\t\t\t\t<div class=\"ha-table__body-row-cell-text\">\n\t\t\t\t\t\t\t\t\t\t\tColores\t\t\t\t\t\t\t\t\t\t<\/div>\n\n\t\t\t\t\t\t\t\t\t\t\n\t\t\t\t\t\t\t\t\t\t\t\t\t\t\t\t\t\t\t<\/div>\n\t\t\t\t\t\t\t\t<\/td>\n\t\t\t\t\t\t\t\t\t\t\t\t\t\t\t<td class=\"ha-table__body-row-cell elementor-repeater-item-84af9d5\">\n\t\t\t\t\t\t\t\t\t<div class=\"ha-table__body-row-cell-wrap\">\n\t\t\t\t\t\t\t\t\t\t<div class=\"ha-table__body-row-cell-text\">\n\t\t\t\t\t\t\t\t\t\t\tA2 A3 A3.5 <br> B1 BL1\t\t\t\t\t\t\t\t\t\t<\/div>\n\n\t\t\t\t\t\t\t\t\t\t\n\t\t\t\t\t\t\t\t\t\t\t\t\t\t\t\t\t\t\t<\/div>\n\t\t\t\t\t\t\t\t<\/td>\n\t\t\t\t\t\t\t\t\t\t\t\t\t\t\t<td class=\"ha-table__body-row-cell elementor-repeater-item-8ffd20f\">\n\t\t\t\t\t\t\t\t\t<div class=\"ha-table__body-row-cell-wrap\">\n\t\t\t\t\t\t\t\t\t\t<div class=\"ha-table__body-row-cell-text\">\n\t\t\t\t\t\t\t\t\t\t\tA1 A2 A3 A3.5 <br> B1 BL1 C2 D2\t\t\t\t\t\t\t\t\t\t<\/div>\n\n\t\t\t\t\t\t\t\t\t\t\n\t\t\t\t\t\t\t\t\t\t\t\t\t\t\t\t\t\t\t<\/div>\n\t\t\t\t\t\t\t\t<\/td>\n\t\t\t\t\t\t\t\t\t\t\t\t<\/tr>\n\t\t\t\t\t\t\t\t\t<tr class=\"ha-table__body-row\">\n\t\t\t\t\t\t\t\t\t\t\t<\/tr>\n\t\t\t\t\t\t\t<\/tbody>\n\t\t<\/table>\n\n\t\t\t\t\t\t<\/div>\n\t\t\t\t<\/div>\n\t\t\t\t\t<\/div>\n\t\t<\/div>\n\t\t\t\t\t<\/div>\n\t\t<\/section>\n\t\t\t\t\t<\/div>\n\t\t<\/div>\n\t\t\t\t\t<\/div>\n\t\t<\/section>\n\t\t\t\t<section class=\"elementor-section elementor-top-section elementor-element elementor-element-99a3560 elementor-section-boxed elementor-section-height-default elementor-section-height-default\" data-id=\"99a3560\" data-element_type=\"section\" data-settings=\"{&quot;jet_parallax_layout_list&quot;:[],&quot;_ha_eqh_enable&quot;:false}\">\n\t\t\t\t\t\t<div class=\"elementor-container elementor-column-gap-default\">\n\t\t\t\t\t<div class=\"elementor-column elementor-col-100 elementor-top-column elementor-element elementor-element-e797891\" data-id=\"e797891\" data-element_type=\"column\">\n\t\t\t<div class=\"elementor-widget-wrap elementor-element-populated\">\n\t\t\t\t\t\t<section class=\"elementor-section elementor-inner-section elementor-element elementor-element-823ffc9 elementor-section-boxed elementor-section-height-default elementor-section-height-default\" data-id=\"823ffc9\" data-element_type=\"section\" data-settings=\"{&quot;jet_parallax_layout_list&quot;:[],&quot;_ha_eqh_enable&quot;:false}\">\n\t\t\t\t\t\t<div class=\"elementor-container elementor-column-gap-default\">\n\t\t\t\t\t<div class=\"elementor-column elementor-col-50 elementor-inner-column elementor-element elementor-element-b0e153b elementor-invisible\" data-id=\"b0e153b\" data-element_type=\"column\" data-settings=\"{&quot;animation&quot;:&quot;fadeInRight&quot;}\">\n\t\t\t<div class=\"elementor-widget-wrap elementor-element-populated\">\n\t\t\t\t\t\t<div class=\"elementor-element elementor-element-5667aec elementor-widget elementor-widget-image\" data-id=\"5667aec\" data-element_type=\"widget\" data-settings=\"{&quot;ekit_we_effect_on&quot;:&quot;none&quot;}\" data-widget_type=\"image.default\">\n\t\t\t\t<div class=\"elementor-widget-container\">\n\t\t\t\t\t\t\t\t\t\t\t\t\t\t\t<img decoding=\"async\" width=\"883\" height=\"583\" src=\"https:\/\/tbr.dental\/wp-content\/uploads\/2024\/02\/Index-Max-1.jpg\" class=\"attachment-full size-full wp-image-27459\" alt=\"\" srcset=\"https:\/\/tbr.dental\/wp-content\/uploads\/2024\/02\/Index-Max-1.jpg 883w, https:\/\/tbr.dental\/wp-content\/uploads\/2024\/02\/Index-Max-1-300x198.jpg 300w, https:\/\/tbr.dental\/wp-content\/uploads\/2024\/02\/Index-Max-1-768x507.jpg 768w\" sizes=\"(max-width: 883px) 100vw, 883px\" \/>\t\t\t\t\t\t\t\t\t\t\t\t\t\t\t<\/div>\n\t\t\t\t<\/div>\n\t\t\t\t\t<\/div>\n\t\t<\/div>\n\t\t\t\t<div class=\"elementor-column elementor-col-50 elementor-inner-column elementor-element elementor-element-42902f4 elementor-invisible\" data-id=\"42902f4\" data-element_type=\"column\" data-settings=\"{&quot;animation&quot;:&quot;fadeInRight&quot;}\">\n\t\t\t<div class=\"elementor-widget-wrap elementor-element-populated\">\n\t\t\t\t\t\t<div class=\"elementor-element elementor-element-b04c8d4 elementor-widget elementor-widget-image\" data-id=\"b04c8d4\" data-element_type=\"widget\" data-settings=\"{&quot;ekit_we_effect_on&quot;:&quot;none&quot;}\" data-widget_type=\"image.default\">\n\t\t\t\t<div class=\"elementor-widget-container\">\n\t\t\t\t\t\t\t\t\t\t\t\t\t\t\t<img decoding=\"async\" width=\"883\" height=\"583\" src=\"https:\/\/tbr.dental\/wp-content\/uploads\/2024\/02\/DAN.png\" class=\"attachment-full size-full wp-image-27464\" alt=\"\" srcset=\"https:\/\/tbr.dental\/wp-content\/uploads\/2024\/02\/DAN.png 883w, https:\/\/tbr.dental\/wp-content\/uploads\/2024\/02\/DAN-300x198.png 300w, https:\/\/tbr.dental\/wp-content\/uploads\/2024\/02\/DAN-768x507.png 768w\" sizes=\"(max-width: 883px) 100vw, 883px\" \/>\t\t\t\t\t\t\t\t\t\t\t\t\t\t\t<\/div>\n\t\t\t\t<\/div>\n\t\t\t\t\t<\/div>\n\t\t<\/div>\n\t\t\t\t\t<\/div>\n\t\t<\/section>\n\t\t\t\t\t<\/div>\n\t\t<\/div>\n\t\t\t\t\t<\/div>\n\t\t<\/section>\n\t\t\t\t<\/div>\n\t\t","protected":false},"excerpt":{"rendered":"<p>Index&nbsp; Max Bloques de disilicato de litio Index Max es un bloque de vitrocer\u00e1mica de disilicato de litio con una est\u00e9tica estable y duradera y una gran precisi\u00f3n en los resultados. Index Max ha mejorado la translucidez, durabilidad y resistencia para restauraciones anat\u00f3micas completas. Gracias al uso de nuevas tecnolog\u00edas y par\u00e1metros de procesamiento optimizados, [&hellip;]<\/p>\n","protected":false},"author":2,"featured_media":0,"parent":0,"menu_order":0,"comment_status":"closed","ping_status":"closed","template":"elementor_header_footer","meta":{"_acf_changed":false,"footnotes":""},"class_list":["post-19141","page","type-page","status-publish","hentry"],"acf":[],"yoast_head":"<!-- This site is optimized with the Yoast SEO plugin v26.5 - https:\/\/yoast.com\/wordpress\/plugins\/seo\/ -->\n<title>Bloques de disilicato de litio - TBR Dental<\/title>\n<meta name=\"description\" content=\"Index Max es un bloque de vitrocer\u00e1mica de disilicato de litio con una est\u00e9tica estable y duradera y una gran precisi\u00f3n en los resultados.\" \/>\n<meta name=\"robots\" content=\"index, follow, max-snippet:-1, max-image-preview:large, max-video-preview:-1\" \/>\n<link rel=\"canonical\" href=\"https:\/\/tbr.dental\/es\/bloques-de-disilicato-de-litio\/\" \/>\n<meta property=\"og:locale\" content=\"es_ES\" \/>\n<meta property=\"og:type\" content=\"article\" \/>\n<meta property=\"og:title\" content=\"Bloques de disilicato de litio - TBR Dental\" \/>\n<meta property=\"og:description\" content=\"Index Max es un bloque de vitrocer\u00e1mica de disilicato de litio con una est\u00e9tica estable y duradera y una gran precisi\u00f3n en los resultados.\" \/>\n<meta property=\"og:url\" content=\"https:\/\/tbr.dental\/es\/bloques-de-disilicato-de-litio\/\" \/>\n<meta property=\"og:site_name\" content=\"TBR Dental\" \/>\n<meta property=\"article:modified_time\" content=\"2025-02-10T19:47:51+00:00\" \/>\n<meta property=\"og:image\" content=\"http:\/\/tbr.dental\/wp-content\/uploads\/2024\/02\/Index-Max-2-1-1024x621-2.png\" \/>\n<meta name=\"twitter:card\" content=\"summary_large_image\" \/>\n<meta name=\"twitter:label1\" content=\"Tiempo de lectura\" \/>\n\t<meta name=\"twitter:data1\" content=\"2 minutos\" \/>\n<script type=\"application\/ld+json\" class=\"yoast-schema-graph\">{\"@context\":\"https:\/\/schema.org\",\"@graph\":[{\"@type\":\"WebPage\",\"@id\":\"https:\/\/tbr.dental\/es\/bloques-de-disilicato-de-litio\/\",\"url\":\"https:\/\/tbr.dental\/es\/bloques-de-disilicato-de-litio\/\",\"name\":\"Bloques de disilicato de litio - TBR Dental\",\"isPartOf\":{\"@id\":\"http:\/\/tbr.dental\/en\/#website\"},\"primaryImageOfPage\":{\"@id\":\"https:\/\/tbr.dental\/es\/bloques-de-disilicato-de-litio\/#primaryimage\"},\"image\":{\"@id\":\"https:\/\/tbr.dental\/es\/bloques-de-disilicato-de-litio\/#primaryimage\"},\"thumbnailUrl\":\"http:\/\/tbr.dental\/wp-content\/uploads\/2024\/02\/Index-Max-2-1-1024x621-2.png\",\"datePublished\":\"2023-03-08T13:32:28+00:00\",\"dateModified\":\"2025-02-10T19:47:51+00:00\",\"description\":\"Index Max es un bloque de vitrocer\u00e1mica de disilicato de litio con una est\u00e9tica estable y duradera y una gran precisi\u00f3n en los resultados.\",\"breadcrumb\":{\"@id\":\"https:\/\/tbr.dental\/es\/bloques-de-disilicato-de-litio\/#breadcrumb\"},\"inLanguage\":\"es\",\"potentialAction\":[{\"@type\":\"ReadAction\",\"target\":[\"https:\/\/tbr.dental\/es\/bloques-de-disilicato-de-litio\/\"]}]},{\"@type\":\"ImageObject\",\"inLanguage\":\"es\",\"@id\":\"https:\/\/tbr.dental\/es\/bloques-de-disilicato-de-litio\/#primaryimage\",\"url\":\"http:\/\/tbr.dental\/wp-content\/uploads\/2024\/02\/Index-Max-2-1-1024x621-2.png\",\"contentUrl\":\"http:\/\/tbr.dental\/wp-content\/uploads\/2024\/02\/Index-Max-2-1-1024x621-2.png\"},{\"@type\":\"BreadcrumbList\",\"@id\":\"https:\/\/tbr.dental\/es\/bloques-de-disilicato-de-litio\/#breadcrumb\",\"itemListElement\":[{\"@type\":\"ListItem\",\"position\":1,\"name\":\"Accueil\",\"item\":\"http:\/\/tbr.dental\/\"},{\"@type\":\"ListItem\",\"position\":2,\"name\":\"Bloques de disilicato de litio\"}]},{\"@type\":\"WebSite\",\"@id\":\"http:\/\/tbr.dental\/en\/#website\",\"url\":\"http:\/\/tbr.dental\/en\/\",\"name\":\"TBR Dental\",\"description\":\"\",\"publisher\":{\"@id\":\"http:\/\/tbr.dental\/en\/#organization\"},\"potentialAction\":[{\"@type\":\"SearchAction\",\"target\":{\"@type\":\"EntryPoint\",\"urlTemplate\":\"http:\/\/tbr.dental\/en\/?s={search_term_string}\"},\"query-input\":{\"@type\":\"PropertyValueSpecification\",\"valueRequired\":true,\"valueName\":\"search_term_string\"}}],\"inLanguage\":\"es\"},{\"@type\":\"Organization\",\"@id\":\"http:\/\/tbr.dental\/en\/#organization\",\"name\":\"TBR Dental\",\"url\":\"http:\/\/tbr.dental\/en\/\",\"logo\":{\"@type\":\"ImageObject\",\"inLanguage\":\"es\",\"@id\":\"http:\/\/tbr.dental\/en\/#\/schema\/logo\/image\/\",\"url\":\"https:\/\/tbr.dental\/wp-content\/uploads\/2023\/01\/Logo-TBR-2018-black.png\",\"contentUrl\":\"https:\/\/tbr.dental\/wp-content\/uploads\/2023\/01\/Logo-TBR-2018-black.png\",\"width\":2107,\"height\":457,\"caption\":\"TBR Dental\"},\"image\":{\"@id\":\"http:\/\/tbr.dental\/en\/#\/schema\/logo\/image\/\"}}]}<\/script>\n<!-- \/ Yoast SEO plugin. -->","yoast_head_json":{"title":"Bloques de disilicato de litio - TBR Dental","description":"Index Max es un bloque de vitrocer\u00e1mica de disilicato de litio con una est\u00e9tica estable y duradera y una gran precisi\u00f3n en los resultados.","robots":{"index":"index","follow":"follow","max-snippet":"max-snippet:-1","max-image-preview":"max-image-preview:large","max-video-preview":"max-video-preview:-1"},"canonical":"https:\/\/tbr.dental\/es\/bloques-de-disilicato-de-litio\/","og_locale":"es_ES","og_type":"article","og_title":"Bloques de disilicato de litio - TBR Dental","og_description":"Index Max es un bloque de vitrocer\u00e1mica de disilicato de litio con una est\u00e9tica estable y duradera y una gran precisi\u00f3n en los resultados.","og_url":"https:\/\/tbr.dental\/es\/bloques-de-disilicato-de-litio\/","og_site_name":"TBR Dental","article_modified_time":"2025-02-10T19:47:51+00:00","og_image":[{"url":"http:\/\/tbr.dental\/wp-content\/uploads\/2024\/02\/Index-Max-2-1-1024x621-2.png","type":"","width":"","height":""}],"twitter_card":"summary_large_image","twitter_misc":{"Tiempo de lectura":"2 minutos"},"schema":{"@context":"https:\/\/schema.org","@graph":[{"@type":"WebPage","@id":"https:\/\/tbr.dental\/es\/bloques-de-disilicato-de-litio\/","url":"https:\/\/tbr.dental\/es\/bloques-de-disilicato-de-litio\/","name":"Bloques de disilicato de litio - TBR Dental","isPartOf":{"@id":"http:\/\/tbr.dental\/en\/#website"},"primaryImageOfPage":{"@id":"https:\/\/tbr.dental\/es\/bloques-de-disilicato-de-litio\/#primaryimage"},"image":{"@id":"https:\/\/tbr.dental\/es\/bloques-de-disilicato-de-litio\/#primaryimage"},"thumbnailUrl":"http:\/\/tbr.dental\/wp-content\/uploads\/2024\/02\/Index-Max-2-1-1024x621-2.png","datePublished":"2023-03-08T13:32:28+00:00","dateModified":"2025-02-10T19:47:51+00:00","description":"Index Max es un bloque de vitrocer\u00e1mica de disilicato de litio con una est\u00e9tica estable y duradera y una gran precisi\u00f3n en los resultados.","breadcrumb":{"@id":"https:\/\/tbr.dental\/es\/bloques-de-disilicato-de-litio\/#breadcrumb"},"inLanguage":"es","potentialAction":[{"@type":"ReadAction","target":["https:\/\/tbr.dental\/es\/bloques-de-disilicato-de-litio\/"]}]},{"@type":"ImageObject","inLanguage":"es","@id":"https:\/\/tbr.dental\/es\/bloques-de-disilicato-de-litio\/#primaryimage","url":"http:\/\/tbr.dental\/wp-content\/uploads\/2024\/02\/Index-Max-2-1-1024x621-2.png","contentUrl":"http:\/\/tbr.dental\/wp-content\/uploads\/2024\/02\/Index-Max-2-1-1024x621-2.png"},{"@type":"BreadcrumbList","@id":"https:\/\/tbr.dental\/es\/bloques-de-disilicato-de-litio\/#breadcrumb","itemListElement":[{"@type":"ListItem","position":1,"name":"Accueil","item":"http:\/\/tbr.dental\/"},{"@type":"ListItem","position":2,"name":"Bloques de disilicato de litio"}]},{"@type":"WebSite","@id":"http:\/\/tbr.dental\/en\/#website","url":"http:\/\/tbr.dental\/en\/","name":"TBR Dental","description":"","publisher":{"@id":"http:\/\/tbr.dental\/en\/#organization"},"potentialAction":[{"@type":"SearchAction","target":{"@type":"EntryPoint","urlTemplate":"http:\/\/tbr.dental\/en\/?s={search_term_string}"},"query-input":{"@type":"PropertyValueSpecification","valueRequired":true,"valueName":"search_term_string"}}],"inLanguage":"es"},{"@type":"Organization","@id":"http:\/\/tbr.dental\/en\/#organization","name":"TBR Dental","url":"http:\/\/tbr.dental\/en\/","logo":{"@type":"ImageObject","inLanguage":"es","@id":"http:\/\/tbr.dental\/en\/#\/schema\/logo\/image\/","url":"https:\/\/tbr.dental\/wp-content\/uploads\/2023\/01\/Logo-TBR-2018-black.png","contentUrl":"https:\/\/tbr.dental\/wp-content\/uploads\/2023\/01\/Logo-TBR-2018-black.png","width":2107,"height":457,"caption":"TBR Dental"},"image":{"@id":"http:\/\/tbr.dental\/en\/#\/schema\/logo\/image\/"}}]}},"_links":{"self":[{"href":"https:\/\/tbr.dental\/es\/wp-json\/wp\/v2\/pages\/19141","targetHints":{"allow":["GET"]}}],"collection":[{"href":"https:\/\/tbr.dental\/es\/wp-json\/wp\/v2\/pages"}],"about":[{"href":"https:\/\/tbr.dental\/es\/wp-json\/wp\/v2\/types\/page"}],"author":[{"embeddable":true,"href":"https:\/\/tbr.dental\/es\/wp-json\/wp\/v2\/users\/2"}],"replies":[{"embeddable":true,"href":"https:\/\/tbr.dental\/es\/wp-json\/wp\/v2\/comments?post=19141"}],"version-history":[{"count":0,"href":"https:\/\/tbr.dental\/es\/wp-json\/wp\/v2\/pages\/19141\/revisions"}],"wp:attachment":[{"href":"https:\/\/tbr.dental\/es\/wp-json\/wp\/v2\/media?parent=19141"}],"curies":[{"name":"wp","href":"https:\/\/api.w.org\/{rel}","templated":true}]}}