{"id":17210,"date":"2022-11-18T13:37:29","date_gmt":"2022-11-18T12:37:29","guid":{"rendered":"https:\/\/tbr.dental\/profesional\/cita-con-un-experto\/"},"modified":"2024-03-05T16:01:52","modified_gmt":"2024-03-05T15:01:52","slug":"cita-con-un-experto","status":"publish","type":"page","link":"https:\/\/tbr.dental\/es\/profesional\/cita-con-un-experto\/","title":{"rendered":"Cita con un experto"},"content":{"rendered":"\t\t<div data-elementor-type=\"wp-page\" data-elementor-id=\"17210\" class=\"elementor elementor-17210 elementor-1267\" data-elementor-settings=\"{&quot;ha_cmc_init_switcher&quot;:&quot;no&quot;}\" data-elementor-post-type=\"page\">\n\t\t\t\t\t\t<section class=\"elementor-section elementor-top-section elementor-element elementor-element-332ebe1 elementor-section-height-min-height elementor-section-boxed elementor-section-height-default elementor-section-items-middle\" data-id=\"332ebe1\" data-element_type=\"section\" data-settings=\"{&quot;jet_parallax_layout_list&quot;:[],&quot;background_background&quot;:&quot;classic&quot;,&quot;_ha_eqh_enable&quot;:false}\">\n\t\t\t\t\t\t<div class=\"elementor-container elementor-column-gap-default\">\n\t\t\t\t\t<div class=\"elementor-column elementor-col-100 elementor-top-column elementor-element elementor-element-ee29865\" data-id=\"ee29865\" data-element_type=\"column\">\n\t\t\t<div class=\"elementor-widget-wrap elementor-element-populated\">\n\t\t\t\t\t\t<section class=\"elementor-section elementor-inner-section elementor-element elementor-element-46bdb33 elementor-section-boxed elementor-section-height-default elementor-section-height-default\" data-id=\"46bdb33\" data-element_type=\"section\" data-settings=\"{&quot;jet_parallax_layout_list&quot;:[],&quot;_ha_eqh_enable&quot;:false}\">\n\t\t\t\t\t\t<div class=\"elementor-container elementor-column-gap-default\">\n\t\t\t\t\t<div class=\"elementor-column elementor-col-100 elementor-inner-column elementor-element elementor-element-bc448a2\" data-id=\"bc448a2\" data-element_type=\"column\">\n\t\t\t<div class=\"elementor-widget-wrap elementor-element-populated\">\n\t\t\t\t\t\t<div class=\"elementor-element elementor-element-6d4dcee elementor-widget elementor-widget-jet-animated-text\" data-id=\"6d4dcee\" data-element_type=\"widget\" data-settings=\"{&quot;ekit_we_effect_on&quot;:&quot;none&quot;}\" data-widget_type=\"jet-animated-text.default\">\n\t\t\t\t<div class=\"elementor-widget-container\">\n\t\t\t\t\t<div class=\"elementor-jet-animated-text jet-elements\">\n<div class=\"jet-animated-text jet-animated-text--effect-fx6\" data-settings='{&quot;effect&quot;:&quot;fx6&quot;,&quot;delay&quot;:3000}'>\n\t\t<div class=\"jet-animated-text__animated-text\">\n<div class=\"jet-animated-text__animated-text-item active visible\" dir=\"ltr\">\n\t<span>C<\/span><span>o<\/span><span>n<\/span><span>t<\/span><span>\u00e1<\/span><span>c<\/span><span>t<\/span><span>e<\/span><span>n<\/span><span>o<\/span><span>s<\/span><\/div>\n<\/div>\t<\/div><\/div>\t\t\t\t<\/div>\n\t\t\t\t<\/div>\n\t\t\t\t<div class=\"elementor-element elementor-element-46d72c8 elementor-widget elementor-widget-heading\" data-id=\"46d72c8\" data-element_type=\"widget\" data-settings=\"{&quot;ekit_we_effect_on&quot;:&quot;none&quot;}\" data-widget_type=\"heading.default\">\n\t\t\t\t<div class=\"elementor-widget-container\">\n\t\t\t\t\t<h3 class=\"elementor-heading-title elementor-size-default\">Concierte una cita en 1 clic<br>\n\u00bfDesea concertar una cita con un asesor cerca de usted?<\/h3>\t\t\t\t<\/div>\n\t\t\t\t<\/div>\n\t\t\t\t\t<\/div>\n\t\t<\/div>\n\t\t\t\t\t<\/div>\n\t\t<\/section>\n\t\t\t\t\t<\/div>\n\t\t<\/div>\n\t\t\t\t\t<\/div>\n\t\t<\/section>\n\t\t\t\t<section class=\"elementor-section elementor-top-section elementor-element elementor-element-e6b0c8e elementor-section-boxed elementor-section-height-default elementor-section-height-default\" data-id=\"e6b0c8e\" data-element_type=\"section\" data-settings=\"{&quot;jet_parallax_layout_list&quot;:[],&quot;_ha_eqh_enable&quot;:false}\">\n\t\t\t\t\t\t<div class=\"elementor-container elementor-column-gap-default\">\n\t\t\t\t\t<div class=\"elementor-column elementor-col-100 elementor-top-column elementor-element elementor-element-9687934\" data-id=\"9687934\" data-element_type=\"column\">\n\t\t\t<div class=\"elementor-widget-wrap elementor-element-populated\">\n\t\t\t\t\t\t<section class=\"elementor-section elementor-inner-section elementor-element elementor-element-a01819a elementor-section-boxed elementor-section-height-default elementor-section-height-default\" data-id=\"a01819a\" data-element_type=\"section\" data-settings=\"{&quot;jet_parallax_layout_list&quot;:[],&quot;_ha_eqh_enable&quot;:false}\">\n\t\t\t\t\t\t<div class=\"elementor-container elementor-column-gap-default\">\n\t\t\t\t\t<div class=\"elementor-column elementor-col-50 elementor-inner-column elementor-element elementor-element-c1f683e\" data-id=\"c1f683e\" data-element_type=\"column\">\n\t\t\t<div class=\"elementor-widget-wrap elementor-element-populated\">\n\t\t\t\t\t\t<div class=\"elementor-element elementor-element-9993bb8 elementor-widget elementor-widget-image\" data-id=\"9993bb8\" data-element_type=\"widget\" data-settings=\"{&quot;ekit_we_effect_on&quot;:&quot;none&quot;}\" data-widget_type=\"image.default\">\n\t\t\t\t<div class=\"elementor-widget-container\">\n\t\t\t\t\t\t\t\t\t\t\t\t\t\t\t<img fetchpriority=\"high\" decoding=\"async\" width=\"1024\" height=\"657\" src=\"https:\/\/tbr.dental\/wp-content\/uploads\/2022\/11\/Team-ES-1024x657.jpg\" class=\"attachment-large size-large wp-image-16999\" alt=\"\" srcset=\"https:\/\/tbr.dental\/wp-content\/uploads\/2022\/11\/Team-ES-1024x657.jpg 1024w, https:\/\/tbr.dental\/wp-content\/uploads\/2022\/11\/Team-ES-300x192.jpg 300w, https:\/\/tbr.dental\/wp-content\/uploads\/2022\/11\/Team-ES-768x493.jpg 768w, https:\/\/tbr.dental\/wp-content\/uploads\/2022\/11\/Team-ES-1536x985.jpg 1536w, https:\/\/tbr.dental\/wp-content\/uploads\/2022\/11\/Team-ES.jpg 1721w\" sizes=\"(max-width: 1024px) 100vw, 1024px\" \/>\t\t\t\t\t\t\t\t\t\t\t\t\t\t\t<\/div>\n\t\t\t\t<\/div>\n\t\t\t\t\t<\/div>\n\t\t<\/div>\n\t\t\t\t<div class=\"elementor-column elementor-col-50 elementor-inner-column elementor-element elementor-element-c6971e0\" data-id=\"c6971e0\" data-element_type=\"column\">\n\t\t\t<div class=\"elementor-widget-wrap elementor-element-populated\">\n\t\t\t\t\t\t<div class=\"elementor-element elementor-element-cf0cd21 elementor-widget elementor-widget-text-editor\" data-id=\"cf0cd21\" data-element_type=\"widget\" data-settings=\"{&quot;ekit_we_effect_on&quot;:&quot;none&quot;}\" data-widget_type=\"text-editor.default\">\n\t\t\t\t<div class=\"elementor-widget-container\">\n\t\t\t\t\t\t\t\t\t<p>Nuestros consultores est\u00e1n desplegados por toda Espa\u00f1a para apoyarle en su consulta dental.<\/p><p>Tanto si es cirujano dental como t\u00e9cnico dental, nuestros especialistas est\u00e1n a su lado para sus soluciones de implantes, est\u00e9tica, digital, equipamiento y regeneraci\u00f3n.<\/p><p>Rellene el siguiente formulario para concertar una cita con nuestros equipos.<\/p>\t\t\t\t\t\t\t\t<\/div>\n\t\t\t\t<\/div>\n\t\t\t\t\t<\/div>\n\t\t<\/div>\n\t\t\t\t\t<\/div>\n\t\t<\/section>\n\t\t\t\t<section class=\"elementor-section elementor-inner-section elementor-element elementor-element-194b382 elementor-section-boxed elementor-section-height-default elementor-section-height-default\" data-id=\"194b382\" data-element_type=\"section\" data-settings=\"{&quot;jet_parallax_layout_list&quot;:[],&quot;_ha_eqh_enable&quot;:false}\">\n\t\t\t\t\t\t<div class=\"elementor-container elementor-column-gap-default\">\n\t\t\t\t\t<div class=\"elementor-column elementor-col-100 elementor-inner-column elementor-element elementor-element-8c604cb\" data-id=\"8c604cb\" data-element_type=\"column\">\n\t\t\t<div class=\"elementor-widget-wrap elementor-element-populated\">\n\t\t\t\t\t\t<div class=\"elementor-element elementor-element-9659420 elementor-widget elementor-widget-shortcode\" data-id=\"9659420\" data-element_type=\"widget\" data-settings=\"{&quot;ekit_we_effect_on&quot;:&quot;none&quot;}\" data-widget_type=\"shortcode.default\">\n\t\t\t\t<div class=\"elementor-widget-container\">\n\t\t\t\t\t\t\t<div class=\"elementor-shortcode\"><script charset=\"utf-8\" type=\"text\/javascript\" src=\"\/\/js-eu1.hsforms.net\/forms\/embed\/v2.js\"><\/script> <script>   hbspt.forms.create({     region: \"eu1\",     portalId: \"25420027\",     formId: \"33fbfe0b-2aa5-4e41-8a63-8052b18df2d1\"   }); <\/script><\/div>\n\t\t\t\t\t\t<\/div>\n\t\t\t\t<\/div>\n\t\t\t\t\t<\/div>\n\t\t<\/div>\n\t\t\t\t\t<\/div>\n\t\t<\/section>\n\t\t\t\t\t<\/div>\n\t\t<\/div>\n\t\t\t\t\t<\/div>\n\t\t<\/section>\n\t\t\t\t<\/div>\n\t\t","protected":false},"excerpt":{"rendered":"<p>Cont\u00e1ctenos Concierte una cita en 1 clic \u00bfDesea concertar una cita con un asesor cerca de usted? Nuestros consultores est\u00e1n desplegados por toda Espa\u00f1a para apoyarle en su consulta dental. Tanto si es cirujano dental como t\u00e9cnico dental, nuestros especialistas est\u00e1n a su lado para sus soluciones de implantes, est\u00e9tica, digital, equipamiento y regeneraci\u00f3n. Rellene [&hellip;]<\/p>\n","protected":false},"author":1,"featured_media":0,"parent":17163,"menu_order":0,"comment_status":"closed","ping_status":"closed","template":"elementor_canvas","meta":{"_acf_changed":false,"footnotes":""},"class_list":["post-17210","page","type-page","status-publish","hentry"],"acf":[],"yoast_head":"<!-- This site is optimized with the Yoast SEO plugin v26.5 - https:\/\/yoast.com\/wordpress\/plugins\/seo\/ -->\n<title>Cita con un experto - TBR Dental<\/title>\n<meta name=\"description\" content=\"Nuestros asesores est\u00e1n disponibles en toda Francia para ayudarle en su consulta. Rellene el siguiente formulario para concertar una cita\" \/>\n<meta name=\"robots\" content=\"index, follow, max-snippet:-1, max-image-preview:large, max-video-preview:-1\" \/>\n<link rel=\"canonical\" href=\"https:\/\/tbr.dental\/es\/profesional\/cita-con-un-experto\/\" \/>\n<meta property=\"og:locale\" content=\"es_ES\" \/>\n<meta property=\"og:type\" content=\"article\" \/>\n<meta property=\"og:title\" content=\"Cita con un experto - TBR Dental\" \/>\n<meta property=\"og:description\" content=\"Nuestros asesores est\u00e1n disponibles en toda Francia para ayudarle en su consulta. Rellene el siguiente formulario para concertar una cita\" \/>\n<meta property=\"og:url\" content=\"https:\/\/tbr.dental\/es\/profesional\/cita-con-un-experto\/\" \/>\n<meta property=\"og:site_name\" content=\"TBR Dental\" \/>\n<meta property=\"article:modified_time\" content=\"2024-03-05T15:01:52+00:00\" \/>\n<meta property=\"og:image\" content=\"https:\/\/tbr.dental\/wp-content\/uploads\/2022\/11\/Team-ES-1024x657.jpg\" \/>\n<meta name=\"twitter:card\" content=\"summary_large_image\" \/>\n<meta name=\"twitter:label1\" content=\"Tiempo de lectura\" \/>\n\t<meta name=\"twitter:data1\" content=\"1 minuto\" \/>\n<script type=\"application\/ld+json\" class=\"yoast-schema-graph\">{\"@context\":\"https:\/\/schema.org\",\"@graph\":[{\"@type\":\"WebPage\",\"@id\":\"https:\/\/tbr.dental\/es\/profesional\/cita-con-un-experto\/\",\"url\":\"https:\/\/tbr.dental\/es\/profesional\/cita-con-un-experto\/\",\"name\":\"Cita con un experto - TBR Dental\",\"isPartOf\":{\"@id\":\"http:\/\/tbr.dental\/en\/#website\"},\"primaryImageOfPage\":{\"@id\":\"https:\/\/tbr.dental\/es\/profesional\/cita-con-un-experto\/#primaryimage\"},\"image\":{\"@id\":\"https:\/\/tbr.dental\/es\/profesional\/cita-con-un-experto\/#primaryimage\"},\"thumbnailUrl\":\"https:\/\/tbr.dental\/wp-content\/uploads\/2022\/11\/Team-ES-1024x657.jpg\",\"datePublished\":\"2022-11-18T12:37:29+00:00\",\"dateModified\":\"2024-03-05T15:01:52+00:00\",\"description\":\"Nuestros asesores est\u00e1n disponibles en toda Francia para ayudarle en su consulta. Rellene el siguiente formulario para concertar una cita\",\"breadcrumb\":{\"@id\":\"https:\/\/tbr.dental\/es\/profesional\/cita-con-un-experto\/#breadcrumb\"},\"inLanguage\":\"es\",\"potentialAction\":[{\"@type\":\"ReadAction\",\"target\":[\"https:\/\/tbr.dental\/es\/profesional\/cita-con-un-experto\/\"]}]},{\"@type\":\"ImageObject\",\"inLanguage\":\"es\",\"@id\":\"https:\/\/tbr.dental\/es\/profesional\/cita-con-un-experto\/#primaryimage\",\"url\":\"https:\/\/tbr.dental\/wp-content\/uploads\/2022\/11\/Team-ES-1024x657.jpg\",\"contentUrl\":\"https:\/\/tbr.dental\/wp-content\/uploads\/2022\/11\/Team-ES-1024x657.jpg\"},{\"@type\":\"BreadcrumbList\",\"@id\":\"https:\/\/tbr.dental\/es\/profesional\/cita-con-un-experto\/#breadcrumb\",\"itemListElement\":[{\"@type\":\"ListItem\",\"position\":1,\"name\":\"Accueil\",\"item\":\"http:\/\/tbr.dental\/\"},{\"@type\":\"ListItem\",\"position\":2,\"name\":\"Profesional\",\"item\":\"https:\/\/tbr.dental\/es\/profesional\/\"},{\"@type\":\"ListItem\",\"position\":3,\"name\":\"Cita con un experto\"}]},{\"@type\":\"WebSite\",\"@id\":\"http:\/\/tbr.dental\/en\/#website\",\"url\":\"http:\/\/tbr.dental\/en\/\",\"name\":\"TBR Dental\",\"description\":\"\",\"publisher\":{\"@id\":\"http:\/\/tbr.dental\/en\/#organization\"},\"potentialAction\":[{\"@type\":\"SearchAction\",\"target\":{\"@type\":\"EntryPoint\",\"urlTemplate\":\"http:\/\/tbr.dental\/en\/?s={search_term_string}\"},\"query-input\":{\"@type\":\"PropertyValueSpecification\",\"valueRequired\":true,\"valueName\":\"search_term_string\"}}],\"inLanguage\":\"es\"},{\"@type\":\"Organization\",\"@id\":\"http:\/\/tbr.dental\/en\/#organization\",\"name\":\"TBR Dental\",\"url\":\"http:\/\/tbr.dental\/en\/\",\"logo\":{\"@type\":\"ImageObject\",\"inLanguage\":\"es\",\"@id\":\"http:\/\/tbr.dental\/en\/#\/schema\/logo\/image\/\",\"url\":\"https:\/\/tbr.dental\/wp-content\/uploads\/2023\/01\/Logo-TBR-2018-black.png\",\"contentUrl\":\"https:\/\/tbr.dental\/wp-content\/uploads\/2023\/01\/Logo-TBR-2018-black.png\",\"width\":2107,\"height\":457,\"caption\":\"TBR Dental\"},\"image\":{\"@id\":\"http:\/\/tbr.dental\/en\/#\/schema\/logo\/image\/\"}}]}<\/script>\n<!-- \/ Yoast SEO plugin. -->","yoast_head_json":{"title":"Cita con un experto - TBR Dental","description":"Nuestros asesores est\u00e1n disponibles en toda Francia para ayudarle en su consulta. Rellene el siguiente formulario para concertar una cita","robots":{"index":"index","follow":"follow","max-snippet":"max-snippet:-1","max-image-preview":"max-image-preview:large","max-video-preview":"max-video-preview:-1"},"canonical":"https:\/\/tbr.dental\/es\/profesional\/cita-con-un-experto\/","og_locale":"es_ES","og_type":"article","og_title":"Cita con un experto - TBR Dental","og_description":"Nuestros asesores est\u00e1n disponibles en toda Francia para ayudarle en su consulta. Rellene el siguiente formulario para concertar una cita","og_url":"https:\/\/tbr.dental\/es\/profesional\/cita-con-un-experto\/","og_site_name":"TBR Dental","article_modified_time":"2024-03-05T15:01:52+00:00","og_image":[{"url":"https:\/\/tbr.dental\/wp-content\/uploads\/2022\/11\/Team-ES-1024x657.jpg","type":"","width":"","height":""}],"twitter_card":"summary_large_image","twitter_misc":{"Tiempo de lectura":"1 minuto"},"schema":{"@context":"https:\/\/schema.org","@graph":[{"@type":"WebPage","@id":"https:\/\/tbr.dental\/es\/profesional\/cita-con-un-experto\/","url":"https:\/\/tbr.dental\/es\/profesional\/cita-con-un-experto\/","name":"Cita con un experto - TBR Dental","isPartOf":{"@id":"http:\/\/tbr.dental\/en\/#website"},"primaryImageOfPage":{"@id":"https:\/\/tbr.dental\/es\/profesional\/cita-con-un-experto\/#primaryimage"},"image":{"@id":"https:\/\/tbr.dental\/es\/profesional\/cita-con-un-experto\/#primaryimage"},"thumbnailUrl":"https:\/\/tbr.dental\/wp-content\/uploads\/2022\/11\/Team-ES-1024x657.jpg","datePublished":"2022-11-18T12:37:29+00:00","dateModified":"2024-03-05T15:01:52+00:00","description":"Nuestros asesores est\u00e1n disponibles en toda Francia para ayudarle en su consulta. Rellene el siguiente formulario para concertar una cita","breadcrumb":{"@id":"https:\/\/tbr.dental\/es\/profesional\/cita-con-un-experto\/#breadcrumb"},"inLanguage":"es","potentialAction":[{"@type":"ReadAction","target":["https:\/\/tbr.dental\/es\/profesional\/cita-con-un-experto\/"]}]},{"@type":"ImageObject","inLanguage":"es","@id":"https:\/\/tbr.dental\/es\/profesional\/cita-con-un-experto\/#primaryimage","url":"https:\/\/tbr.dental\/wp-content\/uploads\/2022\/11\/Team-ES-1024x657.jpg","contentUrl":"https:\/\/tbr.dental\/wp-content\/uploads\/2022\/11\/Team-ES-1024x657.jpg"},{"@type":"BreadcrumbList","@id":"https:\/\/tbr.dental\/es\/profesional\/cita-con-un-experto\/#breadcrumb","itemListElement":[{"@type":"ListItem","position":1,"name":"Accueil","item":"http:\/\/tbr.dental\/"},{"@type":"ListItem","position":2,"name":"Profesional","item":"https:\/\/tbr.dental\/es\/profesional\/"},{"@type":"ListItem","position":3,"name":"Cita con un experto"}]},{"@type":"WebSite","@id":"http:\/\/tbr.dental\/en\/#website","url":"http:\/\/tbr.dental\/en\/","name":"TBR Dental","description":"","publisher":{"@id":"http:\/\/tbr.dental\/en\/#organization"},"potentialAction":[{"@type":"SearchAction","target":{"@type":"EntryPoint","urlTemplate":"http:\/\/tbr.dental\/en\/?s={search_term_string}"},"query-input":{"@type":"PropertyValueSpecification","valueRequired":true,"valueName":"search_term_string"}}],"inLanguage":"es"},{"@type":"Organization","@id":"http:\/\/tbr.dental\/en\/#organization","name":"TBR Dental","url":"http:\/\/tbr.dental\/en\/","logo":{"@type":"ImageObject","inLanguage":"es","@id":"http:\/\/tbr.dental\/en\/#\/schema\/logo\/image\/","url":"https:\/\/tbr.dental\/wp-content\/uploads\/2023\/01\/Logo-TBR-2018-black.png","contentUrl":"https:\/\/tbr.dental\/wp-content\/uploads\/2023\/01\/Logo-TBR-2018-black.png","width":2107,"height":457,"caption":"TBR Dental"},"image":{"@id":"http:\/\/tbr.dental\/en\/#\/schema\/logo\/image\/"}}]}},"_links":{"self":[{"href":"https:\/\/tbr.dental\/es\/wp-json\/wp\/v2\/pages\/17210","targetHints":{"allow":["GET"]}}],"collection":[{"href":"https:\/\/tbr.dental\/es\/wp-json\/wp\/v2\/pages"}],"about":[{"href":"https:\/\/tbr.dental\/es\/wp-json\/wp\/v2\/types\/page"}],"author":[{"embeddable":true,"href":"https:\/\/tbr.dental\/es\/wp-json\/wp\/v2\/users\/1"}],"replies":[{"embeddable":true,"href":"https:\/\/tbr.dental\/es\/wp-json\/wp\/v2\/comments?post=17210"}],"version-history":[{"count":0,"href":"https:\/\/tbr.dental\/es\/wp-json\/wp\/v2\/pages\/17210\/revisions"}],"up":[{"embeddable":true,"href":"https:\/\/tbr.dental\/es\/wp-json\/wp\/v2\/pages\/17163"}],"wp:attachment":[{"href":"https:\/\/tbr.dental\/es\/wp-json\/wp\/v2\/media?parent=17210"}],"curies":[{"name":"wp","href":"https:\/\/api.w.org\/{rel}","templated":true}]}}