{"id":17169,"date":"2022-11-18T13:16:33","date_gmt":"2022-11-18T12:16:33","guid":{"rendered":"https:\/\/tbr.dental\/profesional\/solicitar-asistencia-tecnica\/"},"modified":"2025-03-05T08:17:16","modified_gmt":"2025-03-05T07:17:16","slug":"solicitar-asistencia-tecnica","status":"publish","type":"page","link":"https:\/\/tbr.dental\/es\/profesional\/solicitar-asistencia-tecnica\/","title":{"rendered":"Solicitar asistencia t\u00e9cnica"},"content":{"rendered":"\t\t<div data-elementor-type=\"wp-page\" data-elementor-id=\"17169\" class=\"elementor elementor-17169 elementor-1490\" data-elementor-settings=\"{&quot;ha_cmc_init_switcher&quot;:&quot;no&quot;}\" data-elementor-post-type=\"page\">\n\t\t\t\t\t\t<section class=\"elementor-section elementor-top-section elementor-element elementor-element-53df450 elementor-section-height-min-height elementor-section-boxed elementor-section-height-default elementor-section-items-middle\" data-id=\"53df450\" data-element_type=\"section\" data-settings=\"{&quot;jet_parallax_layout_list&quot;:[],&quot;background_background&quot;:&quot;classic&quot;,&quot;_ha_eqh_enable&quot;:false}\">\n\t\t\t\t\t\t<div class=\"elementor-container elementor-column-gap-default\">\n\t\t\t\t\t<div class=\"elementor-column elementor-col-100 elementor-top-column elementor-element elementor-element-89f1fa2\" data-id=\"89f1fa2\" data-element_type=\"column\">\n\t\t\t<div class=\"elementor-widget-wrap elementor-element-populated\">\n\t\t\t\t\t\t<section class=\"elementor-section elementor-inner-section elementor-element elementor-element-d53bf41 elementor-section-boxed elementor-section-height-default elementor-section-height-default\" data-id=\"d53bf41\" data-element_type=\"section\" data-settings=\"{&quot;jet_parallax_layout_list&quot;:[],&quot;_ha_eqh_enable&quot;:false}\">\n\t\t\t\t\t\t<div class=\"elementor-container elementor-column-gap-default\">\n\t\t\t\t\t<div class=\"elementor-column elementor-col-100 elementor-inner-column elementor-element elementor-element-74298e5\" data-id=\"74298e5\" data-element_type=\"column\">\n\t\t\t<div class=\"elementor-widget-wrap elementor-element-populated\">\n\t\t\t\t\t\t<div class=\"elementor-element elementor-element-67e1247 elementor-widget elementor-widget-jet-animated-text\" data-id=\"67e1247\" data-element_type=\"widget\" data-settings=\"{&quot;ekit_we_effect_on&quot;:&quot;none&quot;}\" data-widget_type=\"jet-animated-text.default\">\n\t\t\t\t<div class=\"elementor-widget-container\">\n\t\t\t\t\t<div class=\"elementor-jet-animated-text jet-elements\">\n<div class=\"jet-animated-text jet-animated-text--effect-fx6\" data-settings='{&quot;effect&quot;:&quot;fx6&quot;,&quot;delay&quot;:3000}'>\n\t\t<div class=\"jet-animated-text__animated-text\">\n<div class=\"jet-animated-text__animated-text-item active visible\" dir=\"ltr\">\n\t<span>C<\/span><span>o<\/span><span>n<\/span><span>t<\/span><span>\u00e1<\/span><span>c<\/span><span>t<\/span><span>e<\/span><span>n<\/span><span>o<\/span><span>s<\/span><\/div>\n<\/div>\t<\/div><\/div>\t\t\t\t<\/div>\n\t\t\t\t<\/div>\n\t\t\t\t<div class=\"elementor-element elementor-element-903b015 elementor-widget elementor-widget-heading\" data-id=\"903b015\" data-element_type=\"widget\" data-settings=\"{&quot;ekit_we_effect_on&quot;:&quot;none&quot;}\" data-widget_type=\"heading.default\">\n\t\t\t\t<div class=\"elementor-widget-container\">\n\t\t\t\t\t<h3 class=\"elementor-heading-title elementor-size-default\">Solicitar asistencia t\u00e9cnica<\/h3>\t\t\t\t<\/div>\n\t\t\t\t<\/div>\n\t\t\t\t\t<\/div>\n\t\t<\/div>\n\t\t\t\t\t<\/div>\n\t\t<\/section>\n\t\t\t\t\t<\/div>\n\t\t<\/div>\n\t\t\t\t\t<\/div>\n\t\t<\/section>\n\t\t\t\t<section class=\"elementor-section elementor-top-section elementor-element elementor-element-21bd350 elementor-section-boxed elementor-section-height-default elementor-section-height-default\" data-id=\"21bd350\" data-element_type=\"section\" data-settings=\"{&quot;jet_parallax_layout_list&quot;:[],&quot;_ha_eqh_enable&quot;:false}\">\n\t\t\t\t\t\t<div class=\"elementor-container elementor-column-gap-default\">\n\t\t\t\t\t<div class=\"elementor-column elementor-col-100 elementor-top-column elementor-element elementor-element-e5e5a9e\" data-id=\"e5e5a9e\" data-element_type=\"column\">\n\t\t\t<div class=\"elementor-widget-wrap elementor-element-populated\">\n\t\t\t\t\t\t<section class=\"elementor-section elementor-inner-section elementor-element elementor-element-c813441 elementor-section-boxed elementor-section-height-default elementor-section-height-default\" data-id=\"c813441\" data-element_type=\"section\" data-settings=\"{&quot;jet_parallax_layout_list&quot;:[],&quot;_ha_eqh_enable&quot;:false}\">\n\t\t\t\t\t\t<div class=\"elementor-container elementor-column-gap-default\">\n\t\t\t\t\t<div class=\"elementor-column elementor-col-100 elementor-inner-column elementor-element elementor-element-58fa04e\" data-id=\"58fa04e\" data-element_type=\"column\">\n\t\t\t<div class=\"elementor-widget-wrap elementor-element-populated\">\n\t\t\t\t\t\t<div class=\"elementor-element elementor-element-0d29693 elementor-widget elementor-widget-text-editor\" data-id=\"0d29693\" data-element_type=\"widget\" data-settings=\"{&quot;ekit_we_effect_on&quot;:&quot;none&quot;}\" data-widget_type=\"text-editor.default\">\n\t\t\t\t<div class=\"elementor-widget-container\">\n\t\t\t\t\t\t\t\t\t<p>Nuestro servicio de asistencia t\u00e9cnica responde a sus solicitudes en un plazo de 48 horas. Rellene el siguiente formulario para solicitar la asistencia t\u00e9cnica de nuestros equipos.<br \/>Adjunte un anexo a su solicitud para facilitar la resoluci\u00f3n de su problema, tanto si se trata de nuestras soluciones implantol\u00f3gicas, est\u00e9ticas, digitales, de equipamiento o regenerativas.<\/p>\t\t\t\t\t\t\t\t<\/div>\n\t\t\t\t<\/div>\n\t\t\t\t\t<\/div>\n\t\t<\/div>\n\t\t\t\t\t<\/div>\n\t\t<\/section>\n\t\t\t\t<div class=\"elementor-element elementor-element-0ef3fab elementor-widget elementor-widget-shortcode\" data-id=\"0ef3fab\" data-element_type=\"widget\" data-settings=\"{&quot;ekit_we_effect_on&quot;:&quot;none&quot;}\" data-widget_type=\"shortcode.default\">\n\t\t\t\t<div class=\"elementor-widget-container\">\n\t\t\t\t\t\t\t<div class=\"elementor-shortcode\"><script charset=\"utf-8\" type=\"text\/javascript\" src=\"\/\/js-eu1.hsforms.net\/forms\/embed\/v2.js\"><\/script>\n<script>\n  hbspt.forms.create({\n    portalId: \"25420027\",\n    formId: \"16517e14-3250-40ed-8bc1-02903f9553c6\",\n    region: \"eu1\"\n  });\n<\/script><\/div>\n\t\t\t\t\t\t<\/div>\n\t\t\t\t<\/div>\n\t\t\t\t\t<\/div>\n\t\t<\/div>\n\t\t\t\t\t<\/div>\n\t\t<\/section>\n\t\t\t\t<\/div>\n\t\t","protected":false},"excerpt":{"rendered":"<p>Cont\u00e1ctenos Solicitar asistencia t\u00e9cnica Nuestro servicio de asistencia t\u00e9cnica responde a sus solicitudes en un plazo de 48 horas. Rellene el siguiente formulario para solicitar la asistencia t\u00e9cnica de nuestros equipos.Adjunte un anexo a su solicitud para facilitar la resoluci\u00f3n de su problema, tanto si se trata de nuestras soluciones implantol\u00f3gicas, est\u00e9ticas, digitales, de equipamiento [&hellip;]<\/p>\n","protected":false},"author":1,"featured_media":0,"parent":17163,"menu_order":0,"comment_status":"closed","ping_status":"closed","template":"elementor_header_footer","meta":{"_acf_changed":false,"footnotes":""},"class_list":["post-17169","page","type-page","status-publish","hentry"],"acf":[],"yoast_head":"<!-- This site is optimized with the Yoast SEO plugin v26.5 - https:\/\/yoast.com\/wordpress\/plugins\/seo\/ -->\n<title>Solicitar asistencia t\u00e9cnica - TBR Dental<\/title>\n<meta name=\"description\" content=\"Nuestro servicio de asistencia t\u00e9cnica responde r\u00e1pidamente a sus solicitudes. Rellene el siguiente formulario para solicitar la asistencia t\u00e9cnica de nuestros equipos.\" \/>\n<meta name=\"robots\" content=\"index, follow, max-snippet:-1, max-image-preview:large, max-video-preview:-1\" \/>\n<link rel=\"canonical\" href=\"https:\/\/tbr.dental\/es\/profesional\/solicitar-asistencia-tecnica\/\" \/>\n<meta property=\"og:locale\" content=\"es_ES\" \/>\n<meta property=\"og:type\" content=\"article\" \/>\n<meta property=\"og:title\" content=\"Solicitar asistencia t\u00e9cnica - TBR Dental\" \/>\n<meta property=\"og:description\" content=\"Nuestro servicio de asistencia t\u00e9cnica responde r\u00e1pidamente a sus solicitudes. Rellene el siguiente formulario para solicitar la asistencia t\u00e9cnica de nuestros equipos.\" \/>\n<meta property=\"og:url\" content=\"https:\/\/tbr.dental\/es\/profesional\/solicitar-asistencia-tecnica\/\" \/>\n<meta property=\"og:site_name\" content=\"TBR Dental\" \/>\n<meta property=\"article:modified_time\" content=\"2025-03-05T07:17:16+00:00\" \/>\n<meta name=\"twitter:card\" content=\"summary_large_image\" \/>\n<meta name=\"twitter:label1\" content=\"Tiempo de lectura\" \/>\n\t<meta name=\"twitter:data1\" content=\"1 minuto\" \/>\n<script type=\"application\/ld+json\" class=\"yoast-schema-graph\">{\"@context\":\"https:\/\/schema.org\",\"@graph\":[{\"@type\":\"WebPage\",\"@id\":\"https:\/\/tbr.dental\/es\/profesional\/solicitar-asistencia-tecnica\/\",\"url\":\"https:\/\/tbr.dental\/es\/profesional\/solicitar-asistencia-tecnica\/\",\"name\":\"Solicitar asistencia t\u00e9cnica - TBR Dental\",\"isPartOf\":{\"@id\":\"http:\/\/tbr.dental\/en\/#website\"},\"datePublished\":\"2022-11-18T12:16:33+00:00\",\"dateModified\":\"2025-03-05T07:17:16+00:00\",\"description\":\"Nuestro servicio de asistencia t\u00e9cnica responde r\u00e1pidamente a sus solicitudes. Rellene el siguiente formulario para solicitar la asistencia t\u00e9cnica de nuestros equipos.\",\"breadcrumb\":{\"@id\":\"https:\/\/tbr.dental\/es\/profesional\/solicitar-asistencia-tecnica\/#breadcrumb\"},\"inLanguage\":\"es\",\"potentialAction\":[{\"@type\":\"ReadAction\",\"target\":[\"https:\/\/tbr.dental\/es\/profesional\/solicitar-asistencia-tecnica\/\"]}]},{\"@type\":\"BreadcrumbList\",\"@id\":\"https:\/\/tbr.dental\/es\/profesional\/solicitar-asistencia-tecnica\/#breadcrumb\",\"itemListElement\":[{\"@type\":\"ListItem\",\"position\":1,\"name\":\"Accueil\",\"item\":\"http:\/\/tbr.dental\/\"},{\"@type\":\"ListItem\",\"position\":2,\"name\":\"Profesional\",\"item\":\"https:\/\/tbr.dental\/es\/profesional\/\"},{\"@type\":\"ListItem\",\"position\":3,\"name\":\"Solicitar asistencia t\u00e9cnica\"}]},{\"@type\":\"WebSite\",\"@id\":\"http:\/\/tbr.dental\/en\/#website\",\"url\":\"http:\/\/tbr.dental\/en\/\",\"name\":\"TBR Dental\",\"description\":\"\",\"publisher\":{\"@id\":\"http:\/\/tbr.dental\/en\/#organization\"},\"potentialAction\":[{\"@type\":\"SearchAction\",\"target\":{\"@type\":\"EntryPoint\",\"urlTemplate\":\"http:\/\/tbr.dental\/en\/?s={search_term_string}\"},\"query-input\":{\"@type\":\"PropertyValueSpecification\",\"valueRequired\":true,\"valueName\":\"search_term_string\"}}],\"inLanguage\":\"es\"},{\"@type\":\"Organization\",\"@id\":\"http:\/\/tbr.dental\/en\/#organization\",\"name\":\"TBR Dental\",\"url\":\"http:\/\/tbr.dental\/en\/\",\"logo\":{\"@type\":\"ImageObject\",\"inLanguage\":\"es\",\"@id\":\"http:\/\/tbr.dental\/en\/#\/schema\/logo\/image\/\",\"url\":\"https:\/\/tbr.dental\/wp-content\/uploads\/2023\/01\/Logo-TBR-2018-black.png\",\"contentUrl\":\"https:\/\/tbr.dental\/wp-content\/uploads\/2023\/01\/Logo-TBR-2018-black.png\",\"width\":2107,\"height\":457,\"caption\":\"TBR Dental\"},\"image\":{\"@id\":\"http:\/\/tbr.dental\/en\/#\/schema\/logo\/image\/\"}}]}<\/script>\n<!-- \/ Yoast SEO plugin. -->","yoast_head_json":{"title":"Solicitar asistencia t\u00e9cnica - TBR Dental","description":"Nuestro servicio de asistencia t\u00e9cnica responde r\u00e1pidamente a sus solicitudes. Rellene el siguiente formulario para solicitar la asistencia t\u00e9cnica de nuestros equipos.","robots":{"index":"index","follow":"follow","max-snippet":"max-snippet:-1","max-image-preview":"max-image-preview:large","max-video-preview":"max-video-preview:-1"},"canonical":"https:\/\/tbr.dental\/es\/profesional\/solicitar-asistencia-tecnica\/","og_locale":"es_ES","og_type":"article","og_title":"Solicitar asistencia t\u00e9cnica - TBR Dental","og_description":"Nuestro servicio de asistencia t\u00e9cnica responde r\u00e1pidamente a sus solicitudes. Rellene el siguiente formulario para solicitar la asistencia t\u00e9cnica de nuestros equipos.","og_url":"https:\/\/tbr.dental\/es\/profesional\/solicitar-asistencia-tecnica\/","og_site_name":"TBR Dental","article_modified_time":"2025-03-05T07:17:16+00:00","twitter_card":"summary_large_image","twitter_misc":{"Tiempo de lectura":"1 minuto"},"schema":{"@context":"https:\/\/schema.org","@graph":[{"@type":"WebPage","@id":"https:\/\/tbr.dental\/es\/profesional\/solicitar-asistencia-tecnica\/","url":"https:\/\/tbr.dental\/es\/profesional\/solicitar-asistencia-tecnica\/","name":"Solicitar asistencia t\u00e9cnica - TBR Dental","isPartOf":{"@id":"http:\/\/tbr.dental\/en\/#website"},"datePublished":"2022-11-18T12:16:33+00:00","dateModified":"2025-03-05T07:17:16+00:00","description":"Nuestro servicio de asistencia t\u00e9cnica responde r\u00e1pidamente a sus solicitudes. Rellene el siguiente formulario para solicitar la asistencia t\u00e9cnica de nuestros equipos.","breadcrumb":{"@id":"https:\/\/tbr.dental\/es\/profesional\/solicitar-asistencia-tecnica\/#breadcrumb"},"inLanguage":"es","potentialAction":[{"@type":"ReadAction","target":["https:\/\/tbr.dental\/es\/profesional\/solicitar-asistencia-tecnica\/"]}]},{"@type":"BreadcrumbList","@id":"https:\/\/tbr.dental\/es\/profesional\/solicitar-asistencia-tecnica\/#breadcrumb","itemListElement":[{"@type":"ListItem","position":1,"name":"Accueil","item":"http:\/\/tbr.dental\/"},{"@type":"ListItem","position":2,"name":"Profesional","item":"https:\/\/tbr.dental\/es\/profesional\/"},{"@type":"ListItem","position":3,"name":"Solicitar asistencia t\u00e9cnica"}]},{"@type":"WebSite","@id":"http:\/\/tbr.dental\/en\/#website","url":"http:\/\/tbr.dental\/en\/","name":"TBR Dental","description":"","publisher":{"@id":"http:\/\/tbr.dental\/en\/#organization"},"potentialAction":[{"@type":"SearchAction","target":{"@type":"EntryPoint","urlTemplate":"http:\/\/tbr.dental\/en\/?s={search_term_string}"},"query-input":{"@type":"PropertyValueSpecification","valueRequired":true,"valueName":"search_term_string"}}],"inLanguage":"es"},{"@type":"Organization","@id":"http:\/\/tbr.dental\/en\/#organization","name":"TBR Dental","url":"http:\/\/tbr.dental\/en\/","logo":{"@type":"ImageObject","inLanguage":"es","@id":"http:\/\/tbr.dental\/en\/#\/schema\/logo\/image\/","url":"https:\/\/tbr.dental\/wp-content\/uploads\/2023\/01\/Logo-TBR-2018-black.png","contentUrl":"https:\/\/tbr.dental\/wp-content\/uploads\/2023\/01\/Logo-TBR-2018-black.png","width":2107,"height":457,"caption":"TBR Dental"},"image":{"@id":"http:\/\/tbr.dental\/en\/#\/schema\/logo\/image\/"}}]}},"_links":{"self":[{"href":"https:\/\/tbr.dental\/es\/wp-json\/wp\/v2\/pages\/17169","targetHints":{"allow":["GET"]}}],"collection":[{"href":"https:\/\/tbr.dental\/es\/wp-json\/wp\/v2\/pages"}],"about":[{"href":"https:\/\/tbr.dental\/es\/wp-json\/wp\/v2\/types\/page"}],"author":[{"embeddable":true,"href":"https:\/\/tbr.dental\/es\/wp-json\/wp\/v2\/users\/1"}],"replies":[{"embeddable":true,"href":"https:\/\/tbr.dental\/es\/wp-json\/wp\/v2\/comments?post=17169"}],"version-history":[{"count":0,"href":"https:\/\/tbr.dental\/es\/wp-json\/wp\/v2\/pages\/17169\/revisions"}],"up":[{"embeddable":true,"href":"https:\/\/tbr.dental\/es\/wp-json\/wp\/v2\/pages\/17163"}],"wp:attachment":[{"href":"https:\/\/tbr.dental\/es\/wp-json\/wp\/v2\/media?parent=17169"}],"curies":[{"name":"wp","href":"https:\/\/api.w.org\/{rel}","templated":true}]}}