{"id":16756,"date":"2022-11-14T18:40:27","date_gmt":"2022-11-14T17:40:27","guid":{"rendered":"https:\/\/tbr.dental\/informacion-legal\/"},"modified":"2023-12-26T16:30:21","modified_gmt":"2023-12-26T15:30:21","slug":"aviso-legal-aviso-de-privacidad","status":"publish","type":"page","link":"https:\/\/tbr.dental\/es\/aviso-legal-aviso-de-privacidad\/","title":{"rendered":"Aviso legal &#8211; Aviso de privacidad"},"content":{"rendered":"\t\t<div data-elementor-type=\"wp-page\" data-elementor-id=\"16756\" class=\"elementor elementor-16756 elementor-1346\" data-elementor-settings=\"{&quot;ha_cmc_init_switcher&quot;:&quot;no&quot;}\" data-elementor-post-type=\"page\">\n\t\t\t\t\t\t<section class=\"elementor-section elementor-top-section elementor-element elementor-element-4b6bce3 elementor-section-height-min-height elementor-section-boxed elementor-section-height-default elementor-section-items-middle\" data-id=\"4b6bce3\" data-element_type=\"section\" data-settings=\"{&quot;jet_parallax_layout_list&quot;:[],&quot;background_background&quot;:&quot;classic&quot;,&quot;_ha_eqh_enable&quot;:false}\">\n\t\t\t\t\t\t<div class=\"elementor-container elementor-column-gap-default\">\n\t\t\t\t\t<div class=\"elementor-column elementor-col-100 elementor-top-column elementor-element elementor-element-18d7dca\" data-id=\"18d7dca\" data-element_type=\"column\">\n\t\t\t<div class=\"elementor-widget-wrap elementor-element-populated\">\n\t\t\t\t\t\t<section class=\"elementor-section elementor-inner-section elementor-element elementor-element-19eacc9 elementor-section-boxed elementor-section-height-default elementor-section-height-default\" data-id=\"19eacc9\" data-element_type=\"section\" data-settings=\"{&quot;jet_parallax_layout_list&quot;:[],&quot;_ha_eqh_enable&quot;:false}\">\n\t\t\t\t\t\t<div class=\"elementor-container elementor-column-gap-default\">\n\t\t\t\t\t<div class=\"elementor-column elementor-col-100 elementor-inner-column elementor-element elementor-element-856b150\" data-id=\"856b150\" data-element_type=\"column\">\n\t\t\t<div class=\"elementor-widget-wrap elementor-element-populated\">\n\t\t\t\t\t\t<div class=\"elementor-element elementor-element-bba3f84 ha-align-left ha-layout-inline elementor-widget elementor-widget-ha-advanced-heading happy-addon ha-advanced-heading happy-addon-pro\" data-id=\"bba3f84\" data-element_type=\"widget\" data-settings=\"{&quot;ekit_we_effect_on&quot;:&quot;none&quot;}\" data-widget_type=\"ha-advanced-heading.default\">\n\t\t\t\t<div class=\"elementor-widget-container\">\n\t\t\t\t\t\n\t\t<h1 class=\"ha-advanced-heading-tag\">\n\t\t\t\t\t\t<div class=\"ha-advanced-heading-wrap\" data-background-text=\"\">\n\t\t\t\t<span class=\"ha-advanced-heading-before\">Aviso legal - Aviso de privacidad<\/span>\n\t\t\t\t<span class=\"ha-advanced-heading-center\"><\/span>\n\t\t\t\t<span class=\"ha-advanced-heading-after\"><\/span>\n\t\t\t\t<span class=\"ha-advanced-heading-border\"><\/span>\n\t\t\t<\/div>\n\t\t\t\t\t<\/h1>\n\n\t\t\t\t\t\t<\/div>\n\t\t\t\t<\/div>\n\t\t\t\t\t<\/div>\n\t\t<\/div>\n\t\t\t\t\t<\/div>\n\t\t<\/section>\n\t\t\t\t\t<\/div>\n\t\t<\/div>\n\t\t\t\t\t<\/div>\n\t\t<\/section>\n\t\t\t\t<section class=\"elementor-section elementor-top-section elementor-element elementor-element-5e0bc09 elementor-section-boxed elementor-section-height-default elementor-section-height-default\" data-id=\"5e0bc09\" data-element_type=\"section\" data-settings=\"{&quot;jet_parallax_layout_list&quot;:[],&quot;_ha_eqh_enable&quot;:false}\">\n\t\t\t\t\t\t<div class=\"elementor-container elementor-column-gap-default\">\n\t\t\t\t\t<div class=\"elementor-column elementor-col-100 elementor-top-column elementor-element elementor-element-890b15b\" data-id=\"890b15b\" data-element_type=\"column\">\n\t\t\t<div class=\"elementor-widget-wrap elementor-element-populated\">\n\t\t\t\t\t\t<section class=\"elementor-section elementor-inner-section elementor-element elementor-element-42183b2 elementor-section-boxed elementor-section-height-default elementor-section-height-default\" data-id=\"42183b2\" data-element_type=\"section\" data-settings=\"{&quot;jet_parallax_layout_list&quot;:[],&quot;_ha_eqh_enable&quot;:false}\">\n\t\t\t\t\t\t<div class=\"elementor-container elementor-column-gap-extended\">\n\t\t\t\t\t<div class=\"elementor-column elementor-col-100 elementor-inner-column elementor-element elementor-element-bf672ce\" data-id=\"bf672ce\" data-element_type=\"column\">\n\t\t\t<div class=\"elementor-widget-wrap elementor-element-populated\">\n\t\t\t\t\t\t<div class=\"elementor-element elementor-element-ded9c63 elementor-widget elementor-widget-text-editor\" data-id=\"ded9c63\" data-element_type=\"widget\" data-settings=\"{&quot;ekit_we_effect_on&quot;:&quot;none&quot;}\" data-widget_type=\"text-editor.default\">\n\t\t\t\t<div class=\"elementor-widget-container\">\n\t\t\t\t\t\t\t\t\t<p><strong>1. Presentaci\u00f3n del sitio.<\/strong><br \/>De conformidad con el art\u00edculo 6 de la Ley N\u00ba 2004-575, de 21 de junio de 2004, de confianza en la econom\u00eda digital, se informa a los usuarios del sitio tbr.dental de la identidad de las diversas partes que participan en su aplicaci\u00f3n y seguimiento:<\/p><p>Propietario y creador:<\/p><p>SUDIMPLANTE SAS (nombre comercial: Grupo TBR)<br \/>342 133 998 RCS Toulouse<br \/>24 impasse Ren\u00e9 Couzinet 31500 Toulouse &#8211; Francia<br \/>Alojamiento : OVH 2 rue Kellermann 59100 Roubaix &#8211; Francia<\/p><p><strong>2. Condiciones generales de uso del sitio y servicios ofrecidos.<\/strong><br \/>Se proh\u00edbe cualquier uso de las marcas y logotipos de este sitio sin la autorizaci\u00f3n de la empresa Grupo TBR.<br \/>La utilizaci\u00f3n del sitio tbr.dental implica la aceptaci\u00f3n plena y total de las condiciones generales de uso que se describen a continuaci\u00f3n. Estas condiciones de uso pueden modificarse o complementarse en cualquie.r momento, por lo que se invita a los usuarios del sitio tbr.dental a que las consulten peri\u00f3dicamente.<br \/>Este sitio es normalmente accesible a los usuarios en cualquier momento. Sin embargo, tbr.dental puede decidir interrumpirlo para realizar un mantenimiento t\u00e9cnico y procurar\u00e1 informar a los usuarios con antelaci\u00f3n de las fechas y horas de la intervenci\u00f3n.<br \/>El sitio web de tbr.dental se actualiza regularmente. Asimismo, los avisos legales pueden modificarse en cualquier momento: no obstante, son vinculantes para el usuario que es invitado a consultarlos con la mayor frecuencia posible para leerlos. Este sitio es normalmente accesible a los usuarios en cualquier momento. Sin embargo, tbr.dental puede decidir interrumpirlo para realizar un mantenimiento t\u00e9cnico y procurar\u00e1 informar a los usuarios con antelaci\u00f3n de las fechas y horas de la intervenci\u00f3n.<br \/>El sitio web de tbr.dental se actualiza regularmente. Asimismo, los avisos legales pueden modificarse en cualquier momento: no obstante, son vinculantes para el usuario que es invitado a consultarlos con la mayor frecuencia posible para leerlos.<\/p><p><strong>3. Descripci\u00f3n de los servicios prestados.<\/strong><br \/>El prop\u00f3sito del sitio tbr.dental es proporcionar informaci\u00f3n sobre todas las actividades de la empresa.<br \/>SUDIMPLANT SAS se esfuerza por proporcionar en el sitio web tbr.dental informaci\u00f3n lo m\u00e1s precisa posible. Sin embargo, no se hace responsable de las omisiones, inexactitudes y deficiencias en la actualizaci\u00f3n, ya sean causadas por ella misma o por los terceros asociados que le proporcionan esta informaci\u00f3n.<br \/>Toda la informaci\u00f3n del sitio tbr.dental se da a t\u00edtulo indicativo y est\u00e1 sujeta a cambios. Adem\u00e1s, la informaci\u00f3n del sitio tbr.dental no es exhaustiva. Est\u00e1 sujeta a los cambios que se han realizado desde que se public\u00f3 en l\u00ednea.<\/p><p><strong>4. Limitaciones contractuales de los datos t\u00e9cnicos.<\/strong><br \/>El sitio web utiliza la tecnolog\u00eda JavaScript.<br \/>El sitio web no se hace responsable de ning\u00fan da\u00f1o material relacionado con el uso del sitio. Adem\u00e1s, el usuario del sitio se compromete a acceder al mismo utilizando un equipo reciente, libre de virus y con un navegador de \u00faltima generaci\u00f3n y actualizado.<\/p><p><strong>5. Propiedad intelectual y falsificaciones.<\/strong><br \/>SUDIMPLANT SAS es propietaria de los derechos de propiedad intelectual o posee los derechos de utilizaci\u00f3n de todos los elementos accesibles en el sitio, en particular los textos, im\u00e1genes, grafismos, logotipos, iconos, sonidos, programas inform\u00e1ticos.<br \/>Toda reproducci\u00f3n, representaci\u00f3n, modificaci\u00f3n, publicaci\u00f3n, adaptaci\u00f3n de todo o parte de los elementos del sitio, cualquiera que sea el medio o el procedimiento utilizado, est\u00e1 prohibida sin la autorizaci\u00f3n previa y por escrito de : SUDIMPLANT SAS.<br \/>Toda utilizaci\u00f3n no autorizada del sitio o de alguno de los elementos que contiene ser\u00e1 considerada como una infracci\u00f3n y ser\u00e1 perseguida de conformidad con las disposiciones de los art\u00edculos L.335-2 y siguientes del C\u00f3digo de la Propiedad Intelectual.<\/p><p><strong>6. Limitaciones de la responsabilidad.<\/strong><br \/>SUDIMPLANT SAS no podr\u00e1 ser considerada responsable de los da\u00f1os directos o indirectos causados al equipo del usuario al acceder a la p\u00e1gina web de SUDIMPLANT SAS, y que resulten ya sea de la utilizaci\u00f3n de un equipo que no cumpla las especificaciones indicadas en el punto 4, o de la aparici\u00f3n de un fallo o incompatibilidad.<br \/>SUDIMPLANT SAS tampoco podr\u00e1 ser considerada responsable de los da\u00f1os indirectos (como, por ejemplo, la p\u00e9rdida de negocios o la p\u00e9rdida de oportunidades) que resulten de la utilizaci\u00f3n del sitio web tbr.dental.<br \/>Los usuarios disponen de \u00e1reas interactivas (posibilidad de hacer preguntas en la zona de contacto). SUDIMPLANT SAS se reserva el derecho de suprimir, sin previo aviso, todo contenido publicado en este espacio que contravenga la legislaci\u00f3n aplicable en Francia, en particular las disposiciones relativas a la protecci\u00f3n de datos. En caso de necesidad, SUDIMPLANT SAS se reserva igualmente el derecho de responsabilizar al usuario en el marco del derecho civil y\/o penal, en particular en caso de mensaje racista, injurioso, difamatorio o pornogr\u00e1fico, cualquiera que sea el soporte utilizado (texto, fotograf\u00eda, etc.).<\/p><p><strong>7. Pol\u00edtica de privacidad &#8211; Gesti\u00f3n de datos personales.<\/strong><br \/>En Francia, los datos de car\u00e1cter personal est\u00e1n protegidos, en particular, por el Reglamento (UE) 2016\/679 del Parlamento Europeo y del Consejo, de 27 de abril de 2016, relativo a la protecci\u00f3n de las personas f\u00edsicas en lo que respecta al tratamiento de datos personales y a la libre circulaci\u00f3n de estos datos, y por el que se deroga la Directiva 95\/46\/CE (Reglamento general sobre protecci\u00f3n de datos).<\/p><p>Informaci\u00f3n recogida por TBR :<br \/>SUDIMPLANT SAS puede recoger datos personales directamente de usted y a trav\u00e9s de la p\u00e1gina web tbr.dental. De acuerdo con el principio de minimizaci\u00f3n, recogemos s\u00f3lo los datos adecuados, pertinentes y limitados a lo que es necesario para los fines para los que se procesan. Los datos recogidos por TBR son los siguientes:<br \/>&#8211; Datos de identificaci\u00f3n (nombre, apellido)<br \/>&#8211; Datos de contacto (correo electr\u00f3nico y direcci\u00f3n postal, n\u00famero de tel\u00e9fono)<br \/>&#8211; Datos de conexi\u00f3n (URL de los enlaces a trav\u00e9s de los cuales el usuario accedi\u00f3 al sitio web de tbr.dental, el proveedor de acceso del usuario, la direcci\u00f3n del Protocolo de Internet (IP) del usuario, el nombre de usuario, el inicio de sesi\u00f3n y la contrase\u00f1a)<br \/>&#8211; Datos financieros (pagos medios e hist\u00f3ricos)<br \/>&#8211; Datos de localizaci\u00f3n<\/p><p>Con qu\u00e9 prop\u00f3sito:<br \/>En cualquier caso, SUDIMPLANT SAS s\u00f3lo recoge informaci\u00f3n personal relativa al usuario para la necesidad de ciertos servicios ofrecidos por el sitio web tbr.dental y por SUDIMPLANT SAS. El usuario proporciona esta informaci\u00f3n con pleno conocimiento de los hechos, en particular cuando \u00e9l mismo la proporciona. Se especifica entonces al usuario del sitio web tbr.dental la obligaci\u00f3n o no de proporcionar esta informaci\u00f3n. Estos datos se utilizan en el marco de los intercambios comerciales con el cliente (gesti\u00f3n de la cuenta del cliente, comunicaci\u00f3n con el cliente, gesti\u00f3n de los derechos y de las solicitudes de ejercicio de los derechos personales, env\u00edo de los pedidos).<\/p><p>Intercambio de datos :<br \/>Ninguna informaci\u00f3n personal del usuario del sitio tbr.dental, y\/o de las bases de datos del Grupo TBR, se publica sin el conocimiento del usuario, se intercambia, se transfiere, se asigna o se vende en cualquier soporte a terceros. S\u00f3lo la hip\u00f3tesis de la compra de SUDIMPLANT SAS y sus derechos permitir\u00eda la transmisi\u00f3n de dicha informaci\u00f3n al comprador potencial que, a su vez, estar\u00eda obligado por la misma obligaci\u00f3n de conservaci\u00f3n y modificaci\u00f3n de los datos con respecto al usuario del sitio tbr.dental.<\/p><p>Duraci\u00f3n de la conservaci\u00f3n :<br \/>Los datos personales recogidos por TBR se conservan \u00fanicamente durante el tiempo necesario para alcanzar los fines mencionados anteriormente o para cumplir con las obligaciones legales (es decir, un per\u00edodo de quince a\u00f1os a partir de la fecha de venta del \u00faltimo producto).<\/p><p>Almacenamiento de datos :<\/p><p><strong>8. Enlaces de hipertexto y cookies.<\/strong><br \/>El sitio tbr.dental contiene un cierto n\u00famero de enlaces de hipertexto hacia otros sitios, establecidos con la autorizaci\u00f3n de SUDIMPLANT SAS. Sin embargo, SUDIMPLANT SAS no tiene ninguna posibilidad de verificar el contenido de los sitios as\u00ed visitados y, por consiguiente, no asume ninguna responsabilidad por este hecho.<br \/>La navegaci\u00f3n en el sitio web de tbr.Dental puede provocar la instalaci\u00f3n de cookies en el ordenador del usuario. Un cookie es un peque\u00f1o archivo que no permite la identificaci\u00f3n del usuario, pero que registra informaci\u00f3n relativa a la navegaci\u00f3n de una computadora en un sitio. Los datos as\u00ed obtenidos tienen por objeto facilitar la navegaci\u00f3n posterior en el sitio, y tienen tambi\u00e9n por objeto permitir diversas medidas de frecuentaci\u00f3n.<br \/>La negativa a instalar un cookie puede hacer imposible el acceso a determinados servicios. Sin embargo, el usuario puede configurar su ordenador para rechazar la instalaci\u00f3n de los cookies.<\/p><p><strong>9. Ley aplicable y atribuci\u00f3n de jurisdicci\u00f3n.<\/strong><br \/>Todo litigio relacionado con la utilizaci\u00f3n del sitio web tbr.dental est\u00e1 sujeto a la legislaci\u00f3n francesa. Se atribuye exclusivamente la competencia a los tribunales competentes de Par\u00eds.<\/p><p><strong>10. Las principales leyes en cuesti\u00f3n.<\/strong><br \/>Reglamento (UE) 2016\/679 del Parlamento Europeo y del Consejo, de 27 de abril de 2016, relativo a la protecci\u00f3n de las personas f\u00edsicas en lo que respecta al tratamiento de datos personales y a la libre circulaci\u00f3n de estos datos, y por el que se deroga la Directiva 95\/46\/CE (Reglamento general sobre protecci\u00f3n de datos).<br \/>Ley N\u00ba 2004-575, de 21 de junio de 2004, sobre la confianza en la econom\u00eda digital.<\/p><p><strong>11. Google Analytics<\/strong><br \/>Este sitio web utiliza Google Analytics, un servicio de an\u00e1lisis web proporcionado por Google Inc. (&#8220;Google&#8221;). Google Analytics utiliza &#8220;cookies&#8221;, que son archivos de texto ubicados en su ordenador, para ayudar al sitio web a analizar el uso que hacen los usuarios del mismo. La informaci\u00f3n que genera la cookie acerca de su uso del sitio web (incluyendo su direcci\u00f3n IP) ser\u00e1 transmitida y almacenada por Google en los servidores de Estados Unidos. Google utilizar\u00e1 esta informaci\u00f3n con el fin de evaluar su uso del sitio web, recopilando informes sobre la actividad del sitio web para los operadores del mismo y prestando otros servicios relacionados con la actividad del sitio web y el uso de Internet. Google podr\u00e1 transmitir esta informaci\u00f3n a terceros cuando as\u00ed lo requiera la ley o cuando dichos terceros procesen la informaci\u00f3n por cuenta de Google. Google no asociar\u00e1 su direcci\u00f3n IP con ning\u00fan otro dato del que disponga Google. Usted puede rechazar el uso de cookies seleccionando la configuraci\u00f3n apropiada de su navegador, sin embargo, tenga en cuenta que si lo hace es posible que no pueda utilizar toda la funcionalidad de este sitio web. No obstante, dicha desactivaci\u00f3n puede impedir el uso de determinadas funciones de este sitio web. Al utilizar este sitio web, usted acepta que Google procese los datos sobre usted en la forma y para los fines arriba indicados. La transferencia de los datos personales se realiza a Google Inc, una empresa que se ha adherido al Puerto Seguro y que ofrece una protecci\u00f3n adecuada en el tratamiento de los datos personales as\u00ed transferidos.<\/p><p><strong>12. L\u00e9xico.<\/strong><br \/>Usuario: Usuario de Internet que se conecta, utilizando el sitio mencionado.<br \/>Datos personales: Toda informaci\u00f3n relativa a una persona f\u00edsica identificada o identificable (en lo sucesivo, &#8220;el interesado&#8221;); se considera &#8220;persona f\u00edsica identificable&#8221; a una persona f\u00edsica que puede ser identificada, directa o indirectamente, en particular mediante referencia a un identificador, como un nombre, un n\u00famero de identificaci\u00f3n, datos de localizaci\u00f3n, un identificador en l\u00ednea, o a uno o varios elementos espec\u00edficos propios de su identidad f\u00edsica, fisiol\u00f3gica, gen\u00e9tica, mental, econ\u00f3mica, cultural o social (art. 4. 1 del Reglamento (UE) 2016\/679 del Parlamento Europeo y del Consejo, de 27 de abril de 2016, relativo a la protecci\u00f3n de las personas f\u00edsicas en lo que respecta al tratamiento de datos personales y a la libre circulaci\u00f3n de estos datos, y por el que se deroga la Directiva 95\/46\/CE (Reglamento general de protecci\u00f3n de datos)).<\/p><p>\u00a0<\/p>\t\t\t\t\t\t\t\t<\/div>\n\t\t\t\t<\/div>\n\t\t\t\t\t<\/div>\n\t\t<\/div>\n\t\t\t\t\t<\/div>\n\t\t<\/section>\n\t\t\t\t\t<\/div>\n\t\t<\/div>\n\t\t\t\t\t<\/div>\n\t\t<\/section>\n\t\t\t\t<\/div>\n\t\t","protected":false},"excerpt":{"rendered":"<p>Aviso legal &#8211; Aviso de privacidad 1. Presentaci\u00f3n del sitio.De conformidad con el art\u00edculo 6 de la Ley N\u00ba 2004-575, de 21 de junio de 2004, de confianza en la econom\u00eda digital, se informa a los usuarios del sitio tbr.dental de la identidad de las diversas partes que participan en su aplicaci\u00f3n y seguimiento: Propietario [&hellip;]<\/p>\n","protected":false},"author":1,"featured_media":0,"parent":0,"menu_order":0,"comment_status":"closed","ping_status":"closed","template":"elementor_header_footer","meta":{"_acf_changed":false,"footnotes":""},"class_list":["post-16756","page","type-page","status-publish","hentry"],"acf":[],"yoast_head":"<!-- This site is optimized with the Yoast SEO plugin v26.5 - https:\/\/yoast.com\/wordpress\/plugins\/seo\/ -->\n<title>Aviso legal - Aviso de privacidad - TBR Dental<\/title>\n<meta name=\"robots\" content=\"index, follow, max-snippet:-1, max-image-preview:large, max-video-preview:-1\" \/>\n<link rel=\"canonical\" href=\"https:\/\/tbr.dental\/es\/aviso-legal-aviso-de-privacidad\/\" \/>\n<meta property=\"og:locale\" content=\"es_ES\" \/>\n<meta property=\"og:type\" content=\"article\" \/>\n<meta property=\"og:title\" content=\"Aviso legal - Aviso de privacidad - TBR Dental\" \/>\n<meta property=\"og:description\" content=\"Aviso legal &#8211; Aviso de privacidad 1. Presentaci\u00f3n del sitio.De conformidad con el art\u00edculo 6 de la Ley N\u00ba 2004-575, de 21 de junio de 2004, de confianza en la econom\u00eda digital, se informa a los usuarios del sitio tbr.dental de la identidad de las diversas partes que participan en su aplicaci\u00f3n y seguimiento: Propietario [&hellip;]\" \/>\n<meta property=\"og:url\" content=\"https:\/\/tbr.dental\/es\/aviso-legal-aviso-de-privacidad\/\" \/>\n<meta property=\"og:site_name\" content=\"TBR Dental\" \/>\n<meta property=\"article:modified_time\" content=\"2023-12-26T15:30:21+00:00\" \/>\n<meta name=\"twitter:card\" content=\"summary_large_image\" \/>\n<meta name=\"twitter:label1\" content=\"Tiempo de lectura\" \/>\n\t<meta name=\"twitter:data1\" content=\"9 minutos\" \/>\n<script type=\"application\/ld+json\" class=\"yoast-schema-graph\">{\"@context\":\"https:\/\/schema.org\",\"@graph\":[{\"@type\":\"WebPage\",\"@id\":\"https:\/\/tbr.dental\/es\/aviso-legal-aviso-de-privacidad\/\",\"url\":\"https:\/\/tbr.dental\/es\/aviso-legal-aviso-de-privacidad\/\",\"name\":\"Aviso legal - Aviso de privacidad - TBR Dental\",\"isPartOf\":{\"@id\":\"http:\/\/tbr.dental\/en\/#website\"},\"datePublished\":\"2022-11-14T17:40:27+00:00\",\"dateModified\":\"2023-12-26T15:30:21+00:00\",\"breadcrumb\":{\"@id\":\"https:\/\/tbr.dental\/es\/aviso-legal-aviso-de-privacidad\/#breadcrumb\"},\"inLanguage\":\"es\",\"potentialAction\":[{\"@type\":\"ReadAction\",\"target\":[\"https:\/\/tbr.dental\/es\/aviso-legal-aviso-de-privacidad\/\"]}]},{\"@type\":\"BreadcrumbList\",\"@id\":\"https:\/\/tbr.dental\/es\/aviso-legal-aviso-de-privacidad\/#breadcrumb\",\"itemListElement\":[{\"@type\":\"ListItem\",\"position\":1,\"name\":\"Accueil\",\"item\":\"http:\/\/tbr.dental\/\"},{\"@type\":\"ListItem\",\"position\":2,\"name\":\"Aviso legal &#8211; Aviso de privacidad\"}]},{\"@type\":\"WebSite\",\"@id\":\"http:\/\/tbr.dental\/en\/#website\",\"url\":\"http:\/\/tbr.dental\/en\/\",\"name\":\"TBR Dental\",\"description\":\"\",\"publisher\":{\"@id\":\"http:\/\/tbr.dental\/en\/#organization\"},\"potentialAction\":[{\"@type\":\"SearchAction\",\"target\":{\"@type\":\"EntryPoint\",\"urlTemplate\":\"http:\/\/tbr.dental\/en\/?s={search_term_string}\"},\"query-input\":{\"@type\":\"PropertyValueSpecification\",\"valueRequired\":true,\"valueName\":\"search_term_string\"}}],\"inLanguage\":\"es\"},{\"@type\":\"Organization\",\"@id\":\"http:\/\/tbr.dental\/en\/#organization\",\"name\":\"TBR Dental\",\"url\":\"http:\/\/tbr.dental\/en\/\",\"logo\":{\"@type\":\"ImageObject\",\"inLanguage\":\"es\",\"@id\":\"http:\/\/tbr.dental\/en\/#\/schema\/logo\/image\/\",\"url\":\"https:\/\/tbr.dental\/wp-content\/uploads\/2023\/01\/Logo-TBR-2018-black.png\",\"contentUrl\":\"https:\/\/tbr.dental\/wp-content\/uploads\/2023\/01\/Logo-TBR-2018-black.png\",\"width\":2107,\"height\":457,\"caption\":\"TBR Dental\"},\"image\":{\"@id\":\"http:\/\/tbr.dental\/en\/#\/schema\/logo\/image\/\"}}]}<\/script>\n<!-- \/ Yoast SEO plugin. -->","yoast_head_json":{"title":"Aviso legal - Aviso de privacidad - TBR Dental","robots":{"index":"index","follow":"follow","max-snippet":"max-snippet:-1","max-image-preview":"max-image-preview:large","max-video-preview":"max-video-preview:-1"},"canonical":"https:\/\/tbr.dental\/es\/aviso-legal-aviso-de-privacidad\/","og_locale":"es_ES","og_type":"article","og_title":"Aviso legal - Aviso de privacidad - TBR Dental","og_description":"Aviso legal &#8211; Aviso de privacidad 1. Presentaci\u00f3n del sitio.De conformidad con el art\u00edculo 6 de la Ley N\u00ba 2004-575, de 21 de junio de 2004, de confianza en la econom\u00eda digital, se informa a los usuarios del sitio tbr.dental de la identidad de las diversas partes que participan en su aplicaci\u00f3n y seguimiento: Propietario [&hellip;]","og_url":"https:\/\/tbr.dental\/es\/aviso-legal-aviso-de-privacidad\/","og_site_name":"TBR Dental","article_modified_time":"2023-12-26T15:30:21+00:00","twitter_card":"summary_large_image","twitter_misc":{"Tiempo de lectura":"9 minutos"},"schema":{"@context":"https:\/\/schema.org","@graph":[{"@type":"WebPage","@id":"https:\/\/tbr.dental\/es\/aviso-legal-aviso-de-privacidad\/","url":"https:\/\/tbr.dental\/es\/aviso-legal-aviso-de-privacidad\/","name":"Aviso legal - Aviso de privacidad - TBR Dental","isPartOf":{"@id":"http:\/\/tbr.dental\/en\/#website"},"datePublished":"2022-11-14T17:40:27+00:00","dateModified":"2023-12-26T15:30:21+00:00","breadcrumb":{"@id":"https:\/\/tbr.dental\/es\/aviso-legal-aviso-de-privacidad\/#breadcrumb"},"inLanguage":"es","potentialAction":[{"@type":"ReadAction","target":["https:\/\/tbr.dental\/es\/aviso-legal-aviso-de-privacidad\/"]}]},{"@type":"BreadcrumbList","@id":"https:\/\/tbr.dental\/es\/aviso-legal-aviso-de-privacidad\/#breadcrumb","itemListElement":[{"@type":"ListItem","position":1,"name":"Accueil","item":"http:\/\/tbr.dental\/"},{"@type":"ListItem","position":2,"name":"Aviso legal &#8211; Aviso de privacidad"}]},{"@type":"WebSite","@id":"http:\/\/tbr.dental\/en\/#website","url":"http:\/\/tbr.dental\/en\/","name":"TBR Dental","description":"","publisher":{"@id":"http:\/\/tbr.dental\/en\/#organization"},"potentialAction":[{"@type":"SearchAction","target":{"@type":"EntryPoint","urlTemplate":"http:\/\/tbr.dental\/en\/?s={search_term_string}"},"query-input":{"@type":"PropertyValueSpecification","valueRequired":true,"valueName":"search_term_string"}}],"inLanguage":"es"},{"@type":"Organization","@id":"http:\/\/tbr.dental\/en\/#organization","name":"TBR Dental","url":"http:\/\/tbr.dental\/en\/","logo":{"@type":"ImageObject","inLanguage":"es","@id":"http:\/\/tbr.dental\/en\/#\/schema\/logo\/image\/","url":"https:\/\/tbr.dental\/wp-content\/uploads\/2023\/01\/Logo-TBR-2018-black.png","contentUrl":"https:\/\/tbr.dental\/wp-content\/uploads\/2023\/01\/Logo-TBR-2018-black.png","width":2107,"height":457,"caption":"TBR Dental"},"image":{"@id":"http:\/\/tbr.dental\/en\/#\/schema\/logo\/image\/"}}]}},"_links":{"self":[{"href":"https:\/\/tbr.dental\/es\/wp-json\/wp\/v2\/pages\/16756","targetHints":{"allow":["GET"]}}],"collection":[{"href":"https:\/\/tbr.dental\/es\/wp-json\/wp\/v2\/pages"}],"about":[{"href":"https:\/\/tbr.dental\/es\/wp-json\/wp\/v2\/types\/page"}],"author":[{"embeddable":true,"href":"https:\/\/tbr.dental\/es\/wp-json\/wp\/v2\/users\/1"}],"replies":[{"embeddable":true,"href":"https:\/\/tbr.dental\/es\/wp-json\/wp\/v2\/comments?post=16756"}],"version-history":[{"count":0,"href":"https:\/\/tbr.dental\/es\/wp-json\/wp\/v2\/pages\/16756\/revisions"}],"wp:attachment":[{"href":"https:\/\/tbr.dental\/es\/wp-json\/wp\/v2\/media?parent=16756"}],"curies":[{"name":"wp","href":"https:\/\/api.w.org\/{rel}","templated":true}]}}