{"id":16748,"date":"2022-11-14T18:31:12","date_gmt":"2022-11-14T17:31:12","guid":{"rendered":"https:\/\/tbr.dental\/recibir-informacion-para-el-paciente\/"},"modified":"2025-02-10T20:53:49","modified_gmt":"2025-02-10T19:53:49","slug":"recibir-informacion-para-el-paciente","status":"publish","type":"page","link":"https:\/\/tbr.dental\/es\/profesional\/recibir-informacion-para-el-paciente\/","title":{"rendered":"Recibir informaci\u00f3n para el paciente"},"content":{"rendered":"\t\t<div data-elementor-type=\"wp-page\" data-elementor-id=\"16748\" class=\"elementor elementor-16748 elementor-1503\" data-elementor-settings=\"{&quot;ha_cmc_init_switcher&quot;:&quot;no&quot;}\" data-elementor-post-type=\"page\">\n\t\t\t\t\t\t<section class=\"elementor-section elementor-top-section elementor-element elementor-element-4c078a6 elementor-section-height-min-height elementor-section-boxed elementor-section-height-default elementor-section-items-middle\" data-id=\"4c078a6\" data-element_type=\"section\" data-settings=\"{&quot;jet_parallax_layout_list&quot;:[],&quot;background_background&quot;:&quot;classic&quot;,&quot;_ha_eqh_enable&quot;:false}\">\n\t\t\t\t\t\t<div class=\"elementor-container elementor-column-gap-default\">\n\t\t\t\t\t<div class=\"elementor-column elementor-col-100 elementor-top-column elementor-element elementor-element-f825810\" data-id=\"f825810\" data-element_type=\"column\">\n\t\t\t<div class=\"elementor-widget-wrap elementor-element-populated\">\n\t\t\t\t\t\t<section class=\"elementor-section elementor-inner-section elementor-element elementor-element-f460c88 elementor-section-boxed elementor-section-height-default elementor-section-height-default\" data-id=\"f460c88\" data-element_type=\"section\" data-settings=\"{&quot;jet_parallax_layout_list&quot;:[],&quot;_ha_eqh_enable&quot;:false}\">\n\t\t\t\t\t\t<div class=\"elementor-container elementor-column-gap-default\">\n\t\t\t\t\t<div class=\"elementor-column elementor-col-100 elementor-inner-column elementor-element elementor-element-2cd3b04\" data-id=\"2cd3b04\" data-element_type=\"column\">\n\t\t\t<div class=\"elementor-widget-wrap elementor-element-populated\">\n\t\t\t\t\t\t<div class=\"elementor-element elementor-element-e82e42e elementor-widget elementor-widget-jet-animated-text\" data-id=\"e82e42e\" data-element_type=\"widget\" data-settings=\"{&quot;ekit_we_effect_on&quot;:&quot;none&quot;}\" data-widget_type=\"jet-animated-text.default\">\n\t\t\t\t<div class=\"elementor-widget-container\">\n\t\t\t\t\t<div class=\"elementor-jet-animated-text jet-elements\">\n<div class=\"jet-animated-text jet-animated-text--effect-fx6\" data-settings='{&quot;effect&quot;:&quot;fx6&quot;,&quot;delay&quot;:3000}'>\n\t\t<div class=\"jet-animated-text__animated-text\">\n<div class=\"jet-animated-text__animated-text-item active visible\" dir=\"ltr\">\n\t<span>C<\/span><span>o<\/span><span>n<\/span><span>t<\/span><span>\u00e1<\/span><span>c<\/span><span>t<\/span><span>e<\/span><span>n<\/span><span>o<\/span><span>s<\/span><\/div>\n<\/div>\t<\/div><\/div>\t\t\t\t<\/div>\n\t\t\t\t<\/div>\n\t\t\t\t<div class=\"elementor-element elementor-element-27110fe elementor-widget elementor-widget-heading\" data-id=\"27110fe\" data-element_type=\"widget\" data-settings=\"{&quot;ekit_we_effect_on&quot;:&quot;none&quot;}\" data-widget_type=\"heading.default\">\n\t\t\t\t<div class=\"elementor-widget-container\">\n\t\t\t\t\t<h3 class=\"elementor-heading-title elementor-size-default\">Recibir informaci\u00f3n para el paciente<\/h3>\t\t\t\t<\/div>\n\t\t\t\t<\/div>\n\t\t\t\t\t<\/div>\n\t\t<\/div>\n\t\t\t\t\t<\/div>\n\t\t<\/section>\n\t\t\t\t\t<\/div>\n\t\t<\/div>\n\t\t\t\t\t<\/div>\n\t\t<\/section>\n\t\t\t\t<section class=\"elementor-section elementor-top-section elementor-element elementor-element-6f8026c elementor-section-boxed elementor-section-height-default elementor-section-height-default\" data-id=\"6f8026c\" data-element_type=\"section\" data-settings=\"{&quot;jet_parallax_layout_list&quot;:[],&quot;_ha_eqh_enable&quot;:false}\">\n\t\t\t\t\t\t<div class=\"elementor-container elementor-column-gap-default\">\n\t\t\t\t\t<div class=\"elementor-column elementor-col-100 elementor-top-column elementor-element elementor-element-263f510\" data-id=\"263f510\" data-element_type=\"column\">\n\t\t\t<div class=\"elementor-widget-wrap elementor-element-populated\">\n\t\t\t\t\t\t<section class=\"elementor-section elementor-inner-section elementor-element elementor-element-b22697f elementor-section-boxed elementor-section-height-default elementor-section-height-default\" data-id=\"b22697f\" data-element_type=\"section\" data-settings=\"{&quot;jet_parallax_layout_list&quot;:[],&quot;_ha_eqh_enable&quot;:false}\">\n\t\t\t\t\t\t<div class=\"elementor-container elementor-column-gap-default\">\n\t\t\t\t\t<div class=\"elementor-column elementor-col-50 elementor-inner-column elementor-element elementor-element-85e87e2\" data-id=\"85e87e2\" data-element_type=\"column\">\n\t\t\t<div class=\"elementor-widget-wrap elementor-element-populated\">\n\t\t\t\t\t\t<div class=\"elementor-element elementor-element-8a158f7 elementor-widget elementor-widget-ha-member happy-addon ha-member\" data-id=\"8a158f7\" data-element_type=\"widget\" data-settings=\"{&quot;ekit_we_effect_on&quot;:&quot;none&quot;}\" data-widget_type=\"ha-member.default\">\n\t\t\t\t<div class=\"elementor-widget-container\">\n\t\t\t\t\t\n\t\t\t\t\t<figure class=\"ha-member-figure\">\n\t\t\t\t<img fetchpriority=\"high\" decoding=\"async\" width=\"1241\" height=\"1241\" src=\"https:\/\/tbr.dental\/wp-content\/uploads\/2024\/02\/DocImplants_21x21_17052019_page-0001.jpg\" class=\"elementor-animation-disable-animation attachment-full size-full wp-image-27864\" alt=\"\" srcset=\"https:\/\/tbr.dental\/wp-content\/uploads\/2024\/02\/DocImplants_21x21_17052019_page-0001.jpg 1241w, https:\/\/tbr.dental\/wp-content\/uploads\/2024\/02\/DocImplants_21x21_17052019_page-0001-300x300.jpg 300w, https:\/\/tbr.dental\/wp-content\/uploads\/2024\/02\/DocImplants_21x21_17052019_page-0001-1024x1024.jpg 1024w, https:\/\/tbr.dental\/wp-content\/uploads\/2024\/02\/DocImplants_21x21_17052019_page-0001-150x150.jpg 150w, https:\/\/tbr.dental\/wp-content\/uploads\/2024\/02\/DocImplants_21x21_17052019_page-0001-768x768.jpg 768w, https:\/\/tbr.dental\/wp-content\/uploads\/2024\/02\/DocImplants_21x21_17052019_page-0001-500x500.jpg 500w\" sizes=\"(max-width: 1241px) 100vw, 1241px\" \/>\t\t\t<\/figure>\n\t\t\n\t\t<div class=\"ha-member-body\">\n\t\t\t<h1 class=\"ha-member-name\">Documentaci\u00f3n Z1<\/h1>\n\t\t\t\t\t\t\t<div class=\"ha-member-position\">Implante con cuello de zirconio<\/div>\n\t\t\t\n\t\t\t\n\t\t\t\n\t\t\t\n\t\t\t<a class=\"ha-btn ha-btn--link\" href=\"https:\/\/library.tbr.dental\/patientes-catalogo-implante-Z1-Es\" target=\"_blank\"><span class=\"ha-btn-text\">Descargar<\/span><\/a>\t\t<\/div>\n\t\t\t\t\t\t<\/div>\n\t\t\t\t<\/div>\n\t\t\t\t\t<\/div>\n\t\t<\/div>\n\t\t\t\t<div class=\"elementor-column elementor-col-50 elementor-inner-column elementor-element elementor-element-f598e9f\" data-id=\"f598e9f\" data-element_type=\"column\">\n\t\t\t<div class=\"elementor-widget-wrap elementor-element-populated\">\n\t\t\t\t\t\t<div class=\"elementor-element elementor-element-c0903b7 elementor-widget elementor-widget-ha-member happy-addon ha-member\" data-id=\"c0903b7\" data-element_type=\"widget\" data-settings=\"{&quot;ekit_we_effect_on&quot;:&quot;none&quot;}\" data-widget_type=\"ha-member.default\">\n\t\t\t\t<div class=\"elementor-widget-container\">\n\t\t\t\t\t\n\t\t\t\t\t<figure class=\"ha-member-figure\">\n\t\t\t\t<img decoding=\"async\" width=\"786\" height=\"786\" src=\"https:\/\/tbr.dental\/wp-content\/uploads\/2024\/02\/DocFacettes_21x21_01072018_IB_Page_1.jpg\" class=\"elementor-animation-disable-animation attachment-full size-full wp-image-27869\" alt=\"\" srcset=\"https:\/\/tbr.dental\/wp-content\/uploads\/2024\/02\/DocFacettes_21x21_01072018_IB_Page_1.jpg 786w, https:\/\/tbr.dental\/wp-content\/uploads\/2024\/02\/DocFacettes_21x21_01072018_IB_Page_1-300x300.jpg 300w, https:\/\/tbr.dental\/wp-content\/uploads\/2024\/02\/DocFacettes_21x21_01072018_IB_Page_1-150x150.jpg 150w, https:\/\/tbr.dental\/wp-content\/uploads\/2024\/02\/DocFacettes_21x21_01072018_IB_Page_1-768x768.jpg 768w, https:\/\/tbr.dental\/wp-content\/uploads\/2024\/02\/DocFacettes_21x21_01072018_IB_Page_1-500x500.jpg 500w\" sizes=\"(max-width: 786px) 100vw, 786px\" \/>\t\t\t<\/figure>\n\t\t\n\t\t<div class=\"ha-member-body\">\n\t\t\t<h1 class=\"ha-member-name\">Documentaci\u00f3n Lumineers<\/h1>\n\t\t\t\t\t\t\t<div class=\"ha-member-position\">Carillas dentales<\/div>\n\t\t\t\n\t\t\t\n\t\t\t\n\t\t\t\n\t\t\t<a class=\"ha-btn ha-btn--link\" href=\"https:\/\/library.tbr.dental\/patientes-catalogo-carillas-Lumineers-Es\" target=\"_blank\"><span class=\"ha-btn-text\">Descargar<\/span><\/a>\t\t<\/div>\n\t\t\t\t\t\t<\/div>\n\t\t\t\t<\/div>\n\t\t\t\t\t<\/div>\n\t\t<\/div>\n\t\t\t\t\t<\/div>\n\t\t<\/section>\n\t\t\t\t<div class=\"elementor-element elementor-element-f698bd8 elementor-widget elementor-widget-shortcode\" data-id=\"f698bd8\" data-element_type=\"widget\" data-settings=\"{&quot;ekit_we_effect_on&quot;:&quot;none&quot;}\" data-widget_type=\"shortcode.default\">\n\t\t\t\t<div class=\"elementor-widget-container\">\n\t\t\t\t\t\t\t<div class=\"elementor-shortcode\"><script charset=\"utf-8\" type=\"text\/javascript\" src=\"\/\/js-eu1.hsforms.net\/forms\/embed\/v2.js\"><\/script>\n<script>\n  hbspt.forms.create({\n    region: \"eu1\",\n    portalId: \"25420027\",\n    formId: \"bb784c97-563b-4bf8-b75f-b03f26a13a8b\"\n  });\n<\/script><\/div>\n\t\t\t\t\t\t<\/div>\n\t\t\t\t<\/div>\n\t\t\t\t\t<\/div>\n\t\t<\/div>\n\t\t\t\t\t<\/div>\n\t\t<\/section>\n\t\t\t\t<\/div>\n\t\t","protected":false},"excerpt":{"rendered":"<p>Cont\u00e1ctenos Recibir informaci\u00f3n para el paciente Documentaci\u00f3n Z1 Implante con cuello de zirconio Descargar Documentaci\u00f3n Lumineers Carillas dentales Descargar<\/p>\n","protected":false},"author":1,"featured_media":0,"parent":17163,"menu_order":0,"comment_status":"closed","ping_status":"closed","template":"elementor_header_footer","meta":{"_acf_changed":false,"footnotes":""},"class_list":["post-16748","page","type-page","status-publish","hentry"],"acf":[],"yoast_head":"<!-- This site is optimized with the Yoast SEO plugin v26.5 - https:\/\/yoast.com\/wordpress\/plugins\/seo\/ -->\n<title>Recibir informaci\u00f3n para el paciente - TBR Dental<\/title>\n<meta name=\"description\" content=\"Pedir documentaci\u00f3n para sus pacientes\" \/>\n<meta name=\"robots\" content=\"index, follow, max-snippet:-1, max-image-preview:large, max-video-preview:-1\" \/>\n<link rel=\"canonical\" href=\"https:\/\/tbr.dental\/es\/profesional\/recibir-informacion-para-el-paciente\/\" \/>\n<meta property=\"og:locale\" content=\"es_ES\" \/>\n<meta property=\"og:type\" content=\"article\" \/>\n<meta property=\"og:title\" content=\"Recibir informaci\u00f3n para el paciente - TBR Dental\" \/>\n<meta property=\"og:description\" content=\"Pedir documentaci\u00f3n para sus pacientes\" \/>\n<meta property=\"og:url\" content=\"https:\/\/tbr.dental\/es\/profesional\/recibir-informacion-para-el-paciente\/\" \/>\n<meta property=\"og:site_name\" content=\"TBR Dental\" \/>\n<meta property=\"article:modified_time\" content=\"2025-02-10T19:53:49+00:00\" \/>\n<meta property=\"og:image\" content=\"http:\/\/tbr.dental\/wp-content\/uploads\/2024\/02\/DocImplants_21x21_17052019_page-0001.jpg\" \/>\n<meta name=\"twitter:card\" content=\"summary_large_image\" \/>\n<meta name=\"twitter:label1\" content=\"Tiempo de lectura\" \/>\n\t<meta name=\"twitter:data1\" content=\"1 minuto\" \/>\n<script type=\"application\/ld+json\" class=\"yoast-schema-graph\">{\"@context\":\"https:\/\/schema.org\",\"@graph\":[{\"@type\":\"WebPage\",\"@id\":\"https:\/\/tbr.dental\/es\/profesional\/recibir-informacion-para-el-paciente\/\",\"url\":\"https:\/\/tbr.dental\/es\/profesional\/recibir-informacion-para-el-paciente\/\",\"name\":\"Recibir informaci\u00f3n para el paciente - TBR Dental\",\"isPartOf\":{\"@id\":\"http:\/\/tbr.dental\/en\/#website\"},\"primaryImageOfPage\":{\"@id\":\"https:\/\/tbr.dental\/es\/profesional\/recibir-informacion-para-el-paciente\/#primaryimage\"},\"image\":{\"@id\":\"https:\/\/tbr.dental\/es\/profesional\/recibir-informacion-para-el-paciente\/#primaryimage\"},\"thumbnailUrl\":\"http:\/\/tbr.dental\/wp-content\/uploads\/2024\/02\/DocImplants_21x21_17052019_page-0001.jpg\",\"datePublished\":\"2022-11-14T17:31:12+00:00\",\"dateModified\":\"2025-02-10T19:53:49+00:00\",\"description\":\"Pedir documentaci\u00f3n para sus pacientes\",\"breadcrumb\":{\"@id\":\"https:\/\/tbr.dental\/es\/profesional\/recibir-informacion-para-el-paciente\/#breadcrumb\"},\"inLanguage\":\"es\",\"potentialAction\":[{\"@type\":\"ReadAction\",\"target\":[\"https:\/\/tbr.dental\/es\/profesional\/recibir-informacion-para-el-paciente\/\"]}]},{\"@type\":\"ImageObject\",\"inLanguage\":\"es\",\"@id\":\"https:\/\/tbr.dental\/es\/profesional\/recibir-informacion-para-el-paciente\/#primaryimage\",\"url\":\"http:\/\/tbr.dental\/wp-content\/uploads\/2024\/02\/DocImplants_21x21_17052019_page-0001.jpg\",\"contentUrl\":\"http:\/\/tbr.dental\/wp-content\/uploads\/2024\/02\/DocImplants_21x21_17052019_page-0001.jpg\"},{\"@type\":\"BreadcrumbList\",\"@id\":\"https:\/\/tbr.dental\/es\/profesional\/recibir-informacion-para-el-paciente\/#breadcrumb\",\"itemListElement\":[{\"@type\":\"ListItem\",\"position\":1,\"name\":\"Accueil\",\"item\":\"http:\/\/tbr.dental\/\"},{\"@type\":\"ListItem\",\"position\":2,\"name\":\"Profesional\",\"item\":\"https:\/\/tbr.dental\/es\/profesional\/\"},{\"@type\":\"ListItem\",\"position\":3,\"name\":\"Recibir informaci\u00f3n para el paciente\"}]},{\"@type\":\"WebSite\",\"@id\":\"http:\/\/tbr.dental\/en\/#website\",\"url\":\"http:\/\/tbr.dental\/en\/\",\"name\":\"TBR Dental\",\"description\":\"\",\"publisher\":{\"@id\":\"http:\/\/tbr.dental\/en\/#organization\"},\"potentialAction\":[{\"@type\":\"SearchAction\",\"target\":{\"@type\":\"EntryPoint\",\"urlTemplate\":\"http:\/\/tbr.dental\/en\/?s={search_term_string}\"},\"query-input\":{\"@type\":\"PropertyValueSpecification\",\"valueRequired\":true,\"valueName\":\"search_term_string\"}}],\"inLanguage\":\"es\"},{\"@type\":\"Organization\",\"@id\":\"http:\/\/tbr.dental\/en\/#organization\",\"name\":\"TBR Dental\",\"url\":\"http:\/\/tbr.dental\/en\/\",\"logo\":{\"@type\":\"ImageObject\",\"inLanguage\":\"es\",\"@id\":\"http:\/\/tbr.dental\/en\/#\/schema\/logo\/image\/\",\"url\":\"https:\/\/tbr.dental\/wp-content\/uploads\/2023\/01\/Logo-TBR-2018-black.png\",\"contentUrl\":\"https:\/\/tbr.dental\/wp-content\/uploads\/2023\/01\/Logo-TBR-2018-black.png\",\"width\":2107,\"height\":457,\"caption\":\"TBR Dental\"},\"image\":{\"@id\":\"http:\/\/tbr.dental\/en\/#\/schema\/logo\/image\/\"}}]}<\/script>\n<!-- \/ Yoast SEO plugin. -->","yoast_head_json":{"title":"Recibir informaci\u00f3n para el paciente - TBR Dental","description":"Pedir documentaci\u00f3n para sus pacientes","robots":{"index":"index","follow":"follow","max-snippet":"max-snippet:-1","max-image-preview":"max-image-preview:large","max-video-preview":"max-video-preview:-1"},"canonical":"https:\/\/tbr.dental\/es\/profesional\/recibir-informacion-para-el-paciente\/","og_locale":"es_ES","og_type":"article","og_title":"Recibir informaci\u00f3n para el paciente - TBR Dental","og_description":"Pedir documentaci\u00f3n para sus pacientes","og_url":"https:\/\/tbr.dental\/es\/profesional\/recibir-informacion-para-el-paciente\/","og_site_name":"TBR Dental","article_modified_time":"2025-02-10T19:53:49+00:00","og_image":[{"url":"http:\/\/tbr.dental\/wp-content\/uploads\/2024\/02\/DocImplants_21x21_17052019_page-0001.jpg","type":"","width":"","height":""}],"twitter_card":"summary_large_image","twitter_misc":{"Tiempo de lectura":"1 minuto"},"schema":{"@context":"https:\/\/schema.org","@graph":[{"@type":"WebPage","@id":"https:\/\/tbr.dental\/es\/profesional\/recibir-informacion-para-el-paciente\/","url":"https:\/\/tbr.dental\/es\/profesional\/recibir-informacion-para-el-paciente\/","name":"Recibir informaci\u00f3n para el paciente - TBR Dental","isPartOf":{"@id":"http:\/\/tbr.dental\/en\/#website"},"primaryImageOfPage":{"@id":"https:\/\/tbr.dental\/es\/profesional\/recibir-informacion-para-el-paciente\/#primaryimage"},"image":{"@id":"https:\/\/tbr.dental\/es\/profesional\/recibir-informacion-para-el-paciente\/#primaryimage"},"thumbnailUrl":"http:\/\/tbr.dental\/wp-content\/uploads\/2024\/02\/DocImplants_21x21_17052019_page-0001.jpg","datePublished":"2022-11-14T17:31:12+00:00","dateModified":"2025-02-10T19:53:49+00:00","description":"Pedir documentaci\u00f3n para sus pacientes","breadcrumb":{"@id":"https:\/\/tbr.dental\/es\/profesional\/recibir-informacion-para-el-paciente\/#breadcrumb"},"inLanguage":"es","potentialAction":[{"@type":"ReadAction","target":["https:\/\/tbr.dental\/es\/profesional\/recibir-informacion-para-el-paciente\/"]}]},{"@type":"ImageObject","inLanguage":"es","@id":"https:\/\/tbr.dental\/es\/profesional\/recibir-informacion-para-el-paciente\/#primaryimage","url":"http:\/\/tbr.dental\/wp-content\/uploads\/2024\/02\/DocImplants_21x21_17052019_page-0001.jpg","contentUrl":"http:\/\/tbr.dental\/wp-content\/uploads\/2024\/02\/DocImplants_21x21_17052019_page-0001.jpg"},{"@type":"BreadcrumbList","@id":"https:\/\/tbr.dental\/es\/profesional\/recibir-informacion-para-el-paciente\/#breadcrumb","itemListElement":[{"@type":"ListItem","position":1,"name":"Accueil","item":"http:\/\/tbr.dental\/"},{"@type":"ListItem","position":2,"name":"Profesional","item":"https:\/\/tbr.dental\/es\/profesional\/"},{"@type":"ListItem","position":3,"name":"Recibir informaci\u00f3n para el paciente"}]},{"@type":"WebSite","@id":"http:\/\/tbr.dental\/en\/#website","url":"http:\/\/tbr.dental\/en\/","name":"TBR Dental","description":"","publisher":{"@id":"http:\/\/tbr.dental\/en\/#organization"},"potentialAction":[{"@type":"SearchAction","target":{"@type":"EntryPoint","urlTemplate":"http:\/\/tbr.dental\/en\/?s={search_term_string}"},"query-input":{"@type":"PropertyValueSpecification","valueRequired":true,"valueName":"search_term_string"}}],"inLanguage":"es"},{"@type":"Organization","@id":"http:\/\/tbr.dental\/en\/#organization","name":"TBR Dental","url":"http:\/\/tbr.dental\/en\/","logo":{"@type":"ImageObject","inLanguage":"es","@id":"http:\/\/tbr.dental\/en\/#\/schema\/logo\/image\/","url":"https:\/\/tbr.dental\/wp-content\/uploads\/2023\/01\/Logo-TBR-2018-black.png","contentUrl":"https:\/\/tbr.dental\/wp-content\/uploads\/2023\/01\/Logo-TBR-2018-black.png","width":2107,"height":457,"caption":"TBR Dental"},"image":{"@id":"http:\/\/tbr.dental\/en\/#\/schema\/logo\/image\/"}}]}},"_links":{"self":[{"href":"https:\/\/tbr.dental\/es\/wp-json\/wp\/v2\/pages\/16748","targetHints":{"allow":["GET"]}}],"collection":[{"href":"https:\/\/tbr.dental\/es\/wp-json\/wp\/v2\/pages"}],"about":[{"href":"https:\/\/tbr.dental\/es\/wp-json\/wp\/v2\/types\/page"}],"author":[{"embeddable":true,"href":"https:\/\/tbr.dental\/es\/wp-json\/wp\/v2\/users\/1"}],"replies":[{"embeddable":true,"href":"https:\/\/tbr.dental\/es\/wp-json\/wp\/v2\/comments?post=16748"}],"version-history":[{"count":0,"href":"https:\/\/tbr.dental\/es\/wp-json\/wp\/v2\/pages\/16748\/revisions"}],"up":[{"embeddable":true,"href":"https:\/\/tbr.dental\/es\/wp-json\/wp\/v2\/pages\/17163"}],"wp:attachment":[{"href":"https:\/\/tbr.dental\/es\/wp-json\/wp\/v2\/media?parent=16748"}],"curies":[{"name":"wp","href":"https:\/\/api.w.org\/{rel}","templated":true}]}}