{"id":16746,"date":"2022-11-14T17:03:57","date_gmt":"2022-11-14T16:03:57","guid":{"rendered":"https:\/\/tbr.dental\/catalogos\/"},"modified":"2024-03-05T15:52:50","modified_gmt":"2024-03-05T14:52:50","slug":"catalogos","status":"publish","type":"page","link":"https:\/\/tbr.dental\/es\/catalogos\/","title":{"rendered":"Cat\u00e1logos"},"content":{"rendered":"\t\t<div data-elementor-type=\"wp-page\" data-elementor-id=\"16746\" class=\"elementor elementor-16746 elementor-1808\" data-elementor-settings=\"{&quot;ha_cmc_init_switcher&quot;:&quot;no&quot;}\" data-elementor-post-type=\"page\">\n\t\t\t\t\t\t<section class=\"elementor-section elementor-top-section elementor-element elementor-element-9389de0 elementor-section-height-min-height elementor-section-boxed elementor-section-height-default elementor-section-items-middle\" data-id=\"9389de0\" data-element_type=\"section\" data-settings=\"{&quot;jet_parallax_layout_list&quot;:[],&quot;background_background&quot;:&quot;classic&quot;,&quot;_ha_eqh_enable&quot;:false}\">\n\t\t\t\t\t\t<div class=\"elementor-container elementor-column-gap-default\">\n\t\t\t\t\t<div class=\"elementor-column elementor-col-100 elementor-top-column elementor-element elementor-element-52b9a82\" data-id=\"52b9a82\" data-element_type=\"column\">\n\t\t\t<div class=\"elementor-widget-wrap elementor-element-populated\">\n\t\t\t\t\t\t<section class=\"elementor-section elementor-inner-section elementor-element elementor-element-249bc1c elementor-section-boxed elementor-section-height-default elementor-section-height-default\" data-id=\"249bc1c\" data-element_type=\"section\" data-settings=\"{&quot;jet_parallax_layout_list&quot;:[],&quot;_ha_eqh_enable&quot;:false}\">\n\t\t\t\t\t\t<div class=\"elementor-container elementor-column-gap-default\">\n\t\t\t\t\t<div class=\"elementor-column elementor-col-100 elementor-inner-column elementor-element elementor-element-3eab729\" data-id=\"3eab729\" data-element_type=\"column\">\n\t\t\t<div class=\"elementor-widget-wrap elementor-element-populated\">\n\t\t\t\t\t\t<div class=\"elementor-element elementor-element-8a7b233 elementor-widget elementor-widget-jet-animated-text\" data-id=\"8a7b233\" data-element_type=\"widget\" data-settings=\"{&quot;ekit_we_effect_on&quot;:&quot;none&quot;}\" data-widget_type=\"jet-animated-text.default\">\n\t\t\t\t<div class=\"elementor-widget-container\">\n\t\t\t\t\t<div class=\"elementor-jet-animated-text jet-elements\">\n<div class=\"jet-animated-text jet-animated-text--effect-fx6\" data-settings='{&quot;effect&quot;:&quot;fx6&quot;,&quot;delay&quot;:3000}'>\n\t\t<div class=\"jet-animated-text__animated-text\">\n<div class=\"jet-animated-text__animated-text-item active visible\" dir=\"ltr\">\n\t<span>C<\/span><span>a<\/span><span>t<\/span><span>\u00e1<\/span><span>l<\/span><span>o<\/span><span>g<\/span><span>o<\/span><span>s<\/span><\/div>\n<\/div>\t<\/div><\/div>\t\t\t\t<\/div>\n\t\t\t\t<\/div>\n\t\t\t\t\t<\/div>\n\t\t<\/div>\n\t\t\t\t\t<\/div>\n\t\t<\/section>\n\t\t\t\t\t<\/div>\n\t\t<\/div>\n\t\t\t\t\t<\/div>\n\t\t<\/section>\n\t\t\t\t<section class=\"elementor-section elementor-top-section elementor-element elementor-element-6f74534 elementor-section-boxed elementor-section-height-default elementor-section-height-default\" data-id=\"6f74534\" data-element_type=\"section\" data-settings=\"{&quot;jet_parallax_layout_list&quot;:[],&quot;_ha_eqh_enable&quot;:false}\">\n\t\t\t\t\t\t<div class=\"elementor-container elementor-column-gap-default\">\n\t\t\t\t\t<div class=\"elementor-column elementor-col-100 elementor-top-column elementor-element elementor-element-5720d07\" data-id=\"5720d07\" data-element_type=\"column\">\n\t\t\t<div class=\"elementor-widget-wrap elementor-element-populated\">\n\t\t\t\t\t\t<section class=\"elementor-section elementor-inner-section elementor-element elementor-element-dd45d87 elementor-section-boxed elementor-section-height-default elementor-section-height-default\" data-id=\"dd45d87\" data-element_type=\"section\" data-settings=\"{&quot;jet_parallax_layout_list&quot;:[],&quot;_ha_eqh_enable&quot;:false}\">\n\t\t\t\t\t\t<div class=\"elementor-container elementor-column-gap-extended\">\n\t\t\t\t\t<div class=\"elementor-column elementor-col-100 elementor-inner-column elementor-element elementor-element-be5472a\" data-id=\"be5472a\" data-element_type=\"column\">\n\t\t\t<div class=\"elementor-widget-wrap elementor-element-populated\">\n\t\t\t\t\t\t<div class=\"elementor-element elementor-element-ce36091 elementor-widget elementor-widget-ha-content-switcher happy-addon ha-content-switcher\" data-id=\"ce36091\" data-element_type=\"widget\" data-settings=\"{&quot;ekit_we_effect_on&quot;:&quot;none&quot;}\" data-widget_type=\"ha-content-switcher.default\">\n\t\t\t\t<div class=\"elementor-widget-container\">\n\t\t\t\t\t\t\t<div class=\"ha-content-switcher-wrapper ha-cs-design-button\" data-design-type=\"button\">\n\t\t\t<div class=\"ha-cs-switch-container\">\n\t\t\t\t<div class=\"ha-cs-switch-wrapper  desktop-horizontal horizontal mobile-vertical\">\n\t\t\t\t\t\t\t\t\t\t\t\t\t\t\t\t\t\t<button class=\"ha-cs-button active ha-cs-icon-left\" data-content-id=\"335490a\">\n\t\t\t\t\t\t\t\t\t\t\t\t\t\t\t\t<span>Todo<\/span>\n\t\t\t\t\t\t\t<\/button>\n\t\t\t\t\t\t\t\t\t\t\t\t\t\t\t\t<\/div>\n\t\t\t<\/div>\n\t\t\t<div class=\"ha-cs-content-container\">\n\t\t\t\t<div class=\"ha-cs-content-wrapper  desktop-horizontal horizontal mobile-vertical\">\n\t\t\t\t\t\t\t\t\t\t\t\t\t\t\t\t\t\t<div id=\"335490a\" class=\"ha-cs-content-section active\">\n\t\t\t\t\t\t\t\t\t\t<div data-elementor-type=\"page\" data-elementor-id=\"17308\" class=\"elementor elementor-17308 elementor-2203\" data-elementor-settings=\"{&quot;ha_cmc_init_switcher&quot;:&quot;no&quot;}\" data-elementor-post-type=\"elementor_library\">\n\t\t\t\t\t\t<section class=\"elementor-section elementor-top-section elementor-element elementor-element-a053c7b elementor-section-boxed elementor-section-height-default elementor-section-height-default\" data-id=\"a053c7b\" data-element_type=\"section\" data-settings=\"{&quot;jet_parallax_layout_list&quot;:[],&quot;_ha_eqh_enable&quot;:false}\">\n\t\t\t\t\t\t<div class=\"elementor-container elementor-column-gap-wide\">\n\t\t\t\t\t<div class=\"elementor-column elementor-col-33 elementor-top-column elementor-element elementor-element-dee8c69\" data-id=\"dee8c69\" data-element_type=\"column\">\n\t\t\t<div class=\"elementor-widget-wrap elementor-element-populated\">\n\t\t\t\t\t\t<div class=\"elementor-element elementor-element-2eeb8c9 elementor-widget elementor-widget-ha-member happy-addon ha-member\" data-id=\"2eeb8c9\" data-element_type=\"widget\" data-settings=\"{&quot;ekit_we_effect_on&quot;:&quot;none&quot;}\" data-widget_type=\"ha-member.default\">\n\t\t\t\t<div class=\"elementor-widget-container\">\n\t\t\t\t\t\n\t\t\t\t\t<figure class=\"ha-member-figure\">\n\t\t\t\t<img fetchpriority=\"high\" decoding=\"async\" width=\"1241\" height=\"1754\" src=\"https:\/\/tbr.dental\/wp-content\/uploads\/2022\/06\/CatalogueBoneLevel_02-2021_FR_IB_Page_01.jpg\" class=\"elementor-animation-disable-animation attachment-full size-full wp-image-3485\" alt=\"\" srcset=\"https:\/\/tbr.dental\/wp-content\/uploads\/2022\/06\/CatalogueBoneLevel_02-2021_FR_IB_Page_01.jpg 1241w, https:\/\/tbr.dental\/wp-content\/uploads\/2022\/06\/CatalogueBoneLevel_02-2021_FR_IB_Page_01-600x848.jpg 600w, https:\/\/tbr.dental\/wp-content\/uploads\/2022\/06\/CatalogueBoneLevel_02-2021_FR_IB_Page_01-212x300.jpg 212w, https:\/\/tbr.dental\/wp-content\/uploads\/2022\/06\/CatalogueBoneLevel_02-2021_FR_IB_Page_01-725x1024.jpg 725w, https:\/\/tbr.dental\/wp-content\/uploads\/2022\/06\/CatalogueBoneLevel_02-2021_FR_IB_Page_01-768x1085.jpg 768w, https:\/\/tbr.dental\/wp-content\/uploads\/2022\/06\/CatalogueBoneLevel_02-2021_FR_IB_Page_01-1087x1536.jpg 1087w\" sizes=\"(max-width: 1241px) 100vw, 1241px\" \/>\t\t\t<\/figure>\n\t\t\n\t\t<div class=\"ha-member-body\">\n\t\t\t<h1 class=\"ha-member-name\">Cat\u00e1logo BL: Implantes de nivel \u00f3seo<\/h1>\n\t\t\t\n\t\t\t\n\t\t\t\n\t\t\t\n\t\t\t\t\t\t\t<a class=\"ha-btn ha-btn--link ha-btn--icon-after\" href=\"https:\/\/library.tbr.dental\/catalogo-implantes-Bone-Level-Es\"><span class=\"ha-btn-text\">Consulte la documentaci\u00f3n<\/span> <i class=\"ha-btn-icon fas fa-download\" aria-hidden=\"true\"><\/i><\/a>\n\t\t\t\t\t\t<\/div>\n\t\t\t\t\t\t<\/div>\n\t\t\t\t<\/div>\n\t\t\t\t\t<\/div>\n\t\t<\/div>\n\t\t\t\t<div class=\"elementor-column elementor-col-33 elementor-top-column elementor-element elementor-element-4e6ef6a\" data-id=\"4e6ef6a\" data-element_type=\"column\">\n\t\t\t<div class=\"elementor-widget-wrap elementor-element-populated\">\n\t\t\t\t\t\t<div class=\"elementor-element elementor-element-c10e697 elementor-widget elementor-widget-ha-member happy-addon ha-member\" data-id=\"c10e697\" data-element_type=\"widget\" data-settings=\"{&quot;ekit_we_effect_on&quot;:&quot;none&quot;}\" data-widget_type=\"ha-member.default\">\n\t\t\t\t<div class=\"elementor-widget-container\">\n\t\t\t\t\t\n\t\t\t\t\t<figure class=\"ha-member-figure\">\n\t\t\t\t<img decoding=\"async\" width=\"1241\" height=\"1754\" src=\"https:\/\/tbr.dental\/wp-content\/uploads\/2022\/06\/CatalogueZ1_09-2019_FR_IB_Page_01.jpg\" class=\"elementor-animation-disable-animation attachment-full size-full wp-image-3488\" alt=\"\" srcset=\"https:\/\/tbr.dental\/wp-content\/uploads\/2022\/06\/CatalogueZ1_09-2019_FR_IB_Page_01.jpg 1241w, https:\/\/tbr.dental\/wp-content\/uploads\/2022\/06\/CatalogueZ1_09-2019_FR_IB_Page_01-600x848.jpg 600w, https:\/\/tbr.dental\/wp-content\/uploads\/2022\/06\/CatalogueZ1_09-2019_FR_IB_Page_01-212x300.jpg 212w, https:\/\/tbr.dental\/wp-content\/uploads\/2022\/06\/CatalogueZ1_09-2019_FR_IB_Page_01-725x1024.jpg 725w, https:\/\/tbr.dental\/wp-content\/uploads\/2022\/06\/CatalogueZ1_09-2019_FR_IB_Page_01-768x1085.jpg 768w, https:\/\/tbr.dental\/wp-content\/uploads\/2022\/06\/CatalogueZ1_09-2019_FR_IB_Page_01-1087x1536.jpg 1087w\" sizes=\"(max-width: 1241px) 100vw, 1241px\" \/>\t\t\t<\/figure>\n\t\t\n\t\t<div class=\"ha-member-body\">\n\t\t\t<h1 class=\"ha-member-name\">Cat\u00e1logo Z1: Implante Tissue Level con cuello de zirconio<\/h1>\n\t\t\t\n\t\t\t\n\t\t\t\n\t\t\t\n\t\t\t\t\t\t\t<a class=\"ha-btn ha-btn--link ha-btn--icon-after\" href=\"https:\/\/library.tbr.dental\/catalogo-implantes-Z1-Es\"><span class=\"ha-btn-text\">Consulte la documentaci\u00f3n<\/span> <i class=\"ha-btn-icon fas fa-download\" aria-hidden=\"true\"><\/i><\/a>\n\t\t\t\t\t\t<\/div>\n\t\t\t\t\t\t<\/div>\n\t\t\t\t<\/div>\n\t\t\t\t\t<\/div>\n\t\t<\/div>\n\t\t\t\t<div class=\"elementor-column elementor-col-33 elementor-top-column elementor-element elementor-element-220a365\" data-id=\"220a365\" data-element_type=\"column\">\n\t\t\t<div class=\"elementor-widget-wrap elementor-element-populated\">\n\t\t\t\t\t\t<div class=\"elementor-element elementor-element-0a33910 elementor-widget elementor-widget-ha-member happy-addon ha-member\" data-id=\"0a33910\" data-element_type=\"widget\" data-settings=\"{&quot;ekit_we_effect_on&quot;:&quot;none&quot;}\" data-widget_type=\"ha-member.default\">\n\t\t\t\t<div class=\"elementor-widget-container\">\n\t\t\t\t\t\n\t\t\t\t\t<figure class=\"ha-member-figure\">\n\t\t\t\t<img decoding=\"async\" width=\"1348\" height=\"1909\" src=\"https:\/\/tbr.dental\/wp-content\/uploads\/2022\/06\/Diptyque-Graftek-Neo_10-2019-IB_Page_01.png\" class=\"elementor-animation-disable-animation attachment-full size-full wp-image-3500\" alt=\"\" srcset=\"https:\/\/tbr.dental\/wp-content\/uploads\/2022\/06\/Diptyque-Graftek-Neo_10-2019-IB_Page_01.png 1348w, https:\/\/tbr.dental\/wp-content\/uploads\/2022\/06\/Diptyque-Graftek-Neo_10-2019-IB_Page_01-600x850.png 600w, https:\/\/tbr.dental\/wp-content\/uploads\/2022\/06\/Diptyque-Graftek-Neo_10-2019-IB_Page_01-212x300.png 212w, https:\/\/tbr.dental\/wp-content\/uploads\/2022\/06\/Diptyque-Graftek-Neo_10-2019-IB_Page_01-723x1024.png 723w, https:\/\/tbr.dental\/wp-content\/uploads\/2022\/06\/Diptyque-Graftek-Neo_10-2019-IB_Page_01-768x1088.png 768w, https:\/\/tbr.dental\/wp-content\/uploads\/2022\/06\/Diptyque-Graftek-Neo_10-2019-IB_Page_01-1085x1536.png 1085w\" sizes=\"(max-width: 1348px) 100vw, 1348px\" \/>\t\t\t<\/figure>\n\t\t\n\t\t<div class=\"ha-member-body\">\n\t\t\t<h1 class=\"ha-member-name\">Graftek Neo: sustituto \u00f3seo sint\u00e9tico<\/h1>\n\t\t\t\n\t\t\t\n\t\t\t\n\t\t\t\n\t\t\t\t\t\t\t<a class=\"ha-btn ha-btn--link ha-btn--icon-after\" href=\"https:\/\/library.tbr.dental\/catalogo-Graftek-Neo-Es\"><span class=\"ha-btn-text\">Consulte la documentaci\u00f3n<\/span> <i class=\"ha-btn-icon fas fa-download\" aria-hidden=\"true\"><\/i><\/a>\n\t\t\t\t\t\t<\/div>\n\t\t\t\t\t\t<\/div>\n\t\t\t\t<\/div>\n\t\t\t\t\t<\/div>\n\t\t<\/div>\n\t\t\t\t\t<\/div>\n\t\t<\/section>\n\t\t\t\t<section class=\"elementor-section elementor-top-section elementor-element elementor-element-2d0b6a0 elementor-section-boxed elementor-section-height-default elementor-section-height-default\" data-id=\"2d0b6a0\" data-element_type=\"section\" data-settings=\"{&quot;jet_parallax_layout_list&quot;:[],&quot;_ha_eqh_enable&quot;:false}\">\n\t\t\t\t\t\t<div class=\"elementor-container elementor-column-gap-wide\">\n\t\t\t\t\t<div class=\"elementor-column elementor-col-33 elementor-top-column elementor-element elementor-element-feed8b1\" data-id=\"feed8b1\" data-element_type=\"column\">\n\t\t\t<div class=\"elementor-widget-wrap elementor-element-populated\">\n\t\t\t\t\t\t<div class=\"elementor-element elementor-element-2f46dcc elementor-widget elementor-widget-ha-member happy-addon ha-member\" data-id=\"2f46dcc\" data-element_type=\"widget\" data-settings=\"{&quot;ekit_we_effect_on&quot;:&quot;none&quot;}\" data-widget_type=\"ha-member.default\">\n\t\t\t\t<div class=\"elementor-widget-container\">\n\t\t\t\t\t\n\t\t\t\t\t<figure class=\"ha-member-figure\">\n\t\t\t\t<img loading=\"lazy\" decoding=\"async\" width=\"512\" height=\"512\" src=\"https:\/\/tbr.dental\/wp-content\/uploads\/2022\/06\/unnamed.png\" class=\"elementor-animation-disable-animation attachment-full size-full wp-image-16122\" alt=\"\" srcset=\"https:\/\/tbr.dental\/wp-content\/uploads\/2022\/06\/unnamed.png 512w, https:\/\/tbr.dental\/wp-content\/uploads\/2022\/06\/unnamed-300x300.png 300w, https:\/\/tbr.dental\/wp-content\/uploads\/2022\/06\/unnamed-150x150.png 150w, https:\/\/tbr.dental\/wp-content\/uploads\/2022\/06\/unnamed-500x500.png 500w\" sizes=\"(max-width: 512px) 100vw, 512px\" \/>\t\t\t<\/figure>\n\t\t\n\t\t<div class=\"ha-member-body\">\n\t\t\t<h1 class=\"ha-member-name\">Folleto Practice Booster: acelere el desarrollo de su consulta<\/h1>\n\t\t\t\n\t\t\t\n\t\t\t\n\t\t\t\n\t\t\t\t\t\t\t<a class=\"ha-btn ha-btn--link ha-btn--icon-after\" href=\"https:\/\/tbr.dental\/wp-content\/uploads\/2022\/11\/Documentacion-paciente-Z1_compressed.pdf\"><span class=\"ha-btn-text\">Consulte la documentaci\u00f3n<\/span> <i class=\"ha-btn-icon fas fa-download\" aria-hidden=\"true\"><\/i><\/a>\n\t\t\t\t\t\t<\/div>\n\t\t\t\t\t\t<\/div>\n\t\t\t\t<\/div>\n\t\t\t\t\t<\/div>\n\t\t<\/div>\n\t\t\t\t<div class=\"elementor-column elementor-col-33 elementor-top-column elementor-element elementor-element-73b9ede\" data-id=\"73b9ede\" data-element_type=\"column\">\n\t\t\t<div class=\"elementor-widget-wrap\">\n\t\t\t\t\t\t\t<\/div>\n\t\t<\/div>\n\t\t\t\t<div class=\"elementor-column elementor-col-33 elementor-top-column elementor-element elementor-element-c2ecf34\" data-id=\"c2ecf34\" data-element_type=\"column\">\n\t\t\t<div class=\"elementor-widget-wrap\">\n\t\t\t\t\t\t\t<\/div>\n\t\t<\/div>\n\t\t\t\t\t<\/div>\n\t\t<\/section>\n\t\t\t\t<\/div>\n\t\t\t\t\t\t\t\t\t<\/div>\n\t\t\t\t\t\t\t\t\t\t\t\t\t\t\t\t<\/div>\n\t\t\t<\/div>\n\t\t<\/div>\n\t\t\t\t\t\t<\/div>\n\t\t\t\t<\/div>\n\t\t\t\t\t<\/div>\n\t\t<\/div>\n\t\t\t\t\t<\/div>\n\t\t<\/section>\n\t\t\t\t\t<\/div>\n\t\t<\/div>\n\t\t\t\t\t<\/div>\n\t\t<\/section>\n\t\t\t\t<\/div>\n\t\t","protected":false},"excerpt":{"rendered":"<p>Cat\u00e1logos Todo Livre blanc Voir la documentation Catalogue BL: implants Bone Level Voir la documentation Catalogue Z1: implant Tissue Level avec col Zircone Voir la documentation Index: workflow digital Chairside Voir la documentation Scanner intra-oral Heron IOS Voir la documentation PeriOptix : loupes &amp; lumi\u00e8res Voir la documentation NVPRO3: laser Diode ultra-l\u00e9ger Voir la documentation [&hellip;]<\/p>\n","protected":false},"author":1,"featured_media":0,"parent":0,"menu_order":0,"comment_status":"closed","ping_status":"closed","template":"elementor_header_footer","meta":{"_acf_changed":false,"footnotes":""},"class_list":["post-16746","page","type-page","status-publish","hentry"],"acf":[],"yoast_head":"<!-- This site is optimized with the Yoast SEO plugin v26.5 - https:\/\/yoast.com\/wordpress\/plugins\/seo\/ -->\n<title>Cat\u00e1logos - TBR Dental<\/title>\n<meta name=\"description\" content=\"Centro de descargas para su documentaci\u00f3n digital: implantes, est\u00e9tica, digital, equipos, etc.\" \/>\n<meta name=\"robots\" content=\"index, follow, max-snippet:-1, max-image-preview:large, max-video-preview:-1\" \/>\n<link rel=\"canonical\" href=\"https:\/\/tbr.dental\/es\/catalogos\/\" \/>\n<meta property=\"og:locale\" content=\"es_ES\" \/>\n<meta property=\"og:type\" content=\"article\" \/>\n<meta property=\"og:title\" content=\"Cat\u00e1logos - TBR Dental\" \/>\n<meta property=\"og:description\" content=\"Centro de descargas para su documentaci\u00f3n digital: implantes, est\u00e9tica, digital, equipos, etc.\" \/>\n<meta property=\"og:url\" content=\"https:\/\/tbr.dental\/es\/catalogos\/\" \/>\n<meta property=\"og:site_name\" content=\"TBR Dental\" \/>\n<meta property=\"article:modified_time\" content=\"2024-03-05T14:52:50+00:00\" \/>\n<meta property=\"og:image\" content=\"https:\/\/tbr.dental\/wp-content\/uploads\/2022\/06\/couverture-livre-blanc.jpg\" \/>\n<meta name=\"twitter:card\" content=\"summary_large_image\" \/>\n<meta name=\"twitter:label1\" content=\"Tiempo de lectura\" \/>\n\t<meta name=\"twitter:data1\" content=\"5 minutos\" \/>\n<script type=\"application\/ld+json\" class=\"yoast-schema-graph\">{\"@context\":\"https:\/\/schema.org\",\"@graph\":[{\"@type\":\"WebPage\",\"@id\":\"https:\/\/tbr.dental\/es\/catalogos\/\",\"url\":\"https:\/\/tbr.dental\/es\/catalogos\/\",\"name\":\"Cat\u00e1logos - TBR Dental\",\"isPartOf\":{\"@id\":\"http:\/\/tbr.dental\/en\/#website\"},\"primaryImageOfPage\":{\"@id\":\"https:\/\/tbr.dental\/es\/catalogos\/#primaryimage\"},\"image\":{\"@id\":\"https:\/\/tbr.dental\/es\/catalogos\/#primaryimage\"},\"thumbnailUrl\":\"https:\/\/tbr.dental\/wp-content\/uploads\/2022\/06\/couverture-livre-blanc.jpg\",\"datePublished\":\"2022-11-14T16:03:57+00:00\",\"dateModified\":\"2024-03-05T14:52:50+00:00\",\"description\":\"Centro de descargas para su documentaci\u00f3n digital: implantes, est\u00e9tica, digital, equipos, etc.\",\"breadcrumb\":{\"@id\":\"https:\/\/tbr.dental\/es\/catalogos\/#breadcrumb\"},\"inLanguage\":\"es\",\"potentialAction\":[{\"@type\":\"ReadAction\",\"target\":[\"https:\/\/tbr.dental\/es\/catalogos\/\"]}]},{\"@type\":\"ImageObject\",\"inLanguage\":\"es\",\"@id\":\"https:\/\/tbr.dental\/es\/catalogos\/#primaryimage\",\"url\":\"https:\/\/tbr.dental\/wp-content\/uploads\/2022\/06\/couverture-livre-blanc.jpg\",\"contentUrl\":\"https:\/\/tbr.dental\/wp-content\/uploads\/2022\/06\/couverture-livre-blanc.jpg\"},{\"@type\":\"BreadcrumbList\",\"@id\":\"https:\/\/tbr.dental\/es\/catalogos\/#breadcrumb\",\"itemListElement\":[{\"@type\":\"ListItem\",\"position\":1,\"name\":\"Accueil\",\"item\":\"http:\/\/tbr.dental\/\"},{\"@type\":\"ListItem\",\"position\":2,\"name\":\"Cat\u00e1logos\"}]},{\"@type\":\"WebSite\",\"@id\":\"http:\/\/tbr.dental\/en\/#website\",\"url\":\"http:\/\/tbr.dental\/en\/\",\"name\":\"TBR Dental\",\"description\":\"\",\"publisher\":{\"@id\":\"http:\/\/tbr.dental\/en\/#organization\"},\"potentialAction\":[{\"@type\":\"SearchAction\",\"target\":{\"@type\":\"EntryPoint\",\"urlTemplate\":\"http:\/\/tbr.dental\/en\/?s={search_term_string}\"},\"query-input\":{\"@type\":\"PropertyValueSpecification\",\"valueRequired\":true,\"valueName\":\"search_term_string\"}}],\"inLanguage\":\"es\"},{\"@type\":\"Organization\",\"@id\":\"http:\/\/tbr.dental\/en\/#organization\",\"name\":\"TBR Dental\",\"url\":\"http:\/\/tbr.dental\/en\/\",\"logo\":{\"@type\":\"ImageObject\",\"inLanguage\":\"es\",\"@id\":\"http:\/\/tbr.dental\/en\/#\/schema\/logo\/image\/\",\"url\":\"https:\/\/tbr.dental\/wp-content\/uploads\/2023\/01\/Logo-TBR-2018-black.png\",\"contentUrl\":\"https:\/\/tbr.dental\/wp-content\/uploads\/2023\/01\/Logo-TBR-2018-black.png\",\"width\":2107,\"height\":457,\"caption\":\"TBR Dental\"},\"image\":{\"@id\":\"http:\/\/tbr.dental\/en\/#\/schema\/logo\/image\/\"}}]}<\/script>\n<!-- \/ Yoast SEO plugin. -->","yoast_head_json":{"title":"Cat\u00e1logos - TBR Dental","description":"Centro de descargas para su documentaci\u00f3n digital: implantes, est\u00e9tica, digital, equipos, etc.","robots":{"index":"index","follow":"follow","max-snippet":"max-snippet:-1","max-image-preview":"max-image-preview:large","max-video-preview":"max-video-preview:-1"},"canonical":"https:\/\/tbr.dental\/es\/catalogos\/","og_locale":"es_ES","og_type":"article","og_title":"Cat\u00e1logos - TBR Dental","og_description":"Centro de descargas para su documentaci\u00f3n digital: implantes, est\u00e9tica, digital, equipos, etc.","og_url":"https:\/\/tbr.dental\/es\/catalogos\/","og_site_name":"TBR Dental","article_modified_time":"2024-03-05T14:52:50+00:00","og_image":[{"url":"https:\/\/tbr.dental\/wp-content\/uploads\/2022\/06\/couverture-livre-blanc.jpg","type":"","width":"","height":""}],"twitter_card":"summary_large_image","twitter_misc":{"Tiempo de lectura":"5 minutos"},"schema":{"@context":"https:\/\/schema.org","@graph":[{"@type":"WebPage","@id":"https:\/\/tbr.dental\/es\/catalogos\/","url":"https:\/\/tbr.dental\/es\/catalogos\/","name":"Cat\u00e1logos - TBR Dental","isPartOf":{"@id":"http:\/\/tbr.dental\/en\/#website"},"primaryImageOfPage":{"@id":"https:\/\/tbr.dental\/es\/catalogos\/#primaryimage"},"image":{"@id":"https:\/\/tbr.dental\/es\/catalogos\/#primaryimage"},"thumbnailUrl":"https:\/\/tbr.dental\/wp-content\/uploads\/2022\/06\/couverture-livre-blanc.jpg","datePublished":"2022-11-14T16:03:57+00:00","dateModified":"2024-03-05T14:52:50+00:00","description":"Centro de descargas para su documentaci\u00f3n digital: implantes, est\u00e9tica, digital, equipos, etc.","breadcrumb":{"@id":"https:\/\/tbr.dental\/es\/catalogos\/#breadcrumb"},"inLanguage":"es","potentialAction":[{"@type":"ReadAction","target":["https:\/\/tbr.dental\/es\/catalogos\/"]}]},{"@type":"ImageObject","inLanguage":"es","@id":"https:\/\/tbr.dental\/es\/catalogos\/#primaryimage","url":"https:\/\/tbr.dental\/wp-content\/uploads\/2022\/06\/couverture-livre-blanc.jpg","contentUrl":"https:\/\/tbr.dental\/wp-content\/uploads\/2022\/06\/couverture-livre-blanc.jpg"},{"@type":"BreadcrumbList","@id":"https:\/\/tbr.dental\/es\/catalogos\/#breadcrumb","itemListElement":[{"@type":"ListItem","position":1,"name":"Accueil","item":"http:\/\/tbr.dental\/"},{"@type":"ListItem","position":2,"name":"Cat\u00e1logos"}]},{"@type":"WebSite","@id":"http:\/\/tbr.dental\/en\/#website","url":"http:\/\/tbr.dental\/en\/","name":"TBR Dental","description":"","publisher":{"@id":"http:\/\/tbr.dental\/en\/#organization"},"potentialAction":[{"@type":"SearchAction","target":{"@type":"EntryPoint","urlTemplate":"http:\/\/tbr.dental\/en\/?s={search_term_string}"},"query-input":{"@type":"PropertyValueSpecification","valueRequired":true,"valueName":"search_term_string"}}],"inLanguage":"es"},{"@type":"Organization","@id":"http:\/\/tbr.dental\/en\/#organization","name":"TBR Dental","url":"http:\/\/tbr.dental\/en\/","logo":{"@type":"ImageObject","inLanguage":"es","@id":"http:\/\/tbr.dental\/en\/#\/schema\/logo\/image\/","url":"https:\/\/tbr.dental\/wp-content\/uploads\/2023\/01\/Logo-TBR-2018-black.png","contentUrl":"https:\/\/tbr.dental\/wp-content\/uploads\/2023\/01\/Logo-TBR-2018-black.png","width":2107,"height":457,"caption":"TBR Dental"},"image":{"@id":"http:\/\/tbr.dental\/en\/#\/schema\/logo\/image\/"}}]}},"_links":{"self":[{"href":"https:\/\/tbr.dental\/es\/wp-json\/wp\/v2\/pages\/16746","targetHints":{"allow":["GET"]}}],"collection":[{"href":"https:\/\/tbr.dental\/es\/wp-json\/wp\/v2\/pages"}],"about":[{"href":"https:\/\/tbr.dental\/es\/wp-json\/wp\/v2\/types\/page"}],"author":[{"embeddable":true,"href":"https:\/\/tbr.dental\/es\/wp-json\/wp\/v2\/users\/1"}],"replies":[{"embeddable":true,"href":"https:\/\/tbr.dental\/es\/wp-json\/wp\/v2\/comments?post=16746"}],"version-history":[{"count":0,"href":"https:\/\/tbr.dental\/es\/wp-json\/wp\/v2\/pages\/16746\/revisions"}],"wp:attachment":[{"href":"https:\/\/tbr.dental\/es\/wp-json\/wp\/v2\/media?parent=16746"}],"curies":[{"name":"wp","href":"https:\/\/api.w.org\/{rel}","templated":true}]}}